{"id":3390,"date":"2024-08-22T03:39:42","date_gmt":"2024-08-22T03:39:42","guid":{"rendered":"https:\/\/www.kornbluthginsberg.com\/?page_id=3390"},"modified":"2026-04-14T23:15:49","modified_gmt":"2026-04-14T23:15:49","slug":"muerte-por-negligencia","status":"publish","type":"page","link":"https:\/\/www.kornbluthginsberg.com\/es\/muerte-por-negligencia\/","title":{"rendered":"Muerte por Negligencia"},"content":{"rendered":"<p>\u00bfRecientemente perdi\u00f3 a un ser querido en Durham, NC, debido a las acciones de otra persona? Pocas experiencias son m\u00e1s dolorosas o angustiantes, y es normal sentirse abrumado e inseguro sobre qu\u00e9 hacer a continuaci\u00f3n. Afortunadamente, no tiene que dar ese paso solo. El compasivo equipo de <a href=\"https:\/\/www.kornbluthginsberg.com\/es\/acerca-de\/\">Kornbluth Ginsberg Law Group, P.A.<\/a>, est\u00e1 aqu\u00ed para guiarlo.<\/p>\n<p>Nuestros abogados de muerte injusta en North Carolina comprenden el dolor de perder a alguien inesperadamente y desean ayudarlo a obtener la compensaci\u00f3n a la que podr\u00eda tener derecho seg\u00fan la ley. Estamos preparados para manejar su reclamo por muerte injusta con compasi\u00f3n y respeto, y honrar la confianza que ha depositado en nosotros luchando arduamente por la justicia que usted y su familia merecen.<\/p>\n<p>Lo invitamos a <a href=\"https:\/\/www.kornbluthginsberg.com\/contact-us\/\">ponerse en contacto<\/a> con nuestra firma de abogados especializado en muerte injusta hoy mismo para una consulta inicial gratuita y sin compromiso, de modo que pueda conocer m\u00e1s sobre sus opciones.<\/p>\n<p>Nuestra oficina est\u00e1 convenientemente ubicada en <strong>3400 Croasdaile Drive, Suite 300, Durham, NC<\/strong>. Estamos listos para ayudarle a comprender sus opciones legales.<\/p>\n<p style=\"text-align: center;\"><a href=\"https:\/\/www.google.com\/maps\/dir\/\/Kornbluth+Ginsberg+Law+Group,+P.A.,+3400+Croasdaile+Dr+STE+300,+Durham,+NC+27705\/@36.0265831,-78.9509855,18z\/data=!4m17!1m7!3m6!1s0x89ace6f650868921:0x8f68d512f8a0d623!2sKornbluth+Ginsberg+Law+Group,+P.A.!8m2!3d36.0266048!4d-78.9520691!16s%2Fg%2F11g815t3y5!4m8!1m0!1m5!1m1!1s0x89ace6f650868921:0x8f68d512f8a0d623!2m2!1d-78.9520691!2d36.0266048!3e0?hl=en&amp;entry=ttu&amp;g_ep=EgoyMDI2MDEyNy4wIKXMDSoASAFQAw%3D%3D\" target=\"_blank\" rel=\"noopener\"><b>Conozca c\u00f3mo llegar a nuestro bufete de abogados de muerte por negligencia<\/b><\/a><\/p>\n<h2>\u00bfC\u00f3mo puede ayudarme un abogado de muerte injusta en Durham, NC?<\/h2>\n<p>Si ha perdido recientemente a un ser querido, un abogado experimentado en casos de muerte injusta en Durham puede ayudarle a buscar justicia y responsabilidad mediante:<\/p>\n<ul>\n<li>Investigar los detalles del incidente de muerte injusta.<\/li>\n<li>Reunir pruebas para respaldar su reclamo.<\/li>\n<li>Entrevistar a testigos que estuvieron presentes en el momento del incidente.<\/li>\n<li>Consultar con expertos para fortalecer su caso.<\/li>\n<li>Calcular la extensi\u00f3n total de la compensaci\u00f3n a la que tiene derecho.<\/li>\n<li>Preparar y presentar todos los documentos necesarios a tiempo.<\/li>\n<li>Negociar con las compa\u00f1\u00edas de seguros en su nombre.<\/li>\n<li>Representarlo en audiencias judiciales y otros procedimientos legales.<\/li>\n<li>Abordar cualquier desaf\u00edo u objeci\u00f3n de la parte contraria.<\/li>\n<li>Asegurar la m\u00e1xima compensaci\u00f3n disponible por su p\u00e9rdida.<\/li>\n<li>No cobrar honorarios a menos que se recupere la compensaci\u00f3n.<\/li>\n<\/ul>\n<h2>\u00bfQu\u00e9 compensaci\u00f3n se puede obtener en un reclamo por muerte injusta?<\/h2>\n<p>Si alguien muere debido a un acto indebido de otra persona en North Carolina, sus seres queridos sobrevivientes pueden buscar compensaci\u00f3n por varios tipos de p\u00e9rdidas mediante un reclamo por muerte injusta.<\/p>\n<h3>Seg\u00fan el <a href=\"https:\/\/www.ncleg.net\/enactedlegislation\/statutes\/html\/bysection\/chapter_28a\/gs_28a-18-2.html#:~:text=(b)%20Damages%20recoverable,jury%20so%20finds.\" target=\"_blank\" rel=\"noopener\">estatuto de muerte injusta de North Carolina<\/a>, esto podr\u00eda incluir compensaci\u00f3n por:<\/h3>\n<ul>\n<li><strong>Costos m\u00e9dicos:<\/strong> las familias pueden recuperar la compensaci\u00f3n por los costos de atenci\u00f3n m\u00e9dica, tratamientos y hospitalizaciones que el fallecido requiri\u00f3 como resultado de las lesiones que llevaron a su muerte.<\/li>\n<li><strong>Dolor y sufrimiento:<\/strong> tambi\u00e9n se puede obtener compensaci\u00f3n por el dolor y sufrimiento f\u00edsico y emocional que el fallecido soport\u00f3 antes de su muerte.<\/li>\n<li><strong>Gastos funerarios:<\/strong> los sobrevivientes pueden reclamar una compensaci\u00f3n por los gastos razonables asociados con los servicios funerarios y de entierro del fallecido, que a menudo son significativos e imprevistos<\/li>\n<li><strong>Valor monetario del fallecido:<\/strong> esta compensaci\u00f3n aborda el impacto financiero de la muerte del fallecido en su familia, incluyendo el ingreso neto esperado que el fallecido habr\u00eda ganado si hubiera sobrevivido. Tambi\u00e9n incluye el valor subjetivo de los servicios, protecci\u00f3n y cuidado, y la compa\u00f1\u00eda, consuelo y orientaci\u00f3n que proporcionaba a sus seres queridos.<\/li>\n<\/ul>\n<p>Adem\u00e1s de los tipos de compensaci\u00f3n mencionados, los sobrevivientes pueden recuperar otros dos tipos de da\u00f1os (indemnizaciones monetarias) en los reclamos por muerte injusta en North Carolina.<\/p>\n<h3>Estos incluyen:<\/h3>\n<ul>\n<li><strong>Da\u00f1os punitivos:<\/strong> en casos donde el acto indebido fue cometido con malicia o con un desprecio voluntario o deliberado por la seguridad, el tribunal puede otorgar da\u00f1os punitivos. El prop\u00f3sito de los da\u00f1os punitivos es castigar al infractor por sus acciones y actuar como un disuasivo para prevenir conductas similares en el futuro.<\/li>\n<li><strong>Da\u00f1os nominales:<\/strong> los da\u00f1os nominales son una peque\u00f1a cantidad de dinero otorgada en una demanda cuando se ha producido un agravio legal, aunque no haya un da\u00f1o sustancial o p\u00e9rdida real que compensar. Esencialmente, los da\u00f1os nominales tienen un prop\u00f3sito simb\u00f3lico. Buscan reconocer que el demandado es legalmente responsable de violar los derechos del reclamante u otro agravio, incluso si no result\u00f3 en una p\u00e9rdida financiera significativa.<\/li>\n<\/ul>\n<h2>\u00bfC\u00f3mo se pagan los acuerdos de muerte injusta?<\/h2>\n<p>En North Carolina, el proceso de pago de la compensaci\u00f3n por muerte injusta sigue ciertas leyes estatales. Espec\u00edficamente, si un reclamo por muerte injusta resulta en un acuerdo, <a href=\"https:\/\/www.ncleg.net\/enactedlegislation\/statutes\/html\/bysection\/chapter_28a\/gs_28a-18-2.html#:~:text=The%20personal%20representative%20or%20collector%20of%20the%20decedent%20who,disposed%20of%20as%20provided%20in%20the%20Intestate%20Succession%20Act.\" target=\"_blank\" rel=\"noopener\">la ley<\/a> determina c\u00f3mo distribuir los fondos de acuerdo con las reglas de <a href=\"https:\/\/www.ncleg.net\/enactedlegislation\/statutes\/html\/bysection\/chapter_29\/gs_29-14.html\" target=\"_blank\" rel=\"noopener\">sucesi\u00f3n intestada<\/a>, incluso si el fallecido ten\u00eda un testamento. Esto significa que el dinero se destina a los familiares seg\u00fan su relaci\u00f3n legal con el fallecido, siguiendo una prioridad establecida.<\/p>\n<h3>As\u00ed es como suele funcionar:<\/h3>\n<ul>\n<li><strong>Primero, la familia inmediata:<\/strong> el c\u00f3nyuge y los hijos del fallecido son los principales beneficiarios. Si hay un c\u00f3nyuge sobreviviente pero no hay hijos, el c\u00f3nyuge recibe todo. Si hay hijos sobrevivientes pero no hay c\u00f3nyuge, todo se divide entre los hijos. Si hay un c\u00f3nyuge sobreviviente e hijos, el c\u00f3nyuge recibe una parte del acuerdo y los hijos dividen el resto.<\/li>\n<li><strong>Padres y hermanos:<\/strong> si el fallecido no ten\u00eda c\u00f3nyuge ni hijos, el acuerdo podr\u00eda ir a sus padres o hermanos, dependiendo de qui\u00e9n est\u00e9 vivo y su relaci\u00f3n con el fallecido.<\/li>\n<li><strong>Familia extendida:<\/strong> en casos donde no hay miembros de la familia inmediata, el acuerdo podr\u00eda distribuirse entre parientes m\u00e1s lejanos, como abuelos, t\u00edos, t\u00edas o primos.<\/li>\n<\/ul>\n<p>Es importante destacar que antes de la distribuci\u00f3n de los fondos del acuerdo por muerte injusta a la familia, deben realizarse varios pagos espec\u00edficos:<\/p>\n<ol>\n<li><strong>El representante personal de la herencia del fallecido debe reembolsar a la herencia por cualquier gasto de litigio relacionado con el reclamo por muerte injusta.<\/strong><\/li>\n<li><strong>Una parte de los fondos recuperados debe destinarse a los honorarios de los abogados.<\/strong><\/li>\n<li><strong>Los fondos restantes se distribuyen a los beneficiarios de muerte injusta seg\u00fan las leyes de sucesi\u00f3n intestada de North Carolina.<\/strong><\/li>\n<\/ol>\n<p>La ley generalmente proh\u00edbe que los acreedores exijan los fondos del acuerdo por muerte injusta para pagar las deudas u otras obligaciones financieras del fallecido. Las \u00fanicas excepciones incluyen los gastos de entierro y los gastos finales de hospital y m\u00e9dicos relacionados con la lesi\u00f3n fatal del fallecido. Sin embargo, estos pagos est\u00e1n limitados a $4,500 y no pueden exceder el 50 por ciento del acuerdo despu\u00e9s de deducir los honorarios de los abogados.<\/p>\n","protected":false},"excerpt":{"rendered":"<p>\u00bfRecientemente perdi\u00f3 a un ser querido en Durham, NC, debido a las acciones de otra persona? Pocas experiencias son m\u00e1s dolorosas o angustiantes, y es normal sentirse abrumado e inseguro sobre qu\u00e9 hacer a continuaci\u00f3n. Afortunadamente, no tiene que dar ese paso solo. El compasivo equipo de Kornbluth Ginsberg Law Group, P.A., est\u00e1 aqu\u00ed para [&hellip;]<\/p>\n","protected":false},"author":8,"featured_media":6424,"parent":0,"menu_order":84,"comment_status":"closed","ping_status":"closed","template":"practice-area.php","meta":{"_acf_changed":false,"footnotes":""},"class_list":["post-3390","page","type-page","status-publish","has-post-thumbnail","hentry"],"acf":[],"yoast_head":"<!-- This site is optimized with the Yoast SEO plugin v27.5 - https:\/\/yoast.com\/product\/yoast-seo-wordpress\/ -->\n<title>Durham Abogado de Muerte por Negligencia<\/title>\n<meta name=\"description\" content=\"Abogado de muerte por negligencia en Durham. Kornbluth Ginsberg lucha por justicia y compensaci\u00f3n. Consulta gratis. Llame hoy.\" \/>\n<meta name=\"robots\" content=\"index, follow, max-snippet:-1, max-image-preview:large, max-video-preview:-1\" \/>\n<link rel=\"canonical\" href=\"https:\/\/www.kornbluthginsberg.com\/es\/muerte-por-negligencia\/\" \/>\n<meta property=\"og:locale\" content=\"es_ES\" \/>\n<meta property=\"og:type\" content=\"article\" \/>\n<meta property=\"og:title\" content=\"Durham Abogado de Muerte por Negligencia\" \/>\n<meta property=\"og:description\" content=\"Abogado de muerte por negligencia en Durham. Kornbluth Ginsberg lucha por justicia y compensaci\u00f3n. Consulta gratis. Llame hoy.\" \/>\n<meta property=\"og:url\" content=\"https:\/\/www.kornbluthginsberg.com\/es\/muerte-por-negligencia\/\" \/>\n<meta property=\"og:site_name\" content=\"Kornbluth Ginsberg Law Group, P.A.\" \/>\n<meta property=\"article:publisher\" content=\"https:\/\/www.facebook.com\/p\/Kornbluth-Ginsberg-Law-Group-PA-100063533381851\/\" \/>\n<meta property=\"article:modified_time\" content=\"2026-04-14T23:15:49+00:00\" \/>\n<meta property=\"og:image\" content=\"https:\/\/www.kornbluthginsberg.com\/wp-content\/uploads\/2024\/08\/muerte-por-negligencia.jpg\" \/>\n\t<meta property=\"og:image:width\" content=\"930\" \/>\n\t<meta property=\"og:image:height\" content=\"360\" \/>\n\t<meta property=\"og:image:type\" content=\"image\/jpeg\" \/>\n<meta name=\"twitter:card\" content=\"summary_large_image\" \/>\n<meta name=\"twitter:site\" content=\"@kornbluthginsb1\" \/>\n<meta name=\"twitter:label1\" content=\"Tiempo de lectura\" \/>\n\t<meta name=\"twitter:data1\" content=\"5 minutos\" \/>\n<!-- \/ Yoast SEO plugin. -->","yoast_head_json":{"title":"Durham Abogado de Muerte por Negligencia","description":"Abogado de muerte por negligencia en Durham. Kornbluth Ginsberg lucha por justicia y compensaci\u00f3n. Consulta gratis. Llame hoy.","robots":{"index":"index","follow":"follow","max-snippet":"max-snippet:-1","max-image-preview":"max-image-preview:large","max-video-preview":"max-video-preview:-1"},"canonical":"https:\/\/www.kornbluthginsberg.com\/es\/muerte-por-negligencia\/","og_locale":"es_ES","og_type":"article","og_title":"Durham Abogado de Muerte por Negligencia","og_description":"Abogado de muerte por negligencia en Durham. Kornbluth Ginsberg lucha por justicia y compensaci\u00f3n. Consulta gratis. Llame hoy.","og_url":"https:\/\/www.kornbluthginsberg.com\/es\/muerte-por-negligencia\/","og_site_name":"Kornbluth Ginsberg Law Group, P.A.","article_publisher":"https:\/\/www.facebook.com\/p\/Kornbluth-Ginsberg-Law-Group-PA-100063533381851\/","article_modified_time":"2026-04-14T23:15:49+00:00","og_image":[{"width":930,"height":360,"url":"https:\/\/www.kornbluthginsberg.com\/wp-content\/uploads\/2024\/08\/muerte-por-negligencia.jpg","type":"image\/jpeg"}],"twitter_card":"summary_large_image","twitter_site":"@kornbluthginsb1","twitter_misc":{"Tiempo de lectura":"5 minutos"},"schema":{"@context":"https:\/\/schema.org","@graph":[{"@type":"WebPage","@id":"https:\/\/www.kornbluthginsberg.com\/es\/muerte-por-negligencia\/","url":"https:\/\/www.kornbluthginsberg.com\/es\/muerte-por-negligencia\/","name":"Durham Abogado de Muerte por Negligencia","isPartOf":{"@id":"https:\/\/www.kornbluthginsberg.com\/es\/#website"},"primaryImageOfPage":{"@id":"https:\/\/www.kornbluthginsberg.com\/es\/muerte-por-negligencia\/#primaryimage"},"image":{"@id":"https:\/\/www.kornbluthginsberg.com\/es\/muerte-por-negligencia\/#primaryimage"},"thumbnailUrl":"https:\/\/www.kornbluthginsberg.com\/wp-content\/uploads\/2024\/08\/muerte-por-negligencia.jpg","datePublished":"2024-08-22T03:39:42+00:00","dateModified":"2026-04-14T23:15:49+00:00","description":"Abogado de muerte por negligencia en Durham. Kornbluth Ginsberg lucha por justicia y compensaci\u00f3n. Consulta gratis. Llame hoy.","breadcrumb":{"@id":"https:\/\/www.kornbluthginsberg.com\/es\/muerte-por-negligencia\/#breadcrumb"},"inLanguage":"es","potentialAction":[{"@type":"ReadAction","target":["https:\/\/www.kornbluthginsberg.com\/es\/muerte-por-negligencia\/"]}]},{"@type":"ImageObject","inLanguage":"es","@id":"https:\/\/www.kornbluthginsberg.com\/es\/muerte-por-negligencia\/#primaryimage","url":"https:\/\/www.kornbluthginsberg.com\/wp-content\/uploads\/2024\/08\/muerte-por-negligencia.jpg","contentUrl":"https:\/\/www.kornbluthginsberg.com\/wp-content\/uploads\/2024\/08\/muerte-por-negligencia.jpg","width":930,"height":360},{"@type":"BreadcrumbList","@id":"https:\/\/www.kornbluthginsberg.com\/es\/muerte-por-negligencia\/#breadcrumb","itemListElement":[{"@type":"ListItem","position":1,"name":"Inicio","item":"https:\/\/www.kornbluthginsberg.com\/es\/"},{"@type":"ListItem","position":2,"name":"Muerte por Negligencia"}]},{"@type":"WebSite","@id":"https:\/\/www.kornbluthginsberg.com\/es\/#website","url":"https:\/\/www.kornbluthginsberg.com\/es\/","name":"Kornbluth Ginsberg Law Group, P.A.","description":"","publisher":{"@id":"https:\/\/www.kornbluthginsberg.com\/es\/#organization"},"potentialAction":[{"@type":"SearchAction","target":{"@type":"EntryPoint","urlTemplate":"https:\/\/www.kornbluthginsberg.com\/es\/?s={search_term_string}"},"query-input":{"@type":"PropertyValueSpecification","valueRequired":true,"valueName":"search_term_string"}}],"inLanguage":"es"},{"@type":"Organization","@id":"https:\/\/www.kornbluthginsberg.com\/es\/#organization","name":"Kornbluth Ginsberg Law Group, P.A.","url":"https:\/\/www.kornbluthginsberg.com\/es\/","logo":{"@type":"ImageObject","inLanguage":"es","@id":"https:\/\/www.kornbluthginsberg.com\/es\/#\/schema\/logo\/image\/","url":"https:\/\/www.kornbluthginsberg.com\/wp-content\/uploads\/2024\/08\/logo-footer.svg","contentUrl":"https:\/\/www.kornbluthginsberg.com\/wp-content\/uploads\/2024\/08\/logo-footer.svg","width":1,"height":1,"caption":"Kornbluth Ginsberg Law Group, P.A."},"image":{"@id":"https:\/\/www.kornbluthginsberg.com\/es\/#\/schema\/logo\/image\/"},"sameAs":["https:\/\/www.facebook.com\/p\/Kornbluth-Ginsberg-Law-Group-PA-100063533381851\/","https:\/\/x.com\/kornbluthginsb1","https:\/\/www.linkedin.com\/company\/kornbluth-ginsberg-law-group-p-a\/about\/","https:\/\/www.yelp.com\/biz\/kornbluth-ginsberg-law-group-p-a-durham-3"]}]}},"_links":{"self":[{"href":"https:\/\/www.kornbluthginsberg.com\/es\/wp-json\/wp\/v2\/pages\/3390","targetHints":{"allow":["GET"]}}],"collection":[{"href":"https:\/\/www.kornbluthginsberg.com\/es\/wp-json\/wp\/v2\/pages"}],"about":[{"href":"https:\/\/www.kornbluthginsberg.com\/es\/wp-json\/wp\/v2\/types\/page"}],"author":[{"embeddable":true,"href":"https:\/\/www.kornbluthginsberg.com\/es\/wp-json\/wp\/v2\/users\/8"}],"replies":[{"embeddable":true,"href":"https:\/\/www.kornbluthginsberg.com\/es\/wp-json\/wp\/v2\/comments?post=3390"}],"version-history":[{"count":0,"href":"https:\/\/www.kornbluthginsberg.com\/es\/wp-json\/wp\/v2\/pages\/3390\/revisions"}],"wp:featuredmedia":[{"embeddable":true,"href":"https:\/\/www.kornbluthginsberg.com\/es\/wp-json\/wp\/v2\/media\/6424"}],"wp:attachment":[{"href":"https:\/\/www.kornbluthginsberg.com\/es\/wp-json\/wp\/v2\/media?parent=3390"}],"curies":[{"name":"wp","href":"https:\/\/api.w.org\/{rel}","templated":true}]}}