{"id":3360,"date":"2024-08-22T03:37:16","date_gmt":"2024-08-22T03:37:16","guid":{"rendered":"https:\/\/www.kornbluthginsberg.com\/?page_id=3360"},"modified":"2026-04-14T23:06:28","modified_gmt":"2026-04-14T23:06:28","slug":"accidentes-de-camiones","status":"publish","type":"page","link":"https:\/\/www.kornbluthginsberg.com\/es\/accidentes-de-camiones\/","title":{"rendered":"Durham Abogado de Accidentes de Camiones"},"content":{"rendered":"<p>\u00bfSufri\u00f3 un accidente de cami\u00f3n recientemente en Durham, Carolina del Norte? Si es as\u00ed, es posible que est\u00e9 lidiando con lesiones dolorosas y una abrumadora presi\u00f3n financiera debido a facturas m\u00e9dicas inesperadas y la p\u00e9rdida de ingresos. Tanto el conductor del cami\u00f3n como la empresa de transporte responsable del accidente podr\u00edan estar obligados a compensarlo econ\u00f3micamente para cubrir estas p\u00e9rdidas, pero puede resultar dif\u00edcil recuperar lo que le corresponde sin un abogado experimentado.<\/p>\n<p>En <a href=\"https:\/\/www.kornbluthginsberg.com\/es\/acerca-de\/\">Kornbluth Ginsberg Law Group, P.A.<\/a>, nuestros abogados de accidentes de camiones en Durham est\u00e1n aqu\u00ed para asistirle con todas sus necesidades legales durante este momento dif\u00edcil. Perm\u00edtanos encargarnos de los detalles de su reclamo por lesiones mientras usted se enfoca en su recuperaci\u00f3n. Trabajaremos arduamente para asegurar la compensaci\u00f3n que necesita y responsabilizar a las partes culpables.<\/p>\n<p>No espere para obtener la ayuda legal que necesita. <a href=\"https:\/\/www.kornbluthginsberg.com\/contact-us\/\">Cont\u00e1ctenos<\/a> hoy para programar una consulta gratuita y sin compromiso con un abogado de accidentes de camiones en Durham. Nuestra oficina est\u00e1 convenientemente ubicada en <strong>3400 Croasdaile Drive, Suite 300, Durham, NC<\/strong>. En Kornbluth Ginsberg Law Group, estamos listos para ayudarle a comprender sus opciones legales.<\/p>\n<p style=\"text-align: center;\"><a href=\"https:\/\/www.google.com\/maps\/dir\/\/Kornbluth+Ginsberg+Law+Group,+P.A.,+3400+Croasdaile+Dr+STE+300,+Durham,+NC+27705\/@36.0265831,-78.9509855,18z\/data=!4m17!1m7!3m6!1s0x89ace6f650868921:0x8f68d512f8a0d623!2sKornbluth+Ginsberg+Law+Group,+P.A.!8m2!3d36.0266048!4d-78.9520691!16s%2Fg%2F11g815t3y5!4m8!1m0!1m5!1m1!1s0x89ace6f650868921:0x8f68d512f8a0d623!2m2!1d-78.9520691!2d36.0266048!3e0?hl=en&amp;entry=ttu&amp;g_ep=EgoyMDI2MDEyNy4wIKXMDSoASAFQAw%3D%3D\" target=\"_blank\" rel=\"noopener\"><b>Conozca c\u00f3mo llegar a nuestro bufete de abogados de accidentes de camiones<\/b><\/a><\/p>\n<h2>Beneficios de contratar a un abogado en Durham para su reclamo por accidente de Cami\u00f3n<\/h2>\n<p>Si ha estado involucrado en un accidente de cami\u00f3n en Durham, Carolina del Norte, es probable que est\u00e9 enfrentando una recuperaci\u00f3n dolorosa y se sienta abrumado. Un abogado experimentado en accidentes de cami\u00f3n puede intervenir para ayudar a gestionar cada aspecto de su reclamo por lesiones, permiti\u00e9ndole concentrarse en su recuperaci\u00f3n.<\/p>\n<h3>En Kornbluth Ginsberg podemos ayudarle al:<\/h3>\n<ul>\n<li>Investigar los detalles del accidente de cami\u00f3n para determinar qui\u00e9n es responsable.<\/li>\n<li>Reunir pruebas como grabaciones de video, declaraciones de testigos y reportes del accidente.<\/li>\n<li>Coordinarnos con expertos en reconstrucci\u00f3n de accidentes para fortalecer su caso.<\/li>\n<li>Consultando con profesionales m\u00e9dicos para comprender completamente el alcance de sus lesiones.<\/li>\n<li>Revisar sus expedientes m\u00e9dicos para vincular directamente sus lesiones con el accidente.<\/li>\n<li>Calcular el costo total de su reclamo, incluyendo la p\u00e9rdida de ingresos y los gastos m\u00e9dicos.<\/li>\n<li>Presentar todos los documentos necesarios del reclamo dentro de los plazos requeridos.<\/li>\n<li>Negociar con las aseguradoras para exigir el acuerdo justo que usted merece.<\/li>\n<li>Representarlo en la corte si su caso llega a juicio.<\/li>\n<li>No cobrando nada a menos que recuperemos una compensaci\u00f3n por su demanda de accidente.<\/li>\n<\/ul>\n<h2>Qu\u00e9 hacer despu\u00e9s de un accidente de cami\u00f3n<\/h2>\n<p>Tras un accidente con un cami\u00f3n de carga, es esencial tomar medidas espec\u00edficas para proteger sus derechos legales y sentar una base s\u00f3lida para su reclamo por lesiones.<\/p>\n<h3>Aqu\u00ed le indicamos lo que debe hacer:<\/h3>\n<ul>\n<li><strong>Documente la escena del accidente<\/strong> \u2013 Tome fotos de su veh\u00edculo, del cami\u00f3n, de cualquier lesi\u00f3n visible y del \u00e1rea circundante. Si hay testigos disponibles, obtenga sus nombres y datos de contacto.<\/li>\n<li><strong>Busque atenci\u00f3n m\u00e9dica inmediata<\/strong> \u2013 Un proveedor de salud puede evaluar su estado y crear la documentaci\u00f3n que vincule cualquier lesi\u00f3n directamente con el accidente, lo cual podr\u00eda ser crucial para su reclamo.<\/li>\n<li><strong>Mantenga un registro m\u00e9dico detallado<\/strong> \u2013 Documente todas las visitas al m\u00e9dico, los tratamientos y toda comunicaci\u00f3n que tenga con profesionales de la salud que est\u00e9 relacionada con sus lesiones derivadas del accidente.<\/li>\n<li><strong>Contacte a un abogado de accidentes de cami\u00f3n<\/strong> \u2013 Un abogado experimentado en accidentes de cami\u00f3n en Durham puede proteger sus derechos y manejar todos los aspectos de su reclamo por lesiones mientras se recupera.<\/li>\n<li><strong>Informe del accidente a su compa\u00f1\u00eda de seguros<\/strong> \u2013 Informe a su aseguradora sobre el accidente, pero tenga cuidado de no hacer declaraciones que puedan ser interpretadas como admisiones de culpa.<\/li>\n<li><strong>Evite hablar del accidente en redes sociales <\/strong>\u2013 Evite compartir informaci\u00f3n sobre el accidente o sus lesiones en redes sociales, ya que estas publicaciones podr\u00edan ser utilizadas en su contra en su reclamo.<\/li>\n<\/ul>\n<h2>C\u00f3mo investigamos casos de accidentes de cami\u00f3n en Durham<\/h2>\n<p>En Kornbluth Ginsberg, adoptamos un enfoque minucioso para investigar casos de accidentes de cami\u00f3n en Durham. Primero, comenzamos recolectando todas las pruebas de la escena del accidente, incluidas fotos, grabaciones de video y declaraciones de testigos. Tambi\u00e9n reunimos y evaluamos los informes policiales y cualquier otro documento relevante relacionado con el accidente.<\/p>\n<p>Nuestro equipo consulta con frecuencia a expertos en reconstrucci\u00f3n de accidentes para analizar c\u00f3mo ocurri\u00f3 el accidente e identificar qui\u00e9n tiene la culpa. Adem\u00e1s, revisamos todos sus expedientes m\u00e9dicos y trabajamos con sus doctores para comprender la magnitud y el impacto a largo plazo de sus lesiones. Este enfoque detallado y meticuloso nos permite construir un caso s\u00f3lido, responsabilizar a las partes culpables y asegurar una compensaci\u00f3n justa por el accidente de cami\u00f3n.<\/p>\n<h2>Por qu\u00e9 los accidentes de camiones son m\u00e1s complicados que otros choques de veh\u00edculos<\/h2>\n<p>Los accidentes de camiones son m\u00e1s complicados que otros choques de veh\u00edculos por varias razones. En primer lugar, los camiones de 18 ruedas son mucho m\u00e1s grandes y pesados que la mayor\u00eda de los autom\u00f3viles, por lo que los da\u00f1os y las lesiones que causan suelen ser m\u00e1s graves. En segundo lugar, los conductores de camiones comerciales est\u00e1n sujetos a regulaciones espec\u00edficas, como l\u00edmites en las horas que pueden conducir sin tomar un descanso. Comprender estas normas es esencial para determinar si una violaci\u00f3n contribuy\u00f3 al accidente.<\/p>\n<p>Adem\u00e1s, los casos de accidentes de camiones suelen involucrar a m\u00faltiples partes, como los conductores de camiones, las empresas de transporte y los fabricantes de piezas. Cada una de las partes puede tener diferentes aseguradoras, lo que complica a\u00fan m\u00e1s el proceso legal. Por \u00faltimo, la mec\u00e1nica de los camiones es m\u00e1s compleja, lo que requiere un an\u00e1lisis experto para entender problemas como fallos en los frenos o defectos mec\u00e1nicos que podr\u00edan haber causado el accidente.<\/p>\n<p>Esta complejidad significa que manejar un caso de accidente de cami\u00f3n requiere conocimiento y experiencia legal espec\u00edfica, por esta raz\u00f3n es tan importante trabajar con un abogado de accidentes de camiones bien informado.<\/p>\n<h2>Compensaci\u00f3n que podr\u00eda recuperar en un reclamo en un accidente de cami\u00f3n en Durham<\/h2>\n<p>Si sufre lesiones en un accidente de cami\u00f3n en Durham, Carolina del Norte, podr\u00eda tener derecho a varios tipos de compensaci\u00f3n para ayudarle a recuperarse del incidente.<\/p>\n<h3>Esto podr\u00eda incluir:<\/h3>\n<ul>\n<li><strong>Facturas m\u00e9dicas<\/strong> \u2013 El costo de los tratamientos m\u00e9dicos actuales y futuros para las lesiones relacionadas con el accidente.<\/li>\n<li><strong>Salarios perdidos<\/strong> \u2013 Cualquier ingreso que haya perdido si sus lesiones le impidieron trabajar.<\/li>\n<li><strong>Capacidad de ganancia p\u00e9rdida<\/strong> \u2013 Los costos proyectados de la reducci\u00f3n de la capacidad de ganancia debido a discapacidades a largo plazo o permanentes resultantes del accidente.<\/li>\n<li><strong>Dolor y sufrimiento <\/strong>\u2013 Los costos subjetivos del sufrimiento f\u00edsico y emocional causado por el accidente.<\/li>\n<li><strong>Da\u00f1os a la propiedad <\/strong>\u2013 Los costos de reparar o reemplazar su veh\u00edculo y los art\u00edculos personales da\u00f1ados en el accidente.<\/li>\n<\/ul>\n","protected":false},"excerpt":{"rendered":"<p>\u00bfSufri\u00f3 un accidente de cami\u00f3n recientemente en Durham, Carolina del Norte? Si es as\u00ed, es posible que est\u00e9 lidiando con lesiones dolorosas y una abrumadora presi\u00f3n financiera debido a facturas m\u00e9dicas inesperadas y la p\u00e9rdida de ingresos. Tanto el conductor del cami\u00f3n como la empresa de transporte responsable del accidente podr\u00edan estar obligados a compensarlo [&hellip;]<\/p>\n","protected":false},"author":8,"featured_media":6416,"parent":0,"menu_order":83,"comment_status":"closed","ping_status":"closed","template":"practice-area.php","meta":{"_acf_changed":false,"footnotes":""},"class_list":["post-3360","page","type-page","status-publish","has-post-thumbnail","hentry"],"acf":[],"yoast_head":"<!-- This site is optimized with the Yoast SEO plugin v27.5 - https:\/\/yoast.com\/product\/yoast-seo-wordpress\/ -->\n<title>Durham Abogado de Accidentes de Camiones<\/title>\n<meta name=\"description\" content=\"Abogado de accidentes de camiones en Durham. Kornbluth Ginsberg lucha por su compensaci\u00f3n. Consulta gratis. Llame hoy mismo.\" \/>\n<meta name=\"robots\" content=\"index, follow, max-snippet:-1, max-image-preview:large, max-video-preview:-1\" \/>\n<link rel=\"canonical\" href=\"https:\/\/www.kornbluthginsberg.com\/es\/accidentes-de-camiones\/\" \/>\n<meta property=\"og:locale\" content=\"es_ES\" \/>\n<meta property=\"og:type\" content=\"article\" \/>\n<meta property=\"og:title\" content=\"Durham Abogado de Accidentes de Camiones\" \/>\n<meta property=\"og:description\" content=\"Abogado de accidentes de camiones en Durham. Kornbluth Ginsberg lucha por su compensaci\u00f3n. Consulta gratis. Llame hoy mismo.\" \/>\n<meta property=\"og:url\" content=\"https:\/\/www.kornbluthginsberg.com\/es\/accidentes-de-camiones\/\" \/>\n<meta property=\"og:site_name\" content=\"Kornbluth Ginsberg Law Group, P.A.\" \/>\n<meta property=\"article:publisher\" content=\"https:\/\/www.facebook.com\/p\/Kornbluth-Ginsberg-Law-Group-PA-100063533381851\/\" \/>\n<meta property=\"article:modified_time\" content=\"2026-04-14T23:06:28+00:00\" \/>\n<meta property=\"og:image\" content=\"https:\/\/www.kornbluthginsberg.com\/wp-content\/uploads\/2024\/08\/accidentes-de-camiones.jpg\" \/>\n\t<meta property=\"og:image:width\" content=\"930\" \/>\n\t<meta property=\"og:image:height\" content=\"360\" \/>\n\t<meta property=\"og:image:type\" content=\"image\/jpeg\" \/>\n<meta name=\"twitter:card\" content=\"summary_large_image\" \/>\n<meta name=\"twitter:site\" content=\"@kornbluthginsb1\" \/>\n<meta name=\"twitter:label1\" content=\"Tiempo de lectura\" \/>\n\t<meta name=\"twitter:data1\" content=\"6 minutos\" \/>\n<!-- \/ Yoast SEO plugin. -->","yoast_head_json":{"title":"Durham Abogado de Accidentes de Camiones","description":"Abogado de accidentes de camiones en Durham. Kornbluth Ginsberg lucha por su compensaci\u00f3n. Consulta gratis. Llame hoy mismo.","robots":{"index":"index","follow":"follow","max-snippet":"max-snippet:-1","max-image-preview":"max-image-preview:large","max-video-preview":"max-video-preview:-1"},"canonical":"https:\/\/www.kornbluthginsberg.com\/es\/accidentes-de-camiones\/","og_locale":"es_ES","og_type":"article","og_title":"Durham Abogado de Accidentes de Camiones","og_description":"Abogado de accidentes de camiones en Durham. Kornbluth Ginsberg lucha por su compensaci\u00f3n. Consulta gratis. Llame hoy mismo.","og_url":"https:\/\/www.kornbluthginsberg.com\/es\/accidentes-de-camiones\/","og_site_name":"Kornbluth Ginsberg Law Group, P.A.","article_publisher":"https:\/\/www.facebook.com\/p\/Kornbluth-Ginsberg-Law-Group-PA-100063533381851\/","article_modified_time":"2026-04-14T23:06:28+00:00","og_image":[{"width":930,"height":360,"url":"https:\/\/www.kornbluthginsberg.com\/wp-content\/uploads\/2024\/08\/accidentes-de-camiones.jpg","type":"image\/jpeg"}],"twitter_card":"summary_large_image","twitter_site":"@kornbluthginsb1","twitter_misc":{"Tiempo de lectura":"6 minutos"},"schema":{"@context":"https:\/\/schema.org","@graph":[{"@type":"WebPage","@id":"https:\/\/www.kornbluthginsberg.com\/es\/accidentes-de-camiones\/","url":"https:\/\/www.kornbluthginsberg.com\/es\/accidentes-de-camiones\/","name":"Durham Abogado de Accidentes de Camiones","isPartOf":{"@id":"https:\/\/www.kornbluthginsberg.com\/es\/#website"},"primaryImageOfPage":{"@id":"https:\/\/www.kornbluthginsberg.com\/es\/accidentes-de-camiones\/#primaryimage"},"image":{"@id":"https:\/\/www.kornbluthginsberg.com\/es\/accidentes-de-camiones\/#primaryimage"},"thumbnailUrl":"https:\/\/www.kornbluthginsberg.com\/wp-content\/uploads\/2024\/08\/accidentes-de-camiones.jpg","datePublished":"2024-08-22T03:37:16+00:00","dateModified":"2026-04-14T23:06:28+00:00","description":"Abogado de accidentes de camiones en Durham. Kornbluth Ginsberg lucha por su compensaci\u00f3n. Consulta gratis. Llame hoy mismo.","breadcrumb":{"@id":"https:\/\/www.kornbluthginsberg.com\/es\/accidentes-de-camiones\/#breadcrumb"},"inLanguage":"es","potentialAction":[{"@type":"ReadAction","target":["https:\/\/www.kornbluthginsberg.com\/es\/accidentes-de-camiones\/"]}]},{"@type":"ImageObject","inLanguage":"es","@id":"https:\/\/www.kornbluthginsberg.com\/es\/accidentes-de-camiones\/#primaryimage","url":"https:\/\/www.kornbluthginsberg.com\/wp-content\/uploads\/2024\/08\/accidentes-de-camiones.jpg","contentUrl":"https:\/\/www.kornbluthginsberg.com\/wp-content\/uploads\/2024\/08\/accidentes-de-camiones.jpg","width":930,"height":360},{"@type":"BreadcrumbList","@id":"https:\/\/www.kornbluthginsberg.com\/es\/accidentes-de-camiones\/#breadcrumb","itemListElement":[{"@type":"ListItem","position":1,"name":"Inicio","item":"https:\/\/www.kornbluthginsberg.com\/es\/"},{"@type":"ListItem","position":2,"name":"Durham Abogado de Accidentes de Camiones"}]},{"@type":"WebSite","@id":"https:\/\/www.kornbluthginsberg.com\/es\/#website","url":"https:\/\/www.kornbluthginsberg.com\/es\/","name":"Kornbluth Ginsberg Law Group, P.A.","description":"","publisher":{"@id":"https:\/\/www.kornbluthginsberg.com\/es\/#organization"},"potentialAction":[{"@type":"SearchAction","target":{"@type":"EntryPoint","urlTemplate":"https:\/\/www.kornbluthginsberg.com\/es\/?s={search_term_string}"},"query-input":{"@type":"PropertyValueSpecification","valueRequired":true,"valueName":"search_term_string"}}],"inLanguage":"es"},{"@type":"Organization","@id":"https:\/\/www.kornbluthginsberg.com\/es\/#organization","name":"Kornbluth Ginsberg Law Group, P.A.","url":"https:\/\/www.kornbluthginsberg.com\/es\/","logo":{"@type":"ImageObject","inLanguage":"es","@id":"https:\/\/www.kornbluthginsberg.com\/es\/#\/schema\/logo\/image\/","url":"https:\/\/www.kornbluthginsberg.com\/wp-content\/uploads\/2024\/08\/logo-footer.svg","contentUrl":"https:\/\/www.kornbluthginsberg.com\/wp-content\/uploads\/2024\/08\/logo-footer.svg","width":1,"height":1,"caption":"Kornbluth Ginsberg Law Group, P.A."},"image":{"@id":"https:\/\/www.kornbluthginsberg.com\/es\/#\/schema\/logo\/image\/"},"sameAs":["https:\/\/www.facebook.com\/p\/Kornbluth-Ginsberg-Law-Group-PA-100063533381851\/","https:\/\/x.com\/kornbluthginsb1","https:\/\/www.linkedin.com\/company\/kornbluth-ginsberg-law-group-p-a\/about\/","https:\/\/www.yelp.com\/biz\/kornbluth-ginsberg-law-group-p-a-durham-3"]}]}},"_links":{"self":[{"href":"https:\/\/www.kornbluthginsberg.com\/es\/wp-json\/wp\/v2\/pages\/3360","targetHints":{"allow":["GET"]}}],"collection":[{"href":"https:\/\/www.kornbluthginsberg.com\/es\/wp-json\/wp\/v2\/pages"}],"about":[{"href":"https:\/\/www.kornbluthginsberg.com\/es\/wp-json\/wp\/v2\/types\/page"}],"author":[{"embeddable":true,"href":"https:\/\/www.kornbluthginsberg.com\/es\/wp-json\/wp\/v2\/users\/8"}],"replies":[{"embeddable":true,"href":"https:\/\/www.kornbluthginsberg.com\/es\/wp-json\/wp\/v2\/comments?post=3360"}],"version-history":[{"count":0,"href":"https:\/\/www.kornbluthginsberg.com\/es\/wp-json\/wp\/v2\/pages\/3360\/revisions"}],"wp:featuredmedia":[{"embeddable":true,"href":"https:\/\/www.kornbluthginsberg.com\/es\/wp-json\/wp\/v2\/media\/6416"}],"wp:attachment":[{"href":"https:\/\/www.kornbluthginsberg.com\/es\/wp-json\/wp\/v2\/media?parent=3360"}],"curies":[{"name":"wp","href":"https:\/\/api.w.org\/{rel}","templated":true}]}}