{"id":3353,"date":"2024-08-22T03:36:55","date_gmt":"2024-08-22T03:36:55","guid":{"rendered":"https:\/\/www.kornbluthginsberg.com\/?page_id=3353"},"modified":"2026-04-14T22:56:55","modified_gmt":"2026-04-14T22:56:55","slug":"lesiones-personales-north-carolina","status":"publish","type":"page","link":"https:\/\/www.kornbluthginsberg.com\/es\/lesiones-personales-north-carolina\/","title":{"rendered":"Abogado de lesiones personales de Carolina del Norte"},"content":{"rendered":"<p>\u00bfEst\u00e1 lidiando con lesiones derivadas de un accidente evitable en Carolina del Norte? Si se siente abrumado por las facturas m\u00e9dicas, la p\u00e9rdida de ingresos y el estr\u00e9s de la recuperaci\u00f3n, es posible que se pregunte qu\u00e9 puede hacer para buscar ayuda. Pero debe saber que puede exigir una compensaci\u00f3n por las dificultades que enfrenta presentando un reclamo por lesiones personales.<\/p>\n<p>En <a href=\"https:\/\/www.kornbluthginsberg.com\/es\/acerca-de\/\">Kornbluth Ginsberg Law Group, P.A.<\/a>, nuestros abogados de lesiones personales en Carolina del Norte comprenden lo que est\u00e1 atravesando y est\u00e1n aqu\u00ed para ayudarle con su caso. Podemos encargarnos del proceso de presentar un reclamo, recopilar pruebas y obtener la compensaci\u00f3n que usted merece mientras descansa y se recupera.<\/p>\n<p><a href=\"https:\/\/www.kornbluthginsberg.com\/contact-us\/\">Cont\u00e1ctenos<\/a> hoy para una revisi\u00f3n inicial gratuita de su caso con un abogado de lesiones personales en Carolina del Norte, donde podr\u00e1 contarnos su historia y conocer c\u00f3mo podemos asistirle. Nuestra oficina est\u00e1 convenientemente ubicada en <strong>3400 Croasdaile Drive, Suite 300, Durham, NC<\/strong>. En Kornbluth Ginsberg Law Group, estamos listos para ayudarle a comprender sus opciones legales.<\/p>\n<p style=\"text-align: center;\"><a href=\"https:\/\/www.google.com\/maps\/dir\/\/Kornbluth+Ginsberg+Law+Group,+P.A.,+3400+Croasdaile+Dr+STE+300,+Durham,+NC+27705\/@36.0265831,-78.9509855,18z\/data=!4m17!1m7!3m6!1s0x89ace6f650868921:0x8f68d512f8a0d623!2sKornbluth+Ginsberg+Law+Group,+P.A.!8m2!3d36.0266048!4d-78.9520691!16s%2Fg%2F11g815t3y5!4m8!1m0!1m5!1m1!1s0x89ace6f650868921:0x8f68d512f8a0d623!2m2!1d-78.9520691!2d36.0266048!3e0?hl=en&amp;entry=ttu&amp;g_ep=EgoyMDI2MDEyNy4wIKXMDSoASAFQAw%3D%3D\" target=\"_blank\" rel=\"noopener\"><b>Conozca c\u00f3mo llegar a nuestro bufete de abogados de lesiones personales<\/b><\/a><\/p>\n<h2>\u00bfQu\u00e9 har\u00e1 un abogado de lesiones personales en Carolina del Norte por mi caso?<\/h2>\n<p>Sufrir una lesi\u00f3n personal puede ser una experiencia que cambie su vida, y la complejidad de los procedimientos legales puede a\u00f1adir estr\u00e9s a una situaci\u00f3n ya dif\u00edcil. La buena noticia es que no tiene que enfrentarlo solo.<\/p>\n<h3>Un abogado de lesiones personales en Carolina del Norte puede ayudarle con:<\/h3>\n<ul>\n<li>Realizar una investigaci\u00f3n exhaustiva del accidente que caus\u00f3 la lesi\u00f3n.<\/li>\n<li>Recopilar y analizar pruebas del lugar del incidente.<\/li>\n<li>Entrevistar a los testigos que estuvieron presentes durante el accidente.<\/li>\n<li>Revisar los informes policiales y de accidentes relacionados con su caso.<\/li>\n<li>Consultar con profesionales m\u00e9dicos para evaluar la magnitud completa de sus lesiones.<\/li>\n<li>Evaluar el impacto total de las lesiones en su vida y trabajo.<\/li>\n<li>Manejar toda la comunicaci\u00f3n con las aseguradoras.<\/li>\n<li>Gestionar la documentaci\u00f3n legal y los plazos asociados con su reclamo.<\/li>\n<li>Negociar con las aseguradoras para exigir un acuerdo justo.<\/li>\n<li>Presentar una demanda si la otra parte no acepta un acuerdo justo.<\/li>\n<li>Representarlo en la corte si su caso llega a juicio.<\/li>\n<li>Nunca le cobraremos nada a menos que aseguremos una compensaci\u00f3n en su reclamo por lesiones.<\/li>\n<\/ul>\n<h2>\u00bfQu\u00e9 debe probarse en un reclamo por lesiones personales?<\/h2>\n<p>En un reclamo por lesiones personales, debe demostrar que las acciones o la inacci\u00f3n de la otra parte causaron directamente sus lesiones.<\/p>\n<p>Su abogado puede utilizar diversos tipos de pruebas para demostrar esto. Por ejemplo, fotograf\u00edas y grabaciones de video del lugar del incidente pueden mostrar lo que sucedi\u00f3 y establecer las condiciones que llevaron a su lesi\u00f3n. Las declaraciones de testigos pueden proporcionar relatos de primera mano que respalden su versi\u00f3n de los hechos. Los registros m\u00e9dicos tambi\u00e9n suelen ser cruciales, ya que documentan sus lesiones y la atenci\u00f3n que recibi\u00f3. Adicionalmente, su abogado podr\u00eda utilizar el testimonio de expertos para explicar c\u00f3mo el incidente caus\u00f3 sus lesiones.<\/p>\n<h2>\u00bfA qu\u00e9 da\u00f1os y perjuicios podr\u00eda tener derecho en un caso de lesiones personales?<\/h2>\n<p>Si sufre una lesi\u00f3n personal en Carolina del Norte, podr\u00eda tener derecho a recibir una compensaci\u00f3n econ\u00f3mica por las p\u00e9rdidas personales y financieras que resulten de la misma.<\/p>\n<h3>Dependiendo de la naturaleza e impacto de sus lesiones, esto podr\u00eda incluir compensaci\u00f3n por:<\/h3>\n<ul>\n<li><strong>Costos m\u00e9dicos<\/strong>: gastos relacionados con la atenci\u00f3n m\u00e9dica de su lesi\u00f3n, incluyendo los costos de hospitalizaci\u00f3n, medicamentos y cirug\u00edas.<\/li>\n<li><strong>Gastos m\u00e9dicos futuros<\/strong>: costos continuos y anticipados de atenci\u00f3n m\u00e9dica, como los gastos de fisioterapia o futuras cirug\u00edas que pueda requerir.<\/li>\n<li><strong>Salarios perdidos<\/strong>: ingresos que pierde al no poder trabajar debido a su lesi\u00f3n.<\/li>\n<li><strong>P\u00e9rdida de potencial de ganancias<\/strong>: cualquier disminuci\u00f3n en su capacidad de generar ingresos en el futuro si su lesi\u00f3n causa una discapacidad a largo plazo o limitaciones en su carrera.<\/li>\n<li><strong>Dolor y sufrimiento<\/strong>: el dolor f\u00edsico y el sufrimiento emocional que experimenta debido a sus lesiones.<\/li>\n<li><strong>P\u00e9rdida de calidad de vida<\/strong>: cambios en su vida que disminuyen su capacidad de participar en sus pasatiempos personales o actividades que disfruta.<\/li>\n<\/ul>\n<h2>\u00bfPuedo recibir una compensaci\u00f3n si tuve parte de la culpa por mis lesiones?<\/h2>\n<p>No. Si tiene parte de la culpa por sus lesiones en Carolina del Norte, no puede recibir compensaci\u00f3n en un juicio debido a la ley de \u201cnegligencia contributiva pura\u201d del estado. Seg\u00fan esta ley, si es responsable del incidente que caus\u00f3 su lesi\u00f3n, incluso en un 1%, un tribunal no puede otorgarle compensaci\u00f3n por lesiones personales. Esto hace que sea crucial demostrar que no tuvo ninguna culpa para tener \u00e9xito, en un reclamo por lesiones personales. Por esta raz\u00f3n, siempre es mejor trabajar con un abogado experimentado de Kornbluth Ginsberg despu\u00e9s de un accidente en Carolina del Norte.<\/p>\n<h2>\u00bfCu\u00e1ndo debo iniciar un reclamo por lesiones personales?<\/h2>\n<p>Debe iniciar con su reclamo por lesiones personales lo antes posible despu\u00e9s de sufrir la lesi\u00f3n. Comenzar temprano le da a su abogado tiempo suficiente para realizar una investigaci\u00f3n exhaustiva y construir un caso s\u00f3lido en su favor. Esto tambi\u00e9n permite recopilar pruebas mientras a\u00fan est\u00e1n frescas y asegurar testimonios de testigos cuando los recuerdos son claros. Cuanto m\u00e1s tiempo tenga su abogado para prepararse, m\u00e1s fuerte ser\u00e1 su caso y mayores ser\u00e1n sus posibilidades de obtener un resultado favorable.<\/p>\n","protected":false},"excerpt":{"rendered":"<p>\u00bfEst\u00e1 lidiando con lesiones derivadas de un accidente evitable en Carolina del Norte? Si se siente abrumado por las facturas m\u00e9dicas, la p\u00e9rdida de ingresos y el estr\u00e9s de la recuperaci\u00f3n, es posible que se pregunte qu\u00e9 puede hacer para buscar ayuda. Pero debe saber que puede exigir una compensaci\u00f3n por las dificultades que enfrenta [&hellip;]<\/p>\n","protected":false},"author":8,"featured_media":6408,"parent":0,"menu_order":81,"comment_status":"closed","ping_status":"closed","template":"practice-area.php","meta":{"_acf_changed":false,"footnotes":""},"class_list":["post-3353","page","type-page","status-publish","has-post-thumbnail","hentry"],"acf":[],"yoast_head":"<!-- This site is optimized with the Yoast SEO plugin v27.5 - https:\/\/yoast.com\/product\/yoast-seo-wordpress\/ -->\n<title>Abogado de lesiones personales en Carolina del Norte<\/title>\n<meta name=\"description\" content=\"Nuestros abogados de lesiones personales pueden ayudarlo recuperar el dinero que merece por sus lesiones en Carolina del Norte.\" \/>\n<meta name=\"robots\" content=\"index, follow, max-snippet:-1, max-image-preview:large, max-video-preview:-1\" \/>\n<link rel=\"canonical\" href=\"https:\/\/www.kornbluthginsberg.com\/es\/lesiones-personales-north-carolina\/\" \/>\n<meta property=\"og:locale\" content=\"es_ES\" \/>\n<meta property=\"og:type\" content=\"article\" \/>\n<meta property=\"og:title\" content=\"Abogado de lesiones personales en Carolina del Norte\" \/>\n<meta property=\"og:description\" content=\"Nuestros abogados de lesiones personales pueden ayudarlo recuperar el dinero que merece por sus lesiones en Carolina del Norte.\" \/>\n<meta property=\"og:url\" content=\"https:\/\/www.kornbluthginsberg.com\/es\/lesiones-personales-north-carolina\/\" \/>\n<meta property=\"og:site_name\" content=\"Kornbluth Ginsberg Law Group, P.A.\" \/>\n<meta property=\"article:publisher\" content=\"https:\/\/www.facebook.com\/p\/Kornbluth-Ginsberg-Law-Group-PA-100063533381851\/\" \/>\n<meta property=\"article:modified_time\" content=\"2026-04-14T22:56:55+00:00\" \/>\n<meta property=\"og:image\" content=\"https:\/\/www.kornbluthginsberg.com\/wp-content\/uploads\/2024\/08\/lesiones-personales-north-carolina.jpg\" \/>\n\t<meta property=\"og:image:width\" content=\"930\" \/>\n\t<meta property=\"og:image:height\" content=\"360\" \/>\n\t<meta property=\"og:image:type\" content=\"image\/jpeg\" \/>\n<meta name=\"twitter:card\" content=\"summary_large_image\" \/>\n<meta name=\"twitter:site\" content=\"@kornbluthginsb1\" \/>\n<meta name=\"twitter:label1\" content=\"Tiempo de lectura\" \/>\n\t<meta name=\"twitter:data1\" content=\"4 minutos\" \/>\n<!-- \/ Yoast SEO plugin. -->","yoast_head_json":{"title":"Abogado de lesiones personales en Carolina del Norte","description":"Nuestros abogados de lesiones personales pueden ayudarlo recuperar el dinero que merece por sus lesiones en Carolina del Norte.","robots":{"index":"index","follow":"follow","max-snippet":"max-snippet:-1","max-image-preview":"max-image-preview:large","max-video-preview":"max-video-preview:-1"},"canonical":"https:\/\/www.kornbluthginsberg.com\/es\/lesiones-personales-north-carolina\/","og_locale":"es_ES","og_type":"article","og_title":"Abogado de lesiones personales en Carolina del Norte","og_description":"Nuestros abogados de lesiones personales pueden ayudarlo recuperar el dinero que merece por sus lesiones en Carolina del Norte.","og_url":"https:\/\/www.kornbluthginsberg.com\/es\/lesiones-personales-north-carolina\/","og_site_name":"Kornbluth Ginsberg Law Group, P.A.","article_publisher":"https:\/\/www.facebook.com\/p\/Kornbluth-Ginsberg-Law-Group-PA-100063533381851\/","article_modified_time":"2026-04-14T22:56:55+00:00","og_image":[{"width":930,"height":360,"url":"https:\/\/www.kornbluthginsberg.com\/wp-content\/uploads\/2024\/08\/lesiones-personales-north-carolina.jpg","type":"image\/jpeg"}],"twitter_card":"summary_large_image","twitter_site":"@kornbluthginsb1","twitter_misc":{"Tiempo de lectura":"4 minutos"},"schema":{"@context":"https:\/\/schema.org","@graph":[{"@type":"WebPage","@id":"https:\/\/www.kornbluthginsberg.com\/es\/lesiones-personales-north-carolina\/","url":"https:\/\/www.kornbluthginsberg.com\/es\/lesiones-personales-north-carolina\/","name":"Abogado de lesiones personales en Carolina del Norte","isPartOf":{"@id":"https:\/\/www.kornbluthginsberg.com\/es\/#website"},"primaryImageOfPage":{"@id":"https:\/\/www.kornbluthginsberg.com\/es\/lesiones-personales-north-carolina\/#primaryimage"},"image":{"@id":"https:\/\/www.kornbluthginsberg.com\/es\/lesiones-personales-north-carolina\/#primaryimage"},"thumbnailUrl":"https:\/\/www.kornbluthginsberg.com\/wp-content\/uploads\/2024\/08\/lesiones-personales-north-carolina.jpg","datePublished":"2024-08-22T03:36:55+00:00","dateModified":"2026-04-14T22:56:55+00:00","description":"Nuestros abogados de lesiones personales pueden ayudarlo recuperar el dinero que merece por sus lesiones en Carolina del Norte.","breadcrumb":{"@id":"https:\/\/www.kornbluthginsberg.com\/es\/lesiones-personales-north-carolina\/#breadcrumb"},"inLanguage":"es","potentialAction":[{"@type":"ReadAction","target":["https:\/\/www.kornbluthginsberg.com\/es\/lesiones-personales-north-carolina\/"]}]},{"@type":"ImageObject","inLanguage":"es","@id":"https:\/\/www.kornbluthginsberg.com\/es\/lesiones-personales-north-carolina\/#primaryimage","url":"https:\/\/www.kornbluthginsberg.com\/wp-content\/uploads\/2024\/08\/lesiones-personales-north-carolina.jpg","contentUrl":"https:\/\/www.kornbluthginsberg.com\/wp-content\/uploads\/2024\/08\/lesiones-personales-north-carolina.jpg","width":930,"height":360},{"@type":"BreadcrumbList","@id":"https:\/\/www.kornbluthginsberg.com\/es\/lesiones-personales-north-carolina\/#breadcrumb","itemListElement":[{"@type":"ListItem","position":1,"name":"Inicio","item":"https:\/\/www.kornbluthginsberg.com\/es\/"},{"@type":"ListItem","position":2,"name":"Abogado de lesiones personales de Carolina del Norte"}]},{"@type":"WebSite","@id":"https:\/\/www.kornbluthginsberg.com\/es\/#website","url":"https:\/\/www.kornbluthginsberg.com\/es\/","name":"Kornbluth Ginsberg Law Group, P.A.","description":"","publisher":{"@id":"https:\/\/www.kornbluthginsberg.com\/es\/#organization"},"potentialAction":[{"@type":"SearchAction","target":{"@type":"EntryPoint","urlTemplate":"https:\/\/www.kornbluthginsberg.com\/es\/?s={search_term_string}"},"query-input":{"@type":"PropertyValueSpecification","valueRequired":true,"valueName":"search_term_string"}}],"inLanguage":"es"},{"@type":"Organization","@id":"https:\/\/www.kornbluthginsberg.com\/es\/#organization","name":"Kornbluth Ginsberg Law Group, P.A.","url":"https:\/\/www.kornbluthginsberg.com\/es\/","logo":{"@type":"ImageObject","inLanguage":"es","@id":"https:\/\/www.kornbluthginsberg.com\/es\/#\/schema\/logo\/image\/","url":"https:\/\/www.kornbluthginsberg.com\/wp-content\/uploads\/2024\/08\/logo-footer.svg","contentUrl":"https:\/\/www.kornbluthginsberg.com\/wp-content\/uploads\/2024\/08\/logo-footer.svg","width":1,"height":1,"caption":"Kornbluth Ginsberg Law Group, P.A."},"image":{"@id":"https:\/\/www.kornbluthginsberg.com\/es\/#\/schema\/logo\/image\/"},"sameAs":["https:\/\/www.facebook.com\/p\/Kornbluth-Ginsberg-Law-Group-PA-100063533381851\/","https:\/\/x.com\/kornbluthginsb1","https:\/\/www.linkedin.com\/company\/kornbluth-ginsberg-law-group-p-a\/about\/","https:\/\/www.yelp.com\/biz\/kornbluth-ginsberg-law-group-p-a-durham-3"]}]}},"_links":{"self":[{"href":"https:\/\/www.kornbluthginsberg.com\/es\/wp-json\/wp\/v2\/pages\/3353","targetHints":{"allow":["GET"]}}],"collection":[{"href":"https:\/\/www.kornbluthginsberg.com\/es\/wp-json\/wp\/v2\/pages"}],"about":[{"href":"https:\/\/www.kornbluthginsberg.com\/es\/wp-json\/wp\/v2\/types\/page"}],"author":[{"embeddable":true,"href":"https:\/\/www.kornbluthginsberg.com\/es\/wp-json\/wp\/v2\/users\/8"}],"replies":[{"embeddable":true,"href":"https:\/\/www.kornbluthginsberg.com\/es\/wp-json\/wp\/v2\/comments?post=3353"}],"version-history":[{"count":0,"href":"https:\/\/www.kornbluthginsberg.com\/es\/wp-json\/wp\/v2\/pages\/3353\/revisions"}],"wp:featuredmedia":[{"embeddable":true,"href":"https:\/\/www.kornbluthginsberg.com\/es\/wp-json\/wp\/v2\/media\/6408"}],"wp:attachment":[{"href":"https:\/\/www.kornbluthginsberg.com\/es\/wp-json\/wp\/v2\/media?parent=3353"}],"curies":[{"name":"wp","href":"https:\/\/api.w.org\/{rel}","templated":true}]}}