{"id":3338,"date":"2024-08-22T03:36:28","date_gmt":"2024-08-22T03:36:28","guid":{"rendered":"https:\/\/www.kornbluthginsberg.com\/?page_id=3338"},"modified":"2026-01-05T15:54:42","modified_gmt":"2026-01-05T15:54:42","slug":"accidentes-de-auto","status":"publish","type":"page","link":"https:\/\/www.kornbluthginsberg.com\/es\/accidentes-de-auto\/","title":{"rendered":"Accidentes de Auto"},"content":{"rendered":"<p>Si usted o un ser querido han resultado <a href=\"https:\/\/www.kornbluthginsberg.com\/blog\/what-are-common-injuries-from-car-accidents\/\">heridos en un accidente de auto<\/a>, probablemente est\u00e9n enfrentando serias preocupaciones sobre varios temas. Estos incluyen su salud, sus finanzas y lo que la aseguradora cubrir\u00e1. North Carolina exige que todos los conductores registrados cuenten con alg\u00fan tipo de cobertura de seguro de responsabilidad civil. Sin embargo, las v\u00edctimas de lesiones a menudo se quedan sin la cobertura de seguro necesaria para compensar de manera justa sus facturas m\u00e9dicas, salarios perdidos, dolor y sufrimiento, y otros da\u00f1os.<\/p>\n<p>En Kornbluth Ginsberg Law Group, P.A., hemos visto de primera mano lo devastador que puede ser una colisi\u00f3n automovil\u00edstica para las v\u00edctimas. Aunque los accidentes de veh\u00edculos motorizados son comunes, muchos conductores no anticipan lo dif\u00edcil que puede ser obtener el alivio que necesitan para cubrir sus da\u00f1os. Pero nuestra firma de abogados de accidentes de auto ha ayudado a numerosos clientes a navegar por este proceso. Ya sea a trav\u00e9s de duras negociaciones con una aseguradora o mediante litigios, estamos listos para asegurarnos de que nuestros clientes reciban la compensaci\u00f3n completa que merecen por sus lesiones y dificultades.<\/p>\n<p>Conf\u00ede en nosotros para manejar su reclamo en cualquiera de los siguientes tipos y causas de accidentes de auto:<\/p>\n<ul>\n<li><a href=\"https:\/\/www.kornbluthginsberg.com\/personal-injury\/car-accidents\/distracted-driving\/\">Accidentes por conducci\u00f3n distra\u00edda<\/a><\/li>\n<li><a href=\"https:\/\/www.kornbluthginsberg.com\/personal-injury\/car-accidents\/drunk-driving-accidents\/\">Accidentes por conducci\u00f3n en estado de ebriedad<\/a><\/li>\n<li><a href=\"https:\/\/www.kornbluthginsberg.com\/personal-injury\/car-accidents\/reckless-driving-accidents\/\">Accidentes por conducci\u00f3n temeraria<\/a><\/li>\n<li><a href=\"https:\/\/www.kornbluthginsberg.com\/personal-injury\/car-accidents\/rollover-accidents\/\">Accidentes de vuelco<\/a><\/li>\n<li>Accidentes con conductores sin seguro o con seguro insuficiente<\/li>\n<li>Accidentes en servicios de Uber, Lyft y viajes compartidos<\/li>\n<li>Accidentes de golpe y fuga<\/li>\n<\/ul>\n<p>No permita que las aseguradoras se salgan con la suya pag\u00e1ndole menos de lo que vale su caso de accidente de auto. Deje que <a href=\"https:\/\/www.kornbluthginsberg.com\/about-us\/\">Kornbluth Ginsberg Law Group, P.A.<\/a>, exija la m\u00e1xima compensaci\u00f3n y responsabilidad por su lesi\u00f3n. <a href=\"https:\/\/www.kornbluthginsberg.com\/contact-us\/\">Cont\u00e1ctenos<\/a> hoy para una consulta gratuita y sin compromiso con un abogado de accidentes de auto de Durham con experiencia.<\/p>\n<h2>C\u00f3mo puede ayudarlo un abogado de Durham con su reclamo de accidente de auto<\/h2>\n<p>Los d\u00edas y meses posteriores a un choque automovil\u00edstico pueden ser un tiempo complicado y emocionalmente agotador, especialmente cuando se est\u00e1 lidiando con una recuperaci\u00f3n dolorosa. Los respetados abogados de accidentes de auto de Durham en Kornbluth Ginsberg har\u00e1n que este momento dif\u00edcil sea m\u00e1s manejable.<\/p>\n<p>Si usted o alguien que ama ha resultado herido en un accidente de auto en North Carolina, es importante obtener ayuda legal de inmediato. Los abogados de accidentes de auto en Kornbluth Ginsberg son conocedores y experimentados con las leyes que rodean los accidentes de auto y pueden proporcionar asistencia invaluable para ayudar a las personas a perseguir reclamos por compensaci\u00f3n despu\u00e9s de un accidente. Estaremos all\u00ed para ayudarle con tareas tales como:<\/p>\n<ul>\n<li>Proporcionar asesoramiento basado en nuestro conocimiento y experiencia de las leyes de accidentes de auto en North Carolina.<\/li>\n<li>Manejar toda la documentaci\u00f3n asociada con la presentaci\u00f3n de un reclamo por accidente de auto.<\/li>\n<li>Explorar cualquier opci\u00f3n disponible para recuperar compensaci\u00f3n que no implique pasar por una aseguradora.<\/li>\n<li>Recopilar pruebas para construir un s\u00f3lido reclamo por accidente de auto, como informes policiales y testimonios de testigos.<\/li>\n<li>Tomar acciones legales contra cualquier parte negligente que haya causado la lesi\u00f3n por accidente de auto.<\/li>\n<li>Negociar con aseguradoras para un acuerdo completo y justo.<\/li>\n<li>Representarlo en la corte si es necesario.<\/li>\n<\/ul>\n<p>Cuando contrate a nuestros abogados de confianza, puede esperar:<\/p>\n<ul>\n<li>Conocimiento extenso de las leyes de lesiones personales de North Carolina.<\/li>\n<li>Investigaci\u00f3n exhaustiva de su accidente y recopilaci\u00f3n de pruebas.<\/li>\n<li>Negociaci\u00f3n con aseguradoras para asegurar un acuerdo justo.<\/li>\n<li>Representaci\u00f3n en la corte si su caso va a juicio.<\/li>\n<li>Orientaci\u00f3n y apoyo compasivos durante todo el proceso legal.<\/li>\n<li>Sin cobro de honorarios a menos que recuperemos una compensaci\u00f3n para su caso de accidente de auto.<\/li>\n<\/ul>\n<p>No permita que las aseguradoras se aprovechen de usted. Contacte a nuestros experimentados abogados de lesiones personales para programar una consulta gratuita y aprender c\u00f3mo podemos ayudarle a maximizar su compensaci\u00f3n.<\/p>\n<h2>\u00bfQu\u00e9 compensaci\u00f3n puede obtener por su accidente de auto?<\/h2>\n<p>Despu\u00e9s de un choque automovil\u00edstico, puede buscar compensaci\u00f3n por sus lesiones y otras p\u00e9rdidas relacionadas con el accidente. Estas incluyen:<\/p>\n<ul>\n<li>Facturas m\u00e9dicas<\/li>\n<li>Salarios perdidos<\/li>\n<li>P\u00e9rdida del potencial de ganancias futuras<\/li>\n<li>Dolor f\u00edsico y sufrimiento emocional<\/li>\n<li>P\u00e9rdida de calidad de vida<\/li>\n<li>P\u00e9rdida de consorcio<\/li>\n<li>Costo de reparaci\u00f3n, reemplazo o reembolso del veh\u00edculo<\/li>\n<\/ul>\n","protected":false},"excerpt":{"rendered":"<p>Si usted o un ser querido han resultado heridos en un accidente de auto, probablemente est\u00e9n enfrentando serias preocupaciones sobre varios temas. Estos incluyen su salud, sus finanzas y lo que la aseguradora cubrir\u00e1. North Carolina exige que todos los conductores registrados cuenten con alg\u00fan tipo de cobertura de seguro de responsabilidad civil. Sin embargo, [&hellip;]<\/p>\n","protected":false},"author":8,"featured_media":6389,"parent":0,"menu_order":68,"comment_status":"closed","ping_status":"closed","template":"practice-area.php","meta":{"_acf_changed":false,"footnotes":""},"class_list":["post-3338","page","type-page","status-publish","has-post-thumbnail","hentry"],"acf":[],"yoast_head":"<!-- This site is optimized with the Yoast SEO plugin v27.3 - https:\/\/yoast.com\/product\/yoast-seo-wordpress\/ -->\n<title>Abogados de accidentes de auto en Durham<\/title>\n<meta name=\"description\" content=\"Conf\u00ede en Kornbluth Ginsberg Law Group, P.A., para su reclamo por accidente.\" \/>\n<meta name=\"robots\" content=\"index, follow, max-snippet:-1, max-image-preview:large, max-video-preview:-1\" \/>\n<link rel=\"canonical\" href=\"https:\/\/www.kornbluthginsberg.com\/es\/accidentes-de-auto\/\" \/>\n<meta property=\"og:locale\" content=\"es_ES\" \/>\n<meta property=\"og:type\" content=\"article\" \/>\n<meta property=\"og:title\" content=\"Abogados de accidentes de auto en Durham\" \/>\n<meta property=\"og:description\" content=\"Conf\u00ede en Kornbluth Ginsberg Law Group, P.A., para su reclamo por accidente.\" \/>\n<meta property=\"og:url\" content=\"https:\/\/www.kornbluthginsberg.com\/es\/accidentes-de-auto\/\" \/>\n<meta property=\"og:site_name\" content=\"Kornbluth Ginsberg Law Group, P.A.\" \/>\n<meta property=\"article:publisher\" content=\"https:\/\/www.facebook.com\/p\/Kornbluth-Ginsberg-Law-Group-PA-100063533381851\/\" \/>\n<meta property=\"article:modified_time\" content=\"2026-01-05T15:54:42+00:00\" \/>\n<meta property=\"og:image\" content=\"https:\/\/www.kornbluthginsberg.com\/wp-content\/uploads\/2024\/08\/accidentes-de-auto.jpg\" \/>\n\t<meta property=\"og:image:width\" content=\"930\" \/>\n\t<meta property=\"og:image:height\" content=\"360\" \/>\n\t<meta property=\"og:image:type\" content=\"image\/jpeg\" \/>\n<meta name=\"twitter:card\" content=\"summary_large_image\" \/>\n<meta name=\"twitter:site\" content=\"@kornbluthginsb1\" \/>\n<meta name=\"twitter:label1\" content=\"Tiempo de lectura\" \/>\n\t<meta name=\"twitter:data1\" content=\"4 minutos\" \/>\n<!-- \/ Yoast SEO plugin. -->","yoast_head_json":{"title":"Abogados de accidentes de auto en Durham","description":"Conf\u00ede en Kornbluth Ginsberg Law Group, P.A., para su reclamo por accidente.","robots":{"index":"index","follow":"follow","max-snippet":"max-snippet:-1","max-image-preview":"max-image-preview:large","max-video-preview":"max-video-preview:-1"},"canonical":"https:\/\/www.kornbluthginsberg.com\/es\/accidentes-de-auto\/","og_locale":"es_ES","og_type":"article","og_title":"Abogados de accidentes de auto en Durham","og_description":"Conf\u00ede en Kornbluth Ginsberg Law Group, P.A., para su reclamo por accidente.","og_url":"https:\/\/www.kornbluthginsberg.com\/es\/accidentes-de-auto\/","og_site_name":"Kornbluth Ginsberg Law Group, P.A.","article_publisher":"https:\/\/www.facebook.com\/p\/Kornbluth-Ginsberg-Law-Group-PA-100063533381851\/","article_modified_time":"2026-01-05T15:54:42+00:00","og_image":[{"width":930,"height":360,"url":"https:\/\/www.kornbluthginsberg.com\/wp-content\/uploads\/2024\/08\/accidentes-de-auto.jpg","type":"image\/jpeg"}],"twitter_card":"summary_large_image","twitter_site":"@kornbluthginsb1","twitter_misc":{"Tiempo de lectura":"4 minutos"},"schema":{"@context":"https:\/\/schema.org","@graph":[{"@type":"WebPage","@id":"https:\/\/www.kornbluthginsberg.com\/es\/accidentes-de-auto\/","url":"https:\/\/www.kornbluthginsberg.com\/es\/accidentes-de-auto\/","name":"Abogados de accidentes de auto en Durham","isPartOf":{"@id":"https:\/\/www.kornbluthginsberg.com\/es\/#website"},"primaryImageOfPage":{"@id":"https:\/\/www.kornbluthginsberg.com\/es\/accidentes-de-auto\/#primaryimage"},"image":{"@id":"https:\/\/www.kornbluthginsberg.com\/es\/accidentes-de-auto\/#primaryimage"},"thumbnailUrl":"https:\/\/www.kornbluthginsberg.com\/wp-content\/uploads\/2024\/08\/accidentes-de-auto.jpg","datePublished":"2024-08-22T03:36:28+00:00","dateModified":"2026-01-05T15:54:42+00:00","description":"Conf\u00ede en Kornbluth Ginsberg Law Group, P.A., para su reclamo por accidente.","breadcrumb":{"@id":"https:\/\/www.kornbluthginsberg.com\/es\/accidentes-de-auto\/#breadcrumb"},"inLanguage":"es","potentialAction":[{"@type":"ReadAction","target":["https:\/\/www.kornbluthginsberg.com\/es\/accidentes-de-auto\/"]}]},{"@type":"ImageObject","inLanguage":"es","@id":"https:\/\/www.kornbluthginsberg.com\/es\/accidentes-de-auto\/#primaryimage","url":"https:\/\/www.kornbluthginsberg.com\/wp-content\/uploads\/2024\/08\/accidentes-de-auto.jpg","contentUrl":"https:\/\/www.kornbluthginsberg.com\/wp-content\/uploads\/2024\/08\/accidentes-de-auto.jpg","width":930,"height":360},{"@type":"BreadcrumbList","@id":"https:\/\/www.kornbluthginsberg.com\/es\/accidentes-de-auto\/#breadcrumb","itemListElement":[{"@type":"ListItem","position":1,"name":"Inicio","item":"https:\/\/www.kornbluthginsberg.com\/es\/"},{"@type":"ListItem","position":2,"name":"Accidentes de Auto"}]},{"@type":"WebSite","@id":"https:\/\/www.kornbluthginsberg.com\/es\/#website","url":"https:\/\/www.kornbluthginsberg.com\/es\/","name":"Kornbluth Ginsberg Law Group, P.A.","description":"","publisher":{"@id":"https:\/\/www.kornbluthginsberg.com\/es\/#organization"},"potentialAction":[{"@type":"SearchAction","target":{"@type":"EntryPoint","urlTemplate":"https:\/\/www.kornbluthginsberg.com\/es\/?s={search_term_string}"},"query-input":{"@type":"PropertyValueSpecification","valueRequired":true,"valueName":"search_term_string"}}],"inLanguage":"es"},{"@type":"Organization","@id":"https:\/\/www.kornbluthginsberg.com\/es\/#organization","name":"Kornbluth Ginsberg Law Group, P.A.","url":"https:\/\/www.kornbluthginsberg.com\/es\/","logo":{"@type":"ImageObject","inLanguage":"es","@id":"https:\/\/www.kornbluthginsberg.com\/es\/#\/schema\/logo\/image\/","url":"https:\/\/www.kornbluthginsberg.com\/wp-content\/uploads\/2024\/08\/logo-footer.svg","contentUrl":"https:\/\/www.kornbluthginsberg.com\/wp-content\/uploads\/2024\/08\/logo-footer.svg","width":1,"height":1,"caption":"Kornbluth Ginsberg Law Group, P.A."},"image":{"@id":"https:\/\/www.kornbluthginsberg.com\/es\/#\/schema\/logo\/image\/"},"sameAs":["https:\/\/www.facebook.com\/p\/Kornbluth-Ginsberg-Law-Group-PA-100063533381851\/","https:\/\/x.com\/kornbluthginsb1","https:\/\/www.linkedin.com\/company\/kornbluth-ginsberg-law-group-p-a\/about\/","https:\/\/www.yelp.com\/biz\/kornbluth-ginsberg-law-group-p-a-durham-3"]}]}},"_links":{"self":[{"href":"https:\/\/www.kornbluthginsberg.com\/es\/wp-json\/wp\/v2\/pages\/3338","targetHints":{"allow":["GET"]}}],"collection":[{"href":"https:\/\/www.kornbluthginsberg.com\/es\/wp-json\/wp\/v2\/pages"}],"about":[{"href":"https:\/\/www.kornbluthginsberg.com\/es\/wp-json\/wp\/v2\/types\/page"}],"author":[{"embeddable":true,"href":"https:\/\/www.kornbluthginsberg.com\/es\/wp-json\/wp\/v2\/users\/8"}],"replies":[{"embeddable":true,"href":"https:\/\/www.kornbluthginsberg.com\/es\/wp-json\/wp\/v2\/comments?post=3338"}],"version-history":[{"count":0,"href":"https:\/\/www.kornbluthginsberg.com\/es\/wp-json\/wp\/v2\/pages\/3338\/revisions"}],"wp:featuredmedia":[{"embeddable":true,"href":"https:\/\/www.kornbluthginsberg.com\/es\/wp-json\/wp\/v2\/media\/6389"}],"wp:attachment":[{"href":"https:\/\/www.kornbluthginsberg.com\/es\/wp-json\/wp\/v2\/media?parent=3338"}],"curies":[{"name":"wp","href":"https:\/\/api.w.org\/{rel}","templated":true}]}}