{"id":25839,"date":"2026-04-27T21:26:58","date_gmt":"2026-04-27T21:26:58","guid":{"rendered":"https:\/\/www.kornbluthginsberg.com\/?page_id=25839"},"modified":"2026-04-27T21:28:06","modified_gmt":"2026-04-27T21:28:06","slug":"cuando-hablar-con-un-abogado","status":"publish","type":"page","link":"https:\/\/www.kornbluthginsberg.com\/es\/indemnizacion-por-accidente-laboral\/cuando-hablar-con-un-abogado\/","title":{"rendered":"Cu\u00e1ndo Hablar con un Abogado"},"content":{"rendered":"<p>Sufrir una lesi\u00f3n en el trabajo puede ser una experiencia estresante y abrumadora. Entre lidiar con el dolor, las citas m\u00e9dicas y la preocupaci\u00f3n por faltar al trabajo, lo \u00faltimo que quiere es navegar el proceso de compensaci\u00f3n laboral por su cuenta.<\/p>\n<p>Una de las preguntas m\u00e1s comunes que escuchamos es: \u201c\u00bfCu\u00e1ndo debo hablar con un abogado de compensaci\u00f3n laboral?\u201d La respuesta es simple: cuanto antes, mejor. Aqu\u00ed le explicamos por qu\u00e9.<\/p>\n<h2>Entender Sus Derechos Desde el Principio<\/h2>\n<p>Despu\u00e9s de una lesi\u00f3n laboral, es fundamental comprender sus derechos bajo las leyes de <a href=\"https:\/\/www.kornbluthginsberg.com\/es\/indemnizacion-por-accidente-laboral\/\">compensaci\u00f3n laboral de Carolina del Norte<\/a>. Desafortunadamente, los patronos o las compa\u00f1\u00edas de seguros no siempre brindan orientaci\u00f3n clara \u2014o pueden priorizar sus propios intereses sobre su recuperaci\u00f3n. Hablar con un abogado experimentado en compensaci\u00f3n laboral desde el principio garantiza que reciba informaci\u00f3n precisa sobre sus derechos y responsabilidades.<\/p>\n<h3>Incluyendo:<\/h3>\n<ul>\n<li>Su elegibilidad para <a href=\"https:\/\/www.kornbluthginsberg.com\/es\/indemnizacion-por-accidente-laboral\/beneficios\/\">beneficios<\/a>.<\/li>\n<li>Los pasos que debe seguir para reportar su lesi\u00f3n.<\/li>\n<li>Los tipos de compensaci\u00f3n disponibles, como cobertura m\u00e9dica, salarios perdidos o beneficios por incapacidad permanente.<\/li>\n<\/ul>\n<p>Nuestro equipo en Kornbluth Ginsberg le explicar\u00e1 todo en un lenguaje sencillo, para que no tenga que adivinar ni depender de otros que quiz\u00e1s no tengan sus mejores intereses en mente.<\/p>\n<h2>Evitar Errores Costosos<\/h2>\n<p>Las reclamaciones de compensaci\u00f3n laboral implican plazos y reglas estrictas. Por ejemplo, en Carolina del Norte, generalmente debe reportar su lesi\u00f3n a su patrono dentro de 30 d\u00edas y presentar una reclamaci\u00f3n ante la Comisi\u00f3n Industrial de Carolina del Norte dentro de dos a\u00f1os. No cumplir con estos plazos podr\u00eda poner en riesgo su derecho a beneficios.<\/p>\n<p>Adem\u00e1s, las compa\u00f1\u00edas de seguros pueden intentar minimizar su pago cuestionando la gravedad de su lesi\u00f3n o sugiriendo que su lesi\u00f3n no estuvo relacionada con el trabajo. Sin la orientaci\u00f3n adecuada, podr\u00eda decir o hacer algo sin darse cuenta que perjudique su caso. Al contactar a nuestros abogados capacitados desde temprano, podemos ayudarle a <a href=\"https:\/\/www.kornbluthginsberg.com\/es\/indemnizacion-por-accidente-laboral\/errores-comunes\/\">evitar estos errores comunes<\/a> y proteger su reclamaci\u00f3n.<\/p>\n<h2>Se\u00f1ales de Que Definitivamente Necesita un Abogado<\/h2>\n<p>Aunque siempre es buena idea consultar con un abogado despu\u00e9s de una lesi\u00f3n laboral, ciertas situaciones hacen que la ayuda legal sea a\u00fan m\u00e1s crucial.<\/p>\n<h3>Estas incluyen:<\/h3>\n<ul>\n<li>Su <a href=\"https:\/\/www.kornbluthginsberg.com\/es\/indemnizacion-por-accidente-laboral\/reclamaciones-denegadas\/\">reclamaci\u00f3n es negada<\/a> o retrasada.<\/li>\n<li>Su patrono o la aseguradora disputan su lesi\u00f3n o su relaci\u00f3n con el trabajo.<\/li>\n<li>Lo presionan para <a href=\"https:\/\/www.kornbluthginsberg.com\/es\/indemnizacion-por-accidente-laboral\/regresar-al-trabajo-en-periodo-probatorio\/\">regresar al trabajo antes de estar completamente recuperado<\/a>.<\/li>\n<li>Le ofrecen un acuerdo que no parece justo.<\/li>\n<li>Su lesi\u00f3n tiene efectos a largo plazo o permanentes que afectan su capacidad para trabajar.<\/li>\n<\/ul>\n<p>Si alguna de estas situaciones le aplica a usted, no espere. Cuanto antes involucre a un abogado experimentado, m\u00e1s fuerte ser\u00e1 su caso.<\/p>\n<h2>Kornbluth Ginsberg: Aqu\u00ed Para Ayudarle<\/h2>\n<p>En <a href=\"https:\/\/www.kornbluthginsberg.com\/es\/acerca-de\/\">Kornbluth Ginsberg Law Group<\/a>, sabemos lo transformadora que puede ser una lesi\u00f3n laboral. Por eso, nuestro compasivo equipo de compensaci\u00f3n laboral est\u00e1 dedicado a ayudarle en cada paso del camino. Con d\u00e9cadas de experiencia manejando casos en Durham y m\u00e1s all\u00e1, lo hemos visto todo \u2014y sabemos c\u00f3mo luchar por los beneficios a los que tiene derecho.<\/p>\n<p>Escucharemos su historia, responderemos sus preguntas y manejaremos las complejidades legales para que pueda enfocarse en lo m\u00e1s importante: su recuperaci\u00f3n. No espere para obtener la ayuda que necesita. Cont\u00e1ctenos hoy para una consulta gratuita y perm\u00edtanos guiarle hacia el mejor resultado.<\/p>\n<p>Sus derechos importan, y estamos aqu\u00ed para protegerlos.\u00a0<a href=\"https:\/\/www.kornbluthginsberg.com\/contact-us\/\">Comun\u00edquese<\/a>\u00a0con Kornbluth Ginsberg hoy o ll\u00e1menos 24\/7 al\u00a0<a href=\"tel: +19199809895\" data-ctm-watch-id=\"7\" data-ctm-tracked=\"1\" data-observe=\"1\" data-observer-id=\"3\">919-980-9895<\/a>\u00a0 para una consulta gratuita y sin compromiso, y perm\u00edtanos ayudarle a retomar su camino.<\/p>\n<p>Nuestra oficina est\u00e1 ubicada en\u00a0<strong data-start=\"49\" data-end=\"97\">3400 Croasdaile Drive, Suite 300, Durham.<\/strong>\u00a0Estamos aqu\u00ed para ayudarle a comprender sus opciones legales.<\/p>\n<p style=\"text-align: center;\"><a href=\"https:\/\/www.google.com\/maps\/dir\/\/Kornbluth+Ginsberg+Law+Group,+P.A.,+3400+Croasdaile+Dr+STE+300,+Durham,+NC+27705\/@36.0265831,-78.9509855,18z\/data=!4m17!1m7!3m6!1s0x89ace6f650868921:0x8f68d512f8a0d623!2sKornbluth+Ginsberg+Law+Group,+P.A.!8m2!3d36.0266048!4d-78.9520691!16s%2Fg%2F11g815t3y5!4m8!1m0!1m5!1m1!1s0x89ace6f650868921:0x8f68d512f8a0d623!2m2!1d-78.9520691!2d36.0266048!3e0?hl=en&amp;entry=ttu&amp;g_ep=EgoyMDI2MDEyNy4wIKXMDSoASAFQAw%3D%3D\" target=\"_blank\" rel=\"noopener\"><b>Conozca c\u00f3mo llegar a nuestro bufete de abogados de compensaci\u00f3n laboral<\/b><\/a><\/p>\n","protected":false},"excerpt":{"rendered":"<p>Sufrir una lesi\u00f3n en el trabajo puede ser una experiencia estresante y abrumadora. Entre lidiar con el dolor, las citas m\u00e9dicas y la preocupaci\u00f3n por faltar al trabajo, lo \u00faltimo que quiere es navegar el proceso de compensaci\u00f3n laboral por su cuenta. Una de las preguntas m\u00e1s comunes que escuchamos es: \u201c\u00bfCu\u00e1ndo debo hablar con [&hellip;]<\/p>\n","protected":false},"author":17,"featured_media":25854,"parent":3346,"menu_order":0,"comment_status":"closed","ping_status":"closed","template":"","meta":{"_acf_changed":false,"footnotes":""},"class_list":["post-25839","page","type-page","status-publish","has-post-thumbnail","hentry"],"acf":[],"yoast_head":"<!-- This site is optimized with the Yoast SEO plugin v27.5 - https:\/\/yoast.com\/product\/yoast-seo-wordpress\/ -->\n<title>Cu\u00e1ndo Hablar con un Abogado de Compensaci\u00f3n Laboral<\/title>\n<meta name=\"description\" content=\"Lesionado en el trabajo? Sepa cu\u00e1ndo hablar con un abogado de compensaci\u00f3n laboral para proteger sus derechos. Contacte a Kornbluth Ginsberg.\" \/>\n<meta name=\"robots\" content=\"index, follow, max-snippet:-1, max-image-preview:large, max-video-preview:-1\" \/>\n<link rel=\"canonical\" href=\"https:\/\/www.kornbluthginsberg.com\/es\/indemnizacion-por-accidente-laboral\/cuando-hablar-con-un-abogado\/\" \/>\n<meta property=\"og:locale\" content=\"es_ES\" \/>\n<meta property=\"og:type\" content=\"article\" \/>\n<meta property=\"og:title\" content=\"Cu\u00e1ndo Hablar con un Abogado de Compensaci\u00f3n Laboral\" \/>\n<meta property=\"og:description\" content=\"Lesionado en el trabajo? Sepa cu\u00e1ndo hablar con un abogado de compensaci\u00f3n laboral para proteger sus derechos. Contacte a Kornbluth Ginsberg.\" \/>\n<meta property=\"og:url\" content=\"https:\/\/www.kornbluthginsberg.com\/es\/indemnizacion-por-accidente-laboral\/cuando-hablar-con-un-abogado\/\" \/>\n<meta property=\"og:site_name\" content=\"Kornbluth Ginsberg Law Group, P.A.\" \/>\n<meta property=\"article:publisher\" content=\"https:\/\/www.facebook.com\/p\/Kornbluth-Ginsberg-Law-Group-PA-100063533381851\/\" \/>\n<meta property=\"article:modified_time\" content=\"2026-04-27T21:28:06+00:00\" \/>\n<meta property=\"og:image\" content=\"https:\/\/www.kornbluthginsberg.com\/wp-content\/uploads\/2026\/04\/cuando-hablar-con-un-abogado-de-compensacion-laboral.png\" \/>\n\t<meta property=\"og:image:width\" content=\"930\" \/>\n\t<meta property=\"og:image:height\" content=\"360\" \/>\n\t<meta property=\"og:image:type\" content=\"image\/png\" \/>\n<meta name=\"twitter:card\" content=\"summary_large_image\" \/>\n<meta name=\"twitter:site\" content=\"@kornbluthginsb1\" \/>\n<meta name=\"twitter:label1\" content=\"Tiempo de lectura\" \/>\n\t<meta name=\"twitter:data1\" content=\"3 minutos\" \/>\n<!-- \/ Yoast SEO plugin. -->","yoast_head_json":{"title":"Cu\u00e1ndo Hablar con un Abogado de Compensaci\u00f3n Laboral","description":"Lesionado en el trabajo? Sepa cu\u00e1ndo hablar con un abogado de compensaci\u00f3n laboral para proteger sus derechos. Contacte a Kornbluth Ginsberg.","robots":{"index":"index","follow":"follow","max-snippet":"max-snippet:-1","max-image-preview":"max-image-preview:large","max-video-preview":"max-video-preview:-1"},"canonical":"https:\/\/www.kornbluthginsberg.com\/es\/indemnizacion-por-accidente-laboral\/cuando-hablar-con-un-abogado\/","og_locale":"es_ES","og_type":"article","og_title":"Cu\u00e1ndo Hablar con un Abogado de Compensaci\u00f3n Laboral","og_description":"Lesionado en el trabajo? Sepa cu\u00e1ndo hablar con un abogado de compensaci\u00f3n laboral para proteger sus derechos. Contacte a Kornbluth Ginsberg.","og_url":"https:\/\/www.kornbluthginsberg.com\/es\/indemnizacion-por-accidente-laboral\/cuando-hablar-con-un-abogado\/","og_site_name":"Kornbluth Ginsberg Law Group, P.A.","article_publisher":"https:\/\/www.facebook.com\/p\/Kornbluth-Ginsberg-Law-Group-PA-100063533381851\/","article_modified_time":"2026-04-27T21:28:06+00:00","og_image":[{"width":930,"height":360,"url":"https:\/\/www.kornbluthginsberg.com\/wp-content\/uploads\/2026\/04\/cuando-hablar-con-un-abogado-de-compensacion-laboral.png","type":"image\/png"}],"twitter_card":"summary_large_image","twitter_site":"@kornbluthginsb1","twitter_misc":{"Tiempo de lectura":"3 minutos"},"schema":{"@context":"https:\/\/schema.org","@graph":[{"@type":"WebPage","@id":"https:\/\/www.kornbluthginsberg.com\/es\/indemnizacion-por-accidente-laboral\/cuando-hablar-con-un-abogado\/","url":"https:\/\/www.kornbluthginsberg.com\/es\/indemnizacion-por-accidente-laboral\/cuando-hablar-con-un-abogado\/","name":"Cu\u00e1ndo Hablar con un Abogado de Compensaci\u00f3n Laboral","isPartOf":{"@id":"https:\/\/www.kornbluthginsberg.com\/es\/#website"},"primaryImageOfPage":{"@id":"https:\/\/www.kornbluthginsberg.com\/es\/indemnizacion-por-accidente-laboral\/cuando-hablar-con-un-abogado\/#primaryimage"},"image":{"@id":"https:\/\/www.kornbluthginsberg.com\/es\/indemnizacion-por-accidente-laboral\/cuando-hablar-con-un-abogado\/#primaryimage"},"thumbnailUrl":"https:\/\/www.kornbluthginsberg.com\/wp-content\/uploads\/2026\/04\/cuando-hablar-con-un-abogado-de-compensacion-laboral.png","datePublished":"2026-04-27T21:26:58+00:00","dateModified":"2026-04-27T21:28:06+00:00","description":"Lesionado en el trabajo? Sepa cu\u00e1ndo hablar con un abogado de compensaci\u00f3n laboral para proteger sus derechos. Contacte a Kornbluth Ginsberg.","breadcrumb":{"@id":"https:\/\/www.kornbluthginsberg.com\/es\/indemnizacion-por-accidente-laboral\/cuando-hablar-con-un-abogado\/#breadcrumb"},"inLanguage":"es","potentialAction":[{"@type":"ReadAction","target":["https:\/\/www.kornbluthginsberg.com\/es\/indemnizacion-por-accidente-laboral\/cuando-hablar-con-un-abogado\/"]}]},{"@type":"ImageObject","inLanguage":"es","@id":"https:\/\/www.kornbluthginsberg.com\/es\/indemnizacion-por-accidente-laboral\/cuando-hablar-con-un-abogado\/#primaryimage","url":"https:\/\/www.kornbluthginsberg.com\/wp-content\/uploads\/2026\/04\/cuando-hablar-con-un-abogado-de-compensacion-laboral.png","contentUrl":"https:\/\/www.kornbluthginsberg.com\/wp-content\/uploads\/2026\/04\/cuando-hablar-con-un-abogado-de-compensacion-laboral.png","width":930,"height":360,"caption":"Cu\u00e1ndo Hablar con un Abogado de Compensaci\u00f3n Laboral"},{"@type":"BreadcrumbList","@id":"https:\/\/www.kornbluthginsberg.com\/es\/indemnizacion-por-accidente-laboral\/cuando-hablar-con-un-abogado\/#breadcrumb","itemListElement":[{"@type":"ListItem","position":1,"name":"Inicio","item":"https:\/\/www.kornbluthginsberg.com\/es\/"},{"@type":"ListItem","position":2,"name":"Indemnizaci\u00f3n por Accidente Laboral","item":"https:\/\/www.kornbluthginsberg.com\/es\/indemnizacion-por-accidente-laboral\/"},{"@type":"ListItem","position":3,"name":"Cu\u00e1ndo Hablar con un Abogado"}]},{"@type":"WebSite","@id":"https:\/\/www.kornbluthginsberg.com\/es\/#website","url":"https:\/\/www.kornbluthginsberg.com\/es\/","name":"Kornbluth Ginsberg Law Group, P.A.","description":"","publisher":{"@id":"https:\/\/www.kornbluthginsberg.com\/es\/#organization"},"potentialAction":[{"@type":"SearchAction","target":{"@type":"EntryPoint","urlTemplate":"https:\/\/www.kornbluthginsberg.com\/es\/?s={search_term_string}"},"query-input":{"@type":"PropertyValueSpecification","valueRequired":true,"valueName":"search_term_string"}}],"inLanguage":"es"},{"@type":"Organization","@id":"https:\/\/www.kornbluthginsberg.com\/es\/#organization","name":"Kornbluth Ginsberg Law Group, P.A.","url":"https:\/\/www.kornbluthginsberg.com\/es\/","logo":{"@type":"ImageObject","inLanguage":"es","@id":"https:\/\/www.kornbluthginsberg.com\/es\/#\/schema\/logo\/image\/","url":"https:\/\/www.kornbluthginsberg.com\/wp-content\/uploads\/2024\/08\/logo-footer.svg","contentUrl":"https:\/\/www.kornbluthginsberg.com\/wp-content\/uploads\/2024\/08\/logo-footer.svg","width":1,"height":1,"caption":"Kornbluth Ginsberg Law Group, P.A."},"image":{"@id":"https:\/\/www.kornbluthginsberg.com\/es\/#\/schema\/logo\/image\/"},"sameAs":["https:\/\/www.facebook.com\/p\/Kornbluth-Ginsberg-Law-Group-PA-100063533381851\/","https:\/\/x.com\/kornbluthginsb1","https:\/\/www.linkedin.com\/company\/kornbluth-ginsberg-law-group-p-a\/about\/","https:\/\/www.yelp.com\/biz\/kornbluth-ginsberg-law-group-p-a-durham-3"]}]}},"_links":{"self":[{"href":"https:\/\/www.kornbluthginsberg.com\/es\/wp-json\/wp\/v2\/pages\/25839","targetHints":{"allow":["GET"]}}],"collection":[{"href":"https:\/\/www.kornbluthginsberg.com\/es\/wp-json\/wp\/v2\/pages"}],"about":[{"href":"https:\/\/www.kornbluthginsberg.com\/es\/wp-json\/wp\/v2\/types\/page"}],"author":[{"embeddable":true,"href":"https:\/\/www.kornbluthginsberg.com\/es\/wp-json\/wp\/v2\/users\/17"}],"replies":[{"embeddable":true,"href":"https:\/\/www.kornbluthginsberg.com\/es\/wp-json\/wp\/v2\/comments?post=25839"}],"version-history":[{"count":0,"href":"https:\/\/www.kornbluthginsberg.com\/es\/wp-json\/wp\/v2\/pages\/25839\/revisions"}],"up":[{"embeddable":true,"href":"https:\/\/www.kornbluthginsberg.com\/es\/wp-json\/wp\/v2\/pages\/3346"}],"wp:featuredmedia":[{"embeddable":true,"href":"https:\/\/www.kornbluthginsberg.com\/es\/wp-json\/wp\/v2\/media\/25854"}],"wp:attachment":[{"href":"https:\/\/www.kornbluthginsberg.com\/es\/wp-json\/wp\/v2\/media?parent=25839"}],"curies":[{"name":"wp","href":"https:\/\/api.w.org\/{rel}","templated":true}]}}