{"id":25438,"date":"2026-04-23T14:57:43","date_gmt":"2026-04-23T14:57:43","guid":{"rendered":"https:\/\/www.kornbluthginsberg.com\/?page_id=25438"},"modified":"2026-04-23T14:57:43","modified_gmt":"2026-04-23T14:57:43","slug":"trabajadores-temporales","status":"publish","type":"page","link":"https:\/\/www.kornbluthginsberg.com\/es\/lesiones-personales-north-carolina\/trabajadores-temporales\/","title":{"rendered":"Trabajadores Temporales"},"content":{"rendered":"<p>Si usted se lesion\u00f3 mientras trabajaba para una agencia temporal, es posible que se enfrente a una batalla dif\u00edcil para obtener los <a href=\"https:\/\/www.kornbluthginsberg.com\/es\/indemnizacion-por-accidente-laboral\/\">beneficios de compensaci\u00f3n laboral<\/a> a los que tiene derecho. Desde asegurarse de que se identifique y notifique al patrono o patronos correctos, hasta lograr que comiencen los beneficios que necesita, lidiar con una agencia temporal puede ser complicado.<\/p>\n<p>A continuaci\u00f3n, se presentan algunos puntos que debe considerar y comprender si se encuentra en esta situaci\u00f3n.<\/p>\n<h2>\u00bfQu\u00e9 hace que las lesiones en agencias temporales sean complicadas?<\/h2>\n<p>Cuando usted est\u00e1 empleado a trav\u00e9s de una agencia temporal, es posible que no se d\u00e9 cuenta de que est\u00e1 trabajando bajo lo que se conoce como una <strong>relaci\u00f3n de empleo dual<\/strong>. Esto significa que t\u00e9cnicamente tiene dos patronos: la agencia temporal que lo asign\u00f3 y la empresa donde fue asignado para trabajar. Esta relaci\u00f3n puede generar confusi\u00f3n a la hora de determinar qu\u00e9 entidad es responsable de su reclamaci\u00f3n de compensaci\u00f3n laboral.<\/p>\n<ul>\n<li>\n<h3>\u00bfQui\u00e9n es responsable de sus beneficios?<\/h3>\n<\/li>\n<\/ul>\n<p>Por lo general, la agencia temporal mantiene un seguro de compensaci\u00f3n laboral para sus empleados. Sin embargo, dependiendo de las circunstancias de su lesi\u00f3n, la empresa donde fue asignado tambi\u00e9n podr\u00eda compartir cierta responsabilidad. Resolver esto puede ser complejo.<\/p>\n<ul>\n<li>\n<h3>Problemas comunes para los trabajadores lesionados:<\/h3>\n<\/li>\n<\/ul>\n<p>Muchos trabajadores temporales enfrentan dificultades, como la de ser clasificados incorrectamente como contratistas independientes (quienes no son elegibles para compensaci\u00f3n laboral), ser presionados para regresar al trabajo demasiado pronto, o lidiar con reclamaciones denegadas debido a malentendidos sobre su condici\u00f3n laboral.<\/p>\n<h2>Su derecho a la compensaci\u00f3n laboral<\/h2>\n<p>Sin importar para qui\u00e9n trabaje, si usted se lesiona en el trabajo en Carolina del Norte, tiene derecho a recibir beneficios de compensaci\u00f3n laboral.<\/p>\n<h3>Estos beneficios pueden cubrir:<\/h3>\n<ul>\n<li><strong>Gastos m\u00e9dicos:<\/strong> Todo tratamiento razonable y necesario relacionado con su lesi\u00f3n.<\/li>\n<li><strong>Reemplazo de salario:<\/strong> Si su lesi\u00f3n le impide trabajar temporal o permanentemente.<\/li>\n<li><strong>Beneficios por incapacidad:<\/strong> Compensaci\u00f3n por impedimentos permanentes causados por su lesi\u00f3n.<\/li>\n<\/ul>\n<p>Sin embargo, navegar el sistema de compensaci\u00f3n laboral puede resultar abrumador, especialmente cuando existe una relaci\u00f3n de empleo dual. Las compa\u00f1\u00edas de seguros\u00a0pueden intentar minimizar su reclamaci\u00f3n o trasladar la responsabilidad entre la agencia temporal y la empresa a la que fue asignado, dej\u00e1ndolo a usted en medio de la situaci\u00f3n.<\/p>\n<h2>C\u00f3mo puede ayudar Kornbluth Ginsberg Law Group<\/h2>\n<p>Nuestro equipo de compensaci\u00f3n laboral cuenta con a\u00f1os de experiencia manejando reclamaciones de trabajadores temporales y entiende los desaf\u00edos \u00fanicos que usted puede enfrentar. Conocemos las leyes que rigen a las agencias temporales y a sus empleados, y estamos aqu\u00ed para asegurarnos de que no se aprovechen de usted.<\/p>\n<ul>\n<li><strong>Realizaremos una investigaci\u00f3n exhaustiva:<\/strong> Trabajaremos para establecer claramente la responsabilidad por su lesi\u00f3n, asegur\u00e1ndonos de que el seguro de la parte correcta cubra su reclamaci\u00f3n.<\/li>\n<li><strong>Nos encargaremos de la documentaci\u00f3n:<\/strong> Las reclamaciones de compensaci\u00f3n laboral implican plazos estrictos y formularios detallados. Nos aseguraremos de que todo se haga correctamente y a tiempo.<\/li>\n<li><strong>Lucharemos por una compensaci\u00f3n justa:<\/strong> Si su reclamaci\u00f3n es denegada o infravalorada, defenderemos sus derechos en negociaciones o audiencias.<\/li>\n<\/ul>\n<p>No tiene que enfrentar este proceso solo. En <a href=\"https:\/\/www.kornbluthginsberg.com\/es\/acerca-de\/\">Kornbluth Ginsberg Law Group<\/a>, creemos en defender a las personas trabajadoras que han resultado lesionadas en el trabajo. Lucharemos para obtener la atenci\u00f3n m\u00e9dica y el apoyo financiero que usted necesita, para que pueda concentrarse en su recuperaci\u00f3n.<\/p>\n<p>Si usted o alguien que conoce ha resultado lesionado mientras trabajaba para una agencia temporal, no espere para obtener ayuda. <a href=\"https:\/\/www.kornbluthginsberg.com\/contact-us\/\">Cont\u00e1ctenos<\/a> hoy mismo o ll\u00e1menos al\u00a0<a href=\"tel: +19199809895\" data-ctm-watch-id=\"7\" data-ctm-tracked=\"1\" data-observe=\"1\" data-observer-id=\"3\">919-980-9895<\/a>\u00a0para una consulta y permita que nuestro experimentado equipo de compensaci\u00f3n laboral lo gu\u00ede en cada paso del proceso.<\/p>\n<p>Nuestra oficina est\u00e1 convenientemente ubicada en\u00a0<strong data-start=\"49\" data-end=\"97\">3400 Croasdaile Drive, Suite 300, Durham.<\/strong>\u00a0Estamos aqu\u00ed para ayudarle a retomar el rumbo.<\/p>\n<p style=\"text-align: center;\"><a href=\"https:\/\/www.google.com\/maps\/dir\/\/Kornbluth+Ginsberg+Law+Group,+P.A.,+3400+Croasdaile+Dr+STE+300,+Durham,+NC+27705\/@36.0265831,-78.9509855,18z\/data=!4m17!1m7!3m6!1s0x89ace6f650868921:0x8f68d512f8a0d623!2sKornbluth+Ginsberg+Law+Group,+P.A.!8m2!3d36.0266048!4d-78.9520691!16s%2Fg%2F11g815t3y5!4m8!1m0!1m5!1m1!1s0x89ace6f650868921:0x8f68d512f8a0d623!2m2!1d-78.9520691!2d36.0266048!3e0?hl=en&amp;entry=ttu&amp;g_ep=EgoyMDI2MDEyNy4wIKXMDSoASAFQAw%3D%3D\" target=\"_blank\" rel=\"noopener\"><b>Conozca c\u00f3mo llegar a nuestro bufete de abogados de compensaci\u00f3n laboral<\/b><\/a><\/p>\n","protected":false},"excerpt":{"rendered":"<p>Si usted se lesion\u00f3 mientras trabajaba para una agencia temporal, es posible que se enfrente a una batalla dif\u00edcil para obtener los beneficios de compensaci\u00f3n laboral a los que tiene derecho. Desde asegurarse de que se identifique y notifique al patrono o patronos correctos, hasta lograr que comiencen los beneficios que necesita, lidiar con una [&hellip;]<\/p>\n","protected":false},"author":17,"featured_media":25453,"parent":3353,"menu_order":0,"comment_status":"closed","ping_status":"closed","template":"","meta":{"_acf_changed":false,"footnotes":""},"class_list":["post-25438","page","type-page","status-publish","has-post-thumbnail","hentry"],"acf":[],"yoast_head":"<!-- This site is optimized with the Yoast SEO plugin v27.5 - https:\/\/yoast.com\/product\/yoast-seo-wordpress\/ -->\n<title>Compensaci\u00f3n Laboral para Trabajadores Temporales<\/title>\n<meta name=\"description\" content=\"Lesionado trabajando para una agencia temporal? Conozca sus derechos de compensaci\u00f3n laboral. Kornbluth Ginsberg puede ayudarle.\" \/>\n<meta name=\"robots\" content=\"index, follow, max-snippet:-1, max-image-preview:large, max-video-preview:-1\" \/>\n<link rel=\"canonical\" href=\"https:\/\/www.kornbluthginsberg.com\/es\/lesiones-personales-north-carolina\/trabajadores-temporales\/\" \/>\n<meta property=\"og:locale\" content=\"es_ES\" \/>\n<meta property=\"og:type\" content=\"article\" \/>\n<meta property=\"og:title\" content=\"Compensaci\u00f3n Laboral para Trabajadores Temporales\" \/>\n<meta property=\"og:description\" content=\"Lesionado trabajando para una agencia temporal? Conozca sus derechos de compensaci\u00f3n laboral. Kornbluth Ginsberg puede ayudarle.\" \/>\n<meta property=\"og:url\" content=\"https:\/\/www.kornbluthginsberg.com\/es\/lesiones-personales-north-carolina\/trabajadores-temporales\/\" \/>\n<meta property=\"og:site_name\" content=\"Kornbluth Ginsberg Law Group, P.A.\" \/>\n<meta property=\"article:publisher\" content=\"https:\/\/www.facebook.com\/p\/Kornbluth-Ginsberg-Law-Group-PA-100063533381851\/\" \/>\n<meta property=\"og:image\" content=\"https:\/\/www.kornbluthginsberg.com\/wp-content\/uploads\/2026\/04\/compensacion-laboral-para-trabajadores-temporales.png\" \/>\n\t<meta property=\"og:image:width\" content=\"930\" \/>\n\t<meta property=\"og:image:height\" content=\"360\" \/>\n\t<meta property=\"og:image:type\" content=\"image\/png\" \/>\n<meta name=\"twitter:card\" content=\"summary_large_image\" \/>\n<meta name=\"twitter:site\" content=\"@kornbluthginsb1\" \/>\n<meta name=\"twitter:label1\" content=\"Tiempo de lectura\" \/>\n\t<meta name=\"twitter:data1\" content=\"3 minutos\" \/>\n<!-- \/ Yoast SEO plugin. -->","yoast_head_json":{"title":"Compensaci\u00f3n Laboral para Trabajadores Temporales","description":"Lesionado trabajando para una agencia temporal? Conozca sus derechos de compensaci\u00f3n laboral. Kornbluth Ginsberg puede ayudarle.","robots":{"index":"index","follow":"follow","max-snippet":"max-snippet:-1","max-image-preview":"max-image-preview:large","max-video-preview":"max-video-preview:-1"},"canonical":"https:\/\/www.kornbluthginsberg.com\/es\/lesiones-personales-north-carolina\/trabajadores-temporales\/","og_locale":"es_ES","og_type":"article","og_title":"Compensaci\u00f3n Laboral para Trabajadores Temporales","og_description":"Lesionado trabajando para una agencia temporal? Conozca sus derechos de compensaci\u00f3n laboral. Kornbluth Ginsberg puede ayudarle.","og_url":"https:\/\/www.kornbluthginsberg.com\/es\/lesiones-personales-north-carolina\/trabajadores-temporales\/","og_site_name":"Kornbluth Ginsberg Law Group, P.A.","article_publisher":"https:\/\/www.facebook.com\/p\/Kornbluth-Ginsberg-Law-Group-PA-100063533381851\/","og_image":[{"width":930,"height":360,"url":"https:\/\/www.kornbluthginsberg.com\/wp-content\/uploads\/2026\/04\/compensacion-laboral-para-trabajadores-temporales.png","type":"image\/png"}],"twitter_card":"summary_large_image","twitter_site":"@kornbluthginsb1","twitter_misc":{"Tiempo de lectura":"3 minutos"},"schema":{"@context":"https:\/\/schema.org","@graph":[{"@type":"WebPage","@id":"https:\/\/www.kornbluthginsberg.com\/es\/lesiones-personales-north-carolina\/trabajadores-temporales\/","url":"https:\/\/www.kornbluthginsberg.com\/es\/lesiones-personales-north-carolina\/trabajadores-temporales\/","name":"Compensaci\u00f3n Laboral para Trabajadores Temporales","isPartOf":{"@id":"https:\/\/www.kornbluthginsberg.com\/es\/#website"},"primaryImageOfPage":{"@id":"https:\/\/www.kornbluthginsberg.com\/es\/lesiones-personales-north-carolina\/trabajadores-temporales\/#primaryimage"},"image":{"@id":"https:\/\/www.kornbluthginsberg.com\/es\/lesiones-personales-north-carolina\/trabajadores-temporales\/#primaryimage"},"thumbnailUrl":"https:\/\/www.kornbluthginsberg.com\/wp-content\/uploads\/2026\/04\/compensacion-laboral-para-trabajadores-temporales.png","datePublished":"2026-04-23T14:57:43+00:00","description":"Lesionado trabajando para una agencia temporal? Conozca sus derechos de compensaci\u00f3n laboral. Kornbluth Ginsberg puede ayudarle.","breadcrumb":{"@id":"https:\/\/www.kornbluthginsberg.com\/es\/lesiones-personales-north-carolina\/trabajadores-temporales\/#breadcrumb"},"inLanguage":"es","potentialAction":[{"@type":"ReadAction","target":["https:\/\/www.kornbluthginsberg.com\/es\/lesiones-personales-north-carolina\/trabajadores-temporales\/"]}]},{"@type":"ImageObject","inLanguage":"es","@id":"https:\/\/www.kornbluthginsberg.com\/es\/lesiones-personales-north-carolina\/trabajadores-temporales\/#primaryimage","url":"https:\/\/www.kornbluthginsberg.com\/wp-content\/uploads\/2026\/04\/compensacion-laboral-para-trabajadores-temporales.png","contentUrl":"https:\/\/www.kornbluthginsberg.com\/wp-content\/uploads\/2026\/04\/compensacion-laboral-para-trabajadores-temporales.png","width":930,"height":360,"caption":"Compensaci\u00f3n Laboral para Trabajadores Temporales"},{"@type":"BreadcrumbList","@id":"https:\/\/www.kornbluthginsberg.com\/es\/lesiones-personales-north-carolina\/trabajadores-temporales\/#breadcrumb","itemListElement":[{"@type":"ListItem","position":1,"name":"Inicio","item":"https:\/\/www.kornbluthginsberg.com\/es\/"},{"@type":"ListItem","position":2,"name":"Abogado de lesiones personales de Carolina del Norte","item":"https:\/\/www.kornbluthginsberg.com\/es\/lesiones-personales-north-carolina\/"},{"@type":"ListItem","position":3,"name":"Trabajadores Temporales"}]},{"@type":"WebSite","@id":"https:\/\/www.kornbluthginsberg.com\/es\/#website","url":"https:\/\/www.kornbluthginsberg.com\/es\/","name":"Kornbluth Ginsberg Law Group, P.A.","description":"","publisher":{"@id":"https:\/\/www.kornbluthginsberg.com\/es\/#organization"},"potentialAction":[{"@type":"SearchAction","target":{"@type":"EntryPoint","urlTemplate":"https:\/\/www.kornbluthginsberg.com\/es\/?s={search_term_string}"},"query-input":{"@type":"PropertyValueSpecification","valueRequired":true,"valueName":"search_term_string"}}],"inLanguage":"es"},{"@type":"Organization","@id":"https:\/\/www.kornbluthginsberg.com\/es\/#organization","name":"Kornbluth Ginsberg Law Group, P.A.","url":"https:\/\/www.kornbluthginsberg.com\/es\/","logo":{"@type":"ImageObject","inLanguage":"es","@id":"https:\/\/www.kornbluthginsberg.com\/es\/#\/schema\/logo\/image\/","url":"https:\/\/www.kornbluthginsberg.com\/wp-content\/uploads\/2024\/08\/logo-footer.svg","contentUrl":"https:\/\/www.kornbluthginsberg.com\/wp-content\/uploads\/2024\/08\/logo-footer.svg","width":1,"height":1,"caption":"Kornbluth Ginsberg Law Group, P.A."},"image":{"@id":"https:\/\/www.kornbluthginsberg.com\/es\/#\/schema\/logo\/image\/"},"sameAs":["https:\/\/www.facebook.com\/p\/Kornbluth-Ginsberg-Law-Group-PA-100063533381851\/","https:\/\/x.com\/kornbluthginsb1","https:\/\/www.linkedin.com\/company\/kornbluth-ginsberg-law-group-p-a\/about\/","https:\/\/www.yelp.com\/biz\/kornbluth-ginsberg-law-group-p-a-durham-3"]}]}},"_links":{"self":[{"href":"https:\/\/www.kornbluthginsberg.com\/es\/wp-json\/wp\/v2\/pages\/25438","targetHints":{"allow":["GET"]}}],"collection":[{"href":"https:\/\/www.kornbluthginsberg.com\/es\/wp-json\/wp\/v2\/pages"}],"about":[{"href":"https:\/\/www.kornbluthginsberg.com\/es\/wp-json\/wp\/v2\/types\/page"}],"author":[{"embeddable":true,"href":"https:\/\/www.kornbluthginsberg.com\/es\/wp-json\/wp\/v2\/users\/17"}],"replies":[{"embeddable":true,"href":"https:\/\/www.kornbluthginsberg.com\/es\/wp-json\/wp\/v2\/comments?post=25438"}],"version-history":[{"count":0,"href":"https:\/\/www.kornbluthginsberg.com\/es\/wp-json\/wp\/v2\/pages\/25438\/revisions"}],"up":[{"embeddable":true,"href":"https:\/\/www.kornbluthginsberg.com\/es\/wp-json\/wp\/v2\/pages\/3353"}],"wp:featuredmedia":[{"embeddable":true,"href":"https:\/\/www.kornbluthginsberg.com\/es\/wp-json\/wp\/v2\/media\/25453"}],"wp:attachment":[{"href":"https:\/\/www.kornbluthginsberg.com\/es\/wp-json\/wp\/v2\/media?parent=25438"}],"curies":[{"name":"wp","href":"https:\/\/api.w.org\/{rel}","templated":true}]}}