{"id":25324,"date":"2026-04-22T13:34:09","date_gmt":"2026-04-22T13:34:09","guid":{"rendered":"https:\/\/www.kornbluthginsberg.com\/?page_id=25324"},"modified":"2026-04-23T17:21:23","modified_gmt":"2026-04-23T17:21:23","slug":"dolor-cronico","status":"publish","type":"page","link":"https:\/\/www.kornbluthginsberg.com\/es\/indemnizacion-por-accidente-laboral\/dolor-cronico\/","title":{"rendered":"Dolor Cr\u00f3nico"},"content":{"rendered":"<p>Lesionarse en el trabajo es mucho m\u00e1s que un simple accidente: es una experiencia que cambia la vida y que puede afectar su salud, su sustento econ\u00f3mico y su bienestar emocional. Para muchos trabajadores, las lesiones sufridas en el trabajo no desaparecen despu\u00e9s de unas pocas semanas de descanso o tratamiento m\u00e9dico. Por lo contrario, se convierten en <strong>dolor cr\u00f3nico<\/strong>, una condici\u00f3n que puede hacer que las tareas cotidianas parezcan imposibles.<\/p>\n<p>Si usted est\u00e1 sufriendo de dolor cr\u00f3nico relacionado con una <a href=\"https:\/\/www.kornbluthginsberg.com\/es\/indemnizacion-por-accidente-laboral\/\">reclamaci\u00f3n de compensaci\u00f3n laboral<\/a>, es importante que sepa que no est\u00e1 solo y que tiene derechos.<\/p>\n<h2>\u00bfQu\u00e9 es el dolor cr\u00f3nico?<\/h2>\n<p>El dolor cr\u00f3nico es un dolor que persiste durante semanas, meses o incluso a\u00f1os despu\u00e9s de la lesi\u00f3n inicial. A diferencia del dolor agudo, que es la respuesta natural del cuerpo a una lesi\u00f3n y generalmente disminuye a medida que el cuerpo sana, el dolor cr\u00f3nico puede continuar mucho tiempo despu\u00e9s de que la lesi\u00f3n haya sanado.<\/p>\n<p>Este dolor constante a menudo interfiere con la vida diaria, dificultando trabajar, dormir o disfrutar del tiempo con sus seres queridos.<\/p>\n<p>Las causas comunes del dolor cr\u00f3nico derivado de lesiones laborales incluyen lesiones de espalda, <a href=\"https:\/\/www.kornbluthginsberg.com\/es\/indemnizacion-por-accidente-laboral\/movimientos-repetitivos\/\">lesiones por esfuerzo repetitivo<\/a>, da\u00f1o a los nervios y afecciones como el <strong>S\u00edndrome de Dolor Regional Complejo (CRPS, por sus siglas en ingl\u00e9s)<\/strong>.<\/p>\n<p>Es importante reconocer que el dolor cr\u00f3nico no est\u00e1 \u201csolo en su cabeza\u201d; es una condici\u00f3n m\u00e9dica leg\u00edtima que requiere tratamiento especializado y apoyo.<\/p>\n<h2>\u00bfQu\u00e9 es el CRPS?<\/h2>\n<p>El <strong>S\u00edndrome de Dolor Regional Complejo (CRPS)<\/strong> es una condici\u00f3n de dolor cr\u00f3nico que a menudo se desarrolla despu\u00e9s de una lesi\u00f3n o cirug\u00eda. Se caracteriza por un dolor intenso y ardiente que con frecuencia es desproporcionado en comparaci\u00f3n con la lesi\u00f3n original. Los s\u00edntomas pueden incluir hinchaz\u00f3n, sensibilidad al tacto, cambios en el color o la temperatura de la piel y una sensaci\u00f3n de \u201chormigueo\u201d o \u201cpiquetes\u201d en el \u00e1rea afectada.<\/p>\n<p>El CRPS es dif\u00edcil de diagnosticar y a\u00fan m\u00e1s dif\u00edcil de manejar, pero no es imposible de superar. Con la atenci\u00f3n m\u00e9dica y el apoyo adecuado, las personas con CRPS pueden encontrar formas de mejorar su calidad de vida. Para los trabajadores que enfrentan esta condici\u00f3n debido a una lesi\u00f3n laboral, es fundamental asegurarse de tener acceso a los tratamientos adecuados, y ah\u00ed es donde interviene nuestro equipo.<\/p>\n<h2>El papel de la terapia con ketamina<\/h2>\n<p>Un tratamiento innovador para el dolor cr\u00f3nico y el CRPS es la <strong>terapia con ketamina<\/strong>. La ketamina, utilizada tradicionalmente como anest\u00e9sico, ha demostrado ayudar a reducir el dolor y la inflamaci\u00f3n en personas con afecciones cr\u00f3nicas. Al \u201crestablecer\u201d las v\u00edas nerviosas en el cerebro y la m\u00e9dula espinal, la terapia con ketamina puede ofrecer alivio a quienes no han encontrado resultados con tratamientos tradicionales.<\/p>\n<p>Aunque la terapia con ketamina muestra resultados prometedores, puede ser costosa y no siempre est\u00e1 cubierta por el seguro. Esta es una de las muchas razones por las que es esencial contar con un abogado con experiencia en compensaci\u00f3n laboral de su lado. Nuestro equipo puede luchar por su derecho a recibir atenci\u00f3n m\u00e9dica integral, asegur\u00e1ndose de que obtenga el tratamiento que necesita sin estr\u00e9s financiero adicional.<\/p>\n<h2>C\u00f3mo puede ayudar Kornbluth Ginsberg Law Group<\/h2>\n<p>Sabemos que el dolor cr\u00f3nico no solo afecta su cuerpo, sino toda su vida. Nuestros abogados de compensaci\u00f3n laboral, emp\u00e1ticos y con experiencia, est\u00e1n aqu\u00ed para ayudarle a navegar el sistema legal y <a href=\"https:\/\/www.kornbluthginsberg.com\/es\/indemnizacion-por-accidente-laboral\/beneficios\/\">obtener los beneficios<\/a> a los que tiene derecho. Desde manejar la documentaci\u00f3n hasta representarlo en una audiencia, estamos dedicados a aliviar su carga para que usted pueda concentrarse en sanar.<\/p>\n<p>Si est\u00e1 experimentando dolor cr\u00f3nico despu\u00e9s de una lesi\u00f3n en el trabajo, no lo enfrente solo. <a href=\"https:\/\/www.kornbluthginsberg.com\/contact-us\/\">Comun\u00edquese<\/a> hoy con <a href=\"https:\/\/www.kornbluthginsberg.com\/es\/acerca-de\/\">Kornbluth Ginsberg Law Group<\/a> o ll\u00e1menos 24\/7 al\u00a0<a href=\"tel: +19199809895\" data-ctm-watch-id=\"7\" data-ctm-tracked=\"1\" data-observe=\"1\" data-observer-id=\"3\">919-980-9895<\/a>. Juntos, podemos trabajar hacia un futuro mejor y libre de dolor.<\/p>\n<p>Nuestra oficina est\u00e1 convenientemente ubicada en\u00a0<strong data-start=\"49\" data-end=\"97\">3400 Croasdaile Drive, Suite 300, Durham, <\/strong>para una consulta gratuita. Estamos aqu\u00ed para ayudarle a retomar el rumbo.<\/p>\n<p class=\"nitro-offscreen\" style=\"text-align: center;\"><a href=\"https:\/\/www.google.com\/maps\/dir\/\/Kornbluth+Ginsberg+Law+Group,+P.A.,+3400+Croasdaile+Dr+STE+300,+Durham,+NC+27705\/@36.0265831,-78.9509855,18z\/data=!4m17!1m7!3m6!1s0x89ace6f650868921:0x8f68d512f8a0d623!2sKornbluth+Ginsberg+Law+Group,+P.A.!8m2!3d36.0266048!4d-78.9520691!16s%2Fg%2F11g815t3y5!4m8!1m0!1m5!1m1!1s0x89ace6f650868921:0x8f68d512f8a0d623!2m2!1d-78.9520691!2d36.0266048!3e0?hl=en&amp;entry=ttu&amp;g_ep=EgoyMDI2MDEyNy4wIKXMDSoASAFQAw%3D%3D\" target=\"_blank\" rel=\"noopener\"><b>Conozca c\u00f3mo llegar a nuestro bufete de abogados de compensaci\u00f3n laboral<\/b><\/a><\/p>\n","protected":false},"excerpt":{"rendered":"<p>Lesionarse en el trabajo es mucho m\u00e1s que un simple accidente: es una experiencia que cambia la vida y que puede afectar su salud, su sustento econ\u00f3mico y su bienestar emocional. Para muchos trabajadores, las lesiones sufridas en el trabajo no desaparecen despu\u00e9s de unas pocas semanas de descanso o tratamiento m\u00e9dico. Por lo contrario, [&hellip;]<\/p>\n","protected":false},"author":17,"featured_media":25343,"parent":3346,"menu_order":0,"comment_status":"closed","ping_status":"closed","template":"","meta":{"_acf_changed":false,"footnotes":""},"class_list":["post-25324","page","type-page","status-publish","has-post-thumbnail","hentry"],"acf":[],"yoast_head":"<!-- This site is optimized with the Yoast SEO plugin v27.5 - https:\/\/yoast.com\/product\/yoast-seo-wordpress\/ -->\n<title>C\u00f3mo entender el dolor cr\u00f3nico<\/title>\n<meta name=\"description\" content=\"Entienda el dolor cr\u00f3nico por lesiones laborales, sus derechos y opciones de tratamiento. Kornbluth Ginsberg puede ayudarle.\" \/>\n<meta name=\"robots\" content=\"index, follow, max-snippet:-1, max-image-preview:large, max-video-preview:-1\" \/>\n<link rel=\"canonical\" href=\"https:\/\/www.kornbluthginsberg.com\/es\/indemnizacion-por-accidente-laboral\/dolor-cronico\/\" \/>\n<meta property=\"og:locale\" content=\"es_ES\" \/>\n<meta property=\"og:type\" content=\"article\" \/>\n<meta property=\"og:title\" content=\"C\u00f3mo entender el dolor cr\u00f3nico\" \/>\n<meta property=\"og:description\" content=\"Entienda el dolor cr\u00f3nico por lesiones laborales, sus derechos y opciones de tratamiento. Kornbluth Ginsberg puede ayudarle.\" \/>\n<meta property=\"og:url\" content=\"https:\/\/www.kornbluthginsberg.com\/es\/indemnizacion-por-accidente-laboral\/dolor-cronico\/\" \/>\n<meta property=\"og:site_name\" content=\"Kornbluth Ginsberg Law Group, P.A.\" \/>\n<meta property=\"article:publisher\" content=\"https:\/\/www.facebook.com\/p\/Kornbluth-Ginsberg-Law-Group-PA-100063533381851\/\" \/>\n<meta property=\"article:modified_time\" content=\"2026-04-23T17:21:23+00:00\" \/>\n<meta property=\"og:image\" content=\"https:\/\/www.kornbluthginsberg.com\/wp-content\/uploads\/2026\/04\/dolor-cronico-por-lesiones-laborales.png\" \/>\n\t<meta property=\"og:image:width\" content=\"930\" \/>\n\t<meta property=\"og:image:height\" content=\"360\" \/>\n\t<meta property=\"og:image:type\" content=\"image\/png\" \/>\n<meta name=\"twitter:card\" content=\"summary_large_image\" \/>\n<meta name=\"twitter:site\" content=\"@kornbluthginsb1\" \/>\n<meta name=\"twitter:label1\" content=\"Tiempo de lectura\" \/>\n\t<meta name=\"twitter:data1\" content=\"4 minutos\" \/>\n<!-- \/ Yoast SEO plugin. -->","yoast_head_json":{"title":"C\u00f3mo entender el dolor cr\u00f3nico","description":"Entienda el dolor cr\u00f3nico por lesiones laborales, sus derechos y opciones de tratamiento. Kornbluth Ginsberg puede ayudarle.","robots":{"index":"index","follow":"follow","max-snippet":"max-snippet:-1","max-image-preview":"max-image-preview:large","max-video-preview":"max-video-preview:-1"},"canonical":"https:\/\/www.kornbluthginsberg.com\/es\/indemnizacion-por-accidente-laboral\/dolor-cronico\/","og_locale":"es_ES","og_type":"article","og_title":"C\u00f3mo entender el dolor cr\u00f3nico","og_description":"Entienda el dolor cr\u00f3nico por lesiones laborales, sus derechos y opciones de tratamiento. Kornbluth Ginsberg puede ayudarle.","og_url":"https:\/\/www.kornbluthginsberg.com\/es\/indemnizacion-por-accidente-laboral\/dolor-cronico\/","og_site_name":"Kornbluth Ginsberg Law Group, P.A.","article_publisher":"https:\/\/www.facebook.com\/p\/Kornbluth-Ginsberg-Law-Group-PA-100063533381851\/","article_modified_time":"2026-04-23T17:21:23+00:00","og_image":[{"width":930,"height":360,"url":"https:\/\/www.kornbluthginsberg.com\/wp-content\/uploads\/2026\/04\/dolor-cronico-por-lesiones-laborales.png","type":"image\/png"}],"twitter_card":"summary_large_image","twitter_site":"@kornbluthginsb1","twitter_misc":{"Tiempo de lectura":"4 minutos"},"schema":{"@context":"https:\/\/schema.org","@graph":[{"@type":"WebPage","@id":"https:\/\/www.kornbluthginsberg.com\/es\/indemnizacion-por-accidente-laboral\/dolor-cronico\/","url":"https:\/\/www.kornbluthginsberg.com\/es\/indemnizacion-por-accidente-laboral\/dolor-cronico\/","name":"C\u00f3mo entender el dolor cr\u00f3nico","isPartOf":{"@id":"https:\/\/www.kornbluthginsberg.com\/es\/#website"},"primaryImageOfPage":{"@id":"https:\/\/www.kornbluthginsberg.com\/es\/indemnizacion-por-accidente-laboral\/dolor-cronico\/#primaryimage"},"image":{"@id":"https:\/\/www.kornbluthginsberg.com\/es\/indemnizacion-por-accidente-laboral\/dolor-cronico\/#primaryimage"},"thumbnailUrl":"https:\/\/www.kornbluthginsberg.com\/wp-content\/uploads\/2026\/04\/dolor-cronico-por-lesiones-laborales.png","datePublished":"2026-04-22T13:34:09+00:00","dateModified":"2026-04-23T17:21:23+00:00","description":"Entienda el dolor cr\u00f3nico por lesiones laborales, sus derechos y opciones de tratamiento. Kornbluth Ginsberg puede ayudarle.","breadcrumb":{"@id":"https:\/\/www.kornbluthginsberg.com\/es\/indemnizacion-por-accidente-laboral\/dolor-cronico\/#breadcrumb"},"inLanguage":"es","potentialAction":[{"@type":"ReadAction","target":["https:\/\/www.kornbluthginsberg.com\/es\/indemnizacion-por-accidente-laboral\/dolor-cronico\/"]}]},{"@type":"ImageObject","inLanguage":"es","@id":"https:\/\/www.kornbluthginsberg.com\/es\/indemnizacion-por-accidente-laboral\/dolor-cronico\/#primaryimage","url":"https:\/\/www.kornbluthginsberg.com\/wp-content\/uploads\/2026\/04\/dolor-cronico-por-lesiones-laborales.png","contentUrl":"https:\/\/www.kornbluthginsberg.com\/wp-content\/uploads\/2026\/04\/dolor-cronico-por-lesiones-laborales.png","width":930,"height":360,"caption":"Dolor cr\u00f3nico por lesiones laborales"},{"@type":"BreadcrumbList","@id":"https:\/\/www.kornbluthginsberg.com\/es\/indemnizacion-por-accidente-laboral\/dolor-cronico\/#breadcrumb","itemListElement":[{"@type":"ListItem","position":1,"name":"Inicio","item":"https:\/\/www.kornbluthginsberg.com\/es\/"},{"@type":"ListItem","position":2,"name":"Indemnizaci\u00f3n por Accidente Laboral","item":"https:\/\/www.kornbluthginsberg.com\/es\/indemnizacion-por-accidente-laboral\/"},{"@type":"ListItem","position":3,"name":"Dolor Cr\u00f3nico"}]},{"@type":"WebSite","@id":"https:\/\/www.kornbluthginsberg.com\/es\/#website","url":"https:\/\/www.kornbluthginsberg.com\/es\/","name":"Kornbluth Ginsberg Law Group, P.A.","description":"","publisher":{"@id":"https:\/\/www.kornbluthginsberg.com\/es\/#organization"},"potentialAction":[{"@type":"SearchAction","target":{"@type":"EntryPoint","urlTemplate":"https:\/\/www.kornbluthginsberg.com\/es\/?s={search_term_string}"},"query-input":{"@type":"PropertyValueSpecification","valueRequired":true,"valueName":"search_term_string"}}],"inLanguage":"es"},{"@type":"Organization","@id":"https:\/\/www.kornbluthginsberg.com\/es\/#organization","name":"Kornbluth Ginsberg Law Group, P.A.","url":"https:\/\/www.kornbluthginsberg.com\/es\/","logo":{"@type":"ImageObject","inLanguage":"es","@id":"https:\/\/www.kornbluthginsberg.com\/es\/#\/schema\/logo\/image\/","url":"https:\/\/www.kornbluthginsberg.com\/wp-content\/uploads\/2024\/08\/logo-footer.svg","contentUrl":"https:\/\/www.kornbluthginsberg.com\/wp-content\/uploads\/2024\/08\/logo-footer.svg","width":1,"height":1,"caption":"Kornbluth Ginsberg Law Group, P.A."},"image":{"@id":"https:\/\/www.kornbluthginsberg.com\/es\/#\/schema\/logo\/image\/"},"sameAs":["https:\/\/www.facebook.com\/p\/Kornbluth-Ginsberg-Law-Group-PA-100063533381851\/","https:\/\/x.com\/kornbluthginsb1","https:\/\/www.linkedin.com\/company\/kornbluth-ginsberg-law-group-p-a\/about\/","https:\/\/www.yelp.com\/biz\/kornbluth-ginsberg-law-group-p-a-durham-3"]}]}},"_links":{"self":[{"href":"https:\/\/www.kornbluthginsberg.com\/es\/wp-json\/wp\/v2\/pages\/25324","targetHints":{"allow":["GET"]}}],"collection":[{"href":"https:\/\/www.kornbluthginsberg.com\/es\/wp-json\/wp\/v2\/pages"}],"about":[{"href":"https:\/\/www.kornbluthginsberg.com\/es\/wp-json\/wp\/v2\/types\/page"}],"author":[{"embeddable":true,"href":"https:\/\/www.kornbluthginsberg.com\/es\/wp-json\/wp\/v2\/users\/17"}],"replies":[{"embeddable":true,"href":"https:\/\/www.kornbluthginsberg.com\/es\/wp-json\/wp\/v2\/comments?post=25324"}],"version-history":[{"count":0,"href":"https:\/\/www.kornbluthginsberg.com\/es\/wp-json\/wp\/v2\/pages\/25324\/revisions"}],"up":[{"embeddable":true,"href":"https:\/\/www.kornbluthginsberg.com\/es\/wp-json\/wp\/v2\/pages\/3346"}],"wp:featuredmedia":[{"embeddable":true,"href":"https:\/\/www.kornbluthginsberg.com\/es\/wp-json\/wp\/v2\/media\/25343"}],"wp:attachment":[{"href":"https:\/\/www.kornbluthginsberg.com\/es\/wp-json\/wp\/v2\/media?parent=25324"}],"curies":[{"name":"wp","href":"https:\/\/api.w.org\/{rel}","templated":true}]}}