{"id":25155,"date":"2026-04-21T13:44:39","date_gmt":"2026-04-21T13:44:39","guid":{"rendered":"https:\/\/www.kornbluthginsberg.com\/?page_id=25155"},"modified":"2026-04-23T17:17:08","modified_gmt":"2026-04-23T17:17:08","slug":"movimientos-repetitivos","status":"publish","type":"page","link":"https:\/\/www.kornbluthginsberg.com\/es\/indemnizacion-por-accidente-laboral\/movimientos-repetitivos\/","title":{"rendered":"Movimientos Repetitivos"},"content":{"rendered":"<p>Las lesiones por movimientos repetitivos, como el <strong>s\u00edndrome del t\u00fanel carpiano<\/strong> o el <strong>s\u00edndrome del t\u00fanel cubital<\/strong>, pueden ser debilitantes y un poco alarmantes para los trabajadores lesionados. Sus manos y brazos pueden ser su medio de vida, y no poder utilizarlos de la manera en que necesita puede ser alarmante.<\/p>\n<p>Las lesiones por movimientos repetitivos a menudo se desarrollan lentamente, pero pueden afectar significativamente su capacidad para trabajar, realizar tareas diarias y disfrutar de la vida.<\/p>\n<p>No enfrente esto solo. <a href=\"https:\/\/www.kornbluthginsberg.com\/contact-us\/\">Comun\u00edquese<\/a>\u00a0con Kornbluth Ginsberg hoy o ll\u00e1menos 24\/7 al\u00a0<a href=\"tel: +19199809895\" data-ctm-watch-id=\"7\" data-ctm-tracked=\"1\" data-observe=\"1\" data-observer-id=\"3\">919-980-9895<\/a>\u00a0 para una consulta gratuita y sin compromiso, y perm\u00edtanos ayudarle a retomar su camino.<\/p>\n<p>Nuestra oficina est\u00e1 ubicada en\u00a0<strong data-start=\"49\" data-end=\"97\">3400 Croasdaile Drive, Suite 300, Durham.<\/strong>\u00a0Estamos aqu\u00ed para ayudarle a comprender sus opciones legales.<\/p>\n<p style=\"text-align: center;\"><a href=\"https:\/\/www.google.com\/maps\/dir\/\/Kornbluth+Ginsberg+Law+Group,+P.A.,+3400+Croasdaile+Dr+STE+300,+Durham,+NC+27705\/@36.0265831,-78.9509855,18z\/data=!4m17!1m7!3m6!1s0x89ace6f650868921:0x8f68d512f8a0d623!2sKornbluth+Ginsberg+Law+Group,+P.A.!8m2!3d36.0266048!4d-78.9520691!16s%2Fg%2F11g815t3y5!4m8!1m0!1m5!1m1!1s0x89ace6f650868921:0x8f68d512f8a0d623!2m2!1d-78.9520691!2d36.0266048!3e0?hl=en&amp;entry=ttu&amp;g_ep=EgoyMDI2MDEyNy4wIKXMDSoASAFQAw%3D%3D\" target=\"_blank\" rel=\"noopener\"><b>Conozca c\u00f3mo llegar a nuestro bufete de abogados de compensaci\u00f3n laboral<\/b><\/a><\/p>\n<h2>\u00bfQu\u00e9 son las lesiones por movimientos repetitivos?<\/h2>\n<p>Las lesiones por movimientos repetitivos ocurren cuando movimientos frecuentes y repetidos ejercen tensi\u00f3n sobre ciertas partes del cuerpo con el paso del tiempo.<\/p>\n<h3>Por ejemplo:<\/h3>\n<p>\u2022 <strong>El s\u00edndrome del t\u00fanel carpiano<\/strong> ocurre cuando el nervio mediano en la mu\u00f1eca se comprime, a menudo debido a movimientos repetitivos de la mano o la mu\u00f1eca.<\/p>\n<p>\u2022 <strong>El s\u00edndrome del t\u00fanel cubital<\/strong> involucra el nervio cubital, que recorre la parte interna del codo, y se irrita o comprime debido a la flexi\u00f3n repetitiva del codo o a la presi\u00f3n sobre esa \u00e1rea.<\/p>\n<p>Estas lesiones son comunes entre trabajadores de oficina, empleados de f\u00e1bricas, profesionales de la salud y cualquier persona cuyo trabajo requiera tareas repetitivas como escribir en teclado, levantar objetos u operar maquinaria. Si no se tratan, estas condiciones pueden empeorar, provocando <a href=\"https:\/\/www.kornbluthginsberg.com\/es\/indemnizacion-por-accidente-laboral\/dolor-cronico\/\">dolor cr\u00f3nico<\/a>, entumecimiento e incluso da\u00f1o permanente.<\/p>\n<h2>Lesi\u00f3n accidental vs. enfermedad ocupacional<\/h2>\n<p>Si usted ha sufrido una lesi\u00f3n por movimiento repetitivo, puede preguntarse: <strong>\u201c\u00bfEsto califica como un accidente o como una enfermedad ocupacional bajo la compensaci\u00f3n laboral?\u201d<\/strong><\/p>\n<h3>Aqu\u00ed est\u00e1 la diferencia:<\/h3>\n<p>\u2022 <strong>Lesi\u00f3n accidental:<\/strong> Esto se refiere a un incidente o evento espec\u00edfico que caus\u00f3 el da\u00f1o. Por ejemplo, si se resbal\u00f3 y cay\u00f3 en el trabajo, fractur\u00e1ndose la mu\u00f1eca, eso es una lesi\u00f3n accidental. El evento es repentino e identificable.<\/p>\n<p>\u2022 <strong>Enfermedad ocupacional:<\/strong> Este t\u00e9rmino se aplica a lesiones o enfermedades que se desarrollan con el tiempo como resultado directo de su trabajo. Las lesiones por movimientos repetitivos, como el s\u00edndrome del t\u00fanel carpiano o cubital, entran en esta categor\u00eda. A diferencia de los accidentes, las enfermedades ocupacionales no tienen un solo evento desencadenante; en cambio, surgen gradualmente por las exigencias de su trabajo.<\/p>\n<h2>Compensaci\u00f3n laboral por lesiones por movimientos repetitivos<\/h2>\n<p>Navegar el sistema de compensaci\u00f3n laboral para enfermedades ocupacionales puede ser complicado. A diferencia de las lesiones accidentales, no siempre est\u00e1 claro de inmediato cu\u00e1ndo o c\u00f3mo comenz\u00f3 su lesi\u00f3n. Los patrones o las compa\u00f1\u00edas de seguros pueden cuestionar si su lesi\u00f3n realmente est\u00e1 relacionada con el trabajo.<\/p>\n<p>En <a href=\"https:\/\/www.kornbluthginsberg.com\/es\/acerca-de\/\">Kornbluth Ginsberg Law Group<\/a>, estamos aqu\u00ed para guiarlo a trav\u00e9s del proceso.<\/p>\n<h3>Le ayudaremos a:<\/h3>\n<p><strong>1. Demostrar la relaci\u00f3n con el trabajo:<\/strong> Trabajaremos para demostrar c\u00f3mo las funciones de su empleo causaron o contribuyeron a su condici\u00f3n.<\/p>\n<p><strong>2. Obtener documentaci\u00f3n m\u00e9dica:<\/strong> La evidencia m\u00e9dica completa es fundamental en los casos de enfermedades ocupacionales. Le ayudaremos a asegurarnos de que su condici\u00f3n sea diagnosticada y documentada adecuadamente.<\/p>\n<p><strong>3. Luchar por todos sus <a href=\"https:\/\/www.kornbluthginsberg.com\/es\/indemnizacion-por-accidente-laboral\/beneficios\/\">beneficios<\/a>:<\/strong> Usted tiene derecho a compensaci\u00f3n por atenci\u00f3n m\u00e9dica, reemplazo de salario y posiblemente rehabilitaci\u00f3n vocacional. Nos aseguraremos de que reciba a lo que tiene derecho.<\/p>\n<h2>\u00bfPor qu\u00e9 elegir Kornbluth Ginsberg Law Group?<\/h2>\n<p>Sabemos lo frustrante y abrumador que puede ser lidiar con una lesi\u00f3n relacionada con el trabajo, especialmente una que se desarrolla con el tiempo. Nuestro compasivo <a href=\"https:\/\/www.kornbluthginsberg.com\/es\/indemnizacion-por-accidente-laboral\/\">equipo de compensaci\u00f3n laboral<\/a> escuchar\u00e1 su historia, le explicar\u00e1 sus derechos en un lenguaje claro y manejar\u00e1 cada aspecto de su reclamaci\u00f3n para que usted pueda concentrarse en sanar.<\/p>\n<p>Las lesiones por movimientos repetitivos son serias y merecen atenci\u00f3n. No permita que las complejidades del sistema de compensaci\u00f3n laboral se interpongan en su camino. <a href=\"https:\/\/www.kornbluthginsberg.com\/contact-us\/\">Comun\u00edquese hoy<\/a> con Kornbluth Ginsberg Law Group en Durham o ll\u00e1menos al\u00a0<a href=\"tel: +19199809895\" data-ctm-watch-id=\"7\" data-ctm-tracked=\"1\" data-observe=\"1\" data-observer-id=\"3\">919-980-9895<\/a>\u00a0para una consulta gratuita.<\/p>\n","protected":false},"excerpt":{"rendered":"<p>Las lesiones por movimientos repetitivos, como el s\u00edndrome del t\u00fanel carpiano o el s\u00edndrome del t\u00fanel cubital, pueden ser debilitantes y un poco alarmantes para los trabajadores lesionados. Sus manos y brazos pueden ser su medio de vida, y no poder utilizarlos de la manera en que necesita puede ser alarmante. Las lesiones por movimientos [&hellip;]<\/p>\n","protected":false},"author":17,"featured_media":25180,"parent":3346,"menu_order":0,"comment_status":"closed","ping_status":"closed","template":"","meta":{"_acf_changed":false,"footnotes":""},"class_list":["post-25155","page","type-page","status-publish","has-post-thumbnail","hentry"],"acf":[],"yoast_head":"<!-- This site is optimized with the Yoast SEO plugin v27.5 - https:\/\/yoast.com\/product\/yoast-seo-wordpress\/ -->\n<title>Compensaci\u00f3n laboral por lesiones por movimientos repetitivos<\/title>\n<meta name=\"description\" content=\"Gu\u00eda sobre compensaci\u00f3n laboral por lesiones por movimientos repetitivos. Conozca sus derechos. Kornbluth Ginsberg le ayuda. Consulta gratis.\" \/>\n<meta name=\"robots\" content=\"index, follow, max-snippet:-1, max-image-preview:large, max-video-preview:-1\" \/>\n<link rel=\"canonical\" href=\"https:\/\/www.kornbluthginsberg.com\/es\/indemnizacion-por-accidente-laboral\/movimientos-repetitivos\/\" \/>\n<meta property=\"og:locale\" content=\"es_ES\" \/>\n<meta property=\"og:type\" content=\"article\" \/>\n<meta property=\"og:title\" content=\"Compensaci\u00f3n laboral por lesiones por movimientos repetitivos\" \/>\n<meta property=\"og:description\" content=\"Gu\u00eda sobre compensaci\u00f3n laboral por lesiones por movimientos repetitivos. Conozca sus derechos. Kornbluth Ginsberg le ayuda. Consulta gratis.\" \/>\n<meta property=\"og:url\" content=\"https:\/\/www.kornbluthginsberg.com\/es\/indemnizacion-por-accidente-laboral\/movimientos-repetitivos\/\" \/>\n<meta property=\"og:site_name\" content=\"Kornbluth Ginsberg Law Group, P.A.\" \/>\n<meta property=\"article:publisher\" content=\"https:\/\/www.facebook.com\/p\/Kornbluth-Ginsberg-Law-Group-PA-100063533381851\/\" \/>\n<meta property=\"article:modified_time\" content=\"2026-04-23T17:17:08+00:00\" \/>\n<meta property=\"og:image\" content=\"https:\/\/www.kornbluthginsberg.com\/wp-content\/uploads\/2026\/04\/compensacion-laboral-por-lesiones-por-movimientos-repetitivos.png\" \/>\n\t<meta property=\"og:image:width\" content=\"930\" \/>\n\t<meta property=\"og:image:height\" content=\"360\" \/>\n\t<meta property=\"og:image:type\" content=\"image\/png\" \/>\n<meta name=\"twitter:card\" content=\"summary_large_image\" \/>\n<meta name=\"twitter:site\" content=\"@kornbluthginsb1\" \/>\n<meta name=\"twitter:label1\" content=\"Tiempo de lectura\" \/>\n\t<meta name=\"twitter:data1\" content=\"4 minutos\" \/>\n<!-- \/ Yoast SEO plugin. -->","yoast_head_json":{"title":"Compensaci\u00f3n laboral por lesiones por movimientos repetitivos","description":"Gu\u00eda sobre compensaci\u00f3n laboral por lesiones por movimientos repetitivos. Conozca sus derechos. Kornbluth Ginsberg le ayuda. Consulta gratis.","robots":{"index":"index","follow":"follow","max-snippet":"max-snippet:-1","max-image-preview":"max-image-preview:large","max-video-preview":"max-video-preview:-1"},"canonical":"https:\/\/www.kornbluthginsberg.com\/es\/indemnizacion-por-accidente-laboral\/movimientos-repetitivos\/","og_locale":"es_ES","og_type":"article","og_title":"Compensaci\u00f3n laboral por lesiones por movimientos repetitivos","og_description":"Gu\u00eda sobre compensaci\u00f3n laboral por lesiones por movimientos repetitivos. Conozca sus derechos. Kornbluth Ginsberg le ayuda. Consulta gratis.","og_url":"https:\/\/www.kornbluthginsberg.com\/es\/indemnizacion-por-accidente-laboral\/movimientos-repetitivos\/","og_site_name":"Kornbluth Ginsberg Law Group, P.A.","article_publisher":"https:\/\/www.facebook.com\/p\/Kornbluth-Ginsberg-Law-Group-PA-100063533381851\/","article_modified_time":"2026-04-23T17:17:08+00:00","og_image":[{"width":930,"height":360,"url":"https:\/\/www.kornbluthginsberg.com\/wp-content\/uploads\/2026\/04\/compensacion-laboral-por-lesiones-por-movimientos-repetitivos.png","type":"image\/png"}],"twitter_card":"summary_large_image","twitter_site":"@kornbluthginsb1","twitter_misc":{"Tiempo de lectura":"4 minutos"},"schema":{"@context":"https:\/\/schema.org","@graph":[{"@type":"WebPage","@id":"https:\/\/www.kornbluthginsberg.com\/es\/indemnizacion-por-accidente-laboral\/movimientos-repetitivos\/","url":"https:\/\/www.kornbluthginsberg.com\/es\/indemnizacion-por-accidente-laboral\/movimientos-repetitivos\/","name":"Compensaci\u00f3n laboral por lesiones por movimientos repetitivos","isPartOf":{"@id":"https:\/\/www.kornbluthginsberg.com\/es\/#website"},"primaryImageOfPage":{"@id":"https:\/\/www.kornbluthginsberg.com\/es\/indemnizacion-por-accidente-laboral\/movimientos-repetitivos\/#primaryimage"},"image":{"@id":"https:\/\/www.kornbluthginsberg.com\/es\/indemnizacion-por-accidente-laboral\/movimientos-repetitivos\/#primaryimage"},"thumbnailUrl":"https:\/\/www.kornbluthginsberg.com\/wp-content\/uploads\/2026\/04\/compensacion-laboral-por-lesiones-por-movimientos-repetitivos.png","datePublished":"2026-04-21T13:44:39+00:00","dateModified":"2026-04-23T17:17:08+00:00","description":"Gu\u00eda sobre compensaci\u00f3n laboral por lesiones por movimientos repetitivos. Conozca sus derechos. Kornbluth Ginsberg le ayuda. Consulta gratis.","breadcrumb":{"@id":"https:\/\/www.kornbluthginsberg.com\/es\/indemnizacion-por-accidente-laboral\/movimientos-repetitivos\/#breadcrumb"},"inLanguage":"es","potentialAction":[{"@type":"ReadAction","target":["https:\/\/www.kornbluthginsberg.com\/es\/indemnizacion-por-accidente-laboral\/movimientos-repetitivos\/"]}]},{"@type":"ImageObject","inLanguage":"es","@id":"https:\/\/www.kornbluthginsberg.com\/es\/indemnizacion-por-accidente-laboral\/movimientos-repetitivos\/#primaryimage","url":"https:\/\/www.kornbluthginsberg.com\/wp-content\/uploads\/2026\/04\/compensacion-laboral-por-lesiones-por-movimientos-repetitivos.png","contentUrl":"https:\/\/www.kornbluthginsberg.com\/wp-content\/uploads\/2026\/04\/compensacion-laboral-por-lesiones-por-movimientos-repetitivos.png","width":930,"height":360,"caption":"Compensaci\u00f3n laboral por lesiones por movimientos repetitivos"},{"@type":"BreadcrumbList","@id":"https:\/\/www.kornbluthginsberg.com\/es\/indemnizacion-por-accidente-laboral\/movimientos-repetitivos\/#breadcrumb","itemListElement":[{"@type":"ListItem","position":1,"name":"Inicio","item":"https:\/\/www.kornbluthginsberg.com\/es\/"},{"@type":"ListItem","position":2,"name":"Indemnizaci\u00f3n por Accidente Laboral","item":"https:\/\/www.kornbluthginsberg.com\/es\/indemnizacion-por-accidente-laboral\/"},{"@type":"ListItem","position":3,"name":"Movimientos Repetitivos"}]},{"@type":"WebSite","@id":"https:\/\/www.kornbluthginsberg.com\/es\/#website","url":"https:\/\/www.kornbluthginsberg.com\/es\/","name":"Kornbluth Ginsberg Law Group, P.A.","description":"","publisher":{"@id":"https:\/\/www.kornbluthginsberg.com\/es\/#organization"},"potentialAction":[{"@type":"SearchAction","target":{"@type":"EntryPoint","urlTemplate":"https:\/\/www.kornbluthginsberg.com\/es\/?s={search_term_string}"},"query-input":{"@type":"PropertyValueSpecification","valueRequired":true,"valueName":"search_term_string"}}],"inLanguage":"es"},{"@type":"Organization","@id":"https:\/\/www.kornbluthginsberg.com\/es\/#organization","name":"Kornbluth Ginsberg Law Group, P.A.","url":"https:\/\/www.kornbluthginsberg.com\/es\/","logo":{"@type":"ImageObject","inLanguage":"es","@id":"https:\/\/www.kornbluthginsberg.com\/es\/#\/schema\/logo\/image\/","url":"https:\/\/www.kornbluthginsberg.com\/wp-content\/uploads\/2024\/08\/logo-footer.svg","contentUrl":"https:\/\/www.kornbluthginsberg.com\/wp-content\/uploads\/2024\/08\/logo-footer.svg","width":1,"height":1,"caption":"Kornbluth Ginsberg Law Group, P.A."},"image":{"@id":"https:\/\/www.kornbluthginsberg.com\/es\/#\/schema\/logo\/image\/"},"sameAs":["https:\/\/www.facebook.com\/p\/Kornbluth-Ginsberg-Law-Group-PA-100063533381851\/","https:\/\/x.com\/kornbluthginsb1","https:\/\/www.linkedin.com\/company\/kornbluth-ginsberg-law-group-p-a\/about\/","https:\/\/www.yelp.com\/biz\/kornbluth-ginsberg-law-group-p-a-durham-3"]}]}},"_links":{"self":[{"href":"https:\/\/www.kornbluthginsberg.com\/es\/wp-json\/wp\/v2\/pages\/25155","targetHints":{"allow":["GET"]}}],"collection":[{"href":"https:\/\/www.kornbluthginsberg.com\/es\/wp-json\/wp\/v2\/pages"}],"about":[{"href":"https:\/\/www.kornbluthginsberg.com\/es\/wp-json\/wp\/v2\/types\/page"}],"author":[{"embeddable":true,"href":"https:\/\/www.kornbluthginsberg.com\/es\/wp-json\/wp\/v2\/users\/17"}],"replies":[{"embeddable":true,"href":"https:\/\/www.kornbluthginsberg.com\/es\/wp-json\/wp\/v2\/comments?post=25155"}],"version-history":[{"count":0,"href":"https:\/\/www.kornbluthginsberg.com\/es\/wp-json\/wp\/v2\/pages\/25155\/revisions"}],"up":[{"embeddable":true,"href":"https:\/\/www.kornbluthginsberg.com\/es\/wp-json\/wp\/v2\/pages\/3346"}],"wp:featuredmedia":[{"embeddable":true,"href":"https:\/\/www.kornbluthginsberg.com\/es\/wp-json\/wp\/v2\/media\/25180"}],"wp:attachment":[{"href":"https:\/\/www.kornbluthginsberg.com\/es\/wp-json\/wp\/v2\/media?parent=25155"}],"curies":[{"name":"wp","href":"https:\/\/api.w.org\/{rel}","templated":true}]}}