{"id":22259,"date":"2026-01-27T20:06:53","date_gmt":"2026-01-27T20:06:53","guid":{"rendered":"https:\/\/www.kornbluthginsberg.com\/?page_id=22259"},"modified":"2026-04-23T16:09:33","modified_gmt":"2026-04-23T16:09:33","slug":"beneficios","status":"publish","type":"page","link":"https:\/\/www.kornbluthginsberg.com\/es\/indemnizacion-por-accidente-laboral\/beneficios\/","title":{"rendered":"Beneficios"},"content":{"rendered":"<p>Si ha sufrido una lesi\u00f3n en el trabajo en Carolina del Norte, es posible que sea elegible para recibir beneficios de compensaci\u00f3n laboral. En Kornbluth Ginsberg Law Group, estamos comprometidos a ayudar a los trabajadores lesionados a navegar por las complejidades del sistema de <a href=\"https:\/\/www.kornbluthginsberg.com\/es\/indemnizacion-por-accidente-laboral\/\">compensaci\u00f3n laboral<\/a>.<\/p>\n<p><a href=\"https:\/\/www.kornbluthginsberg.com\/contact-us\/\">Comun\u00edquese<\/a>\u00a0con Kornbluth Ginsberg hoy o ll\u00e1menos 24\/7 al\u00a0<a href=\"tel: +19199809895\" data-ctm-watch-id=\"7\" data-ctm-tracked=\"1\" data-observe=\"1\" data-observer-id=\"3\">919-980-9895<\/a>\u00a0 para una consulta gratuita y sin compromiso, y perm\u00edtanos ayudarle a retomar su camino.<\/p>\n<p>Nuestra oficina est\u00e1 ubicada en\u00a0<strong data-start=\"49\" data-end=\"97\">3400 Croasdaile Drive, Suite 300, Durham.<\/strong>\u00a0Estamos aqu\u00ed para ayudarle a comprender sus opciones legales.<\/p>\n<p style=\"text-align: center;\"><a href=\"https:\/\/www.google.com\/maps\/dir\/\/Kornbluth+Ginsberg+Law+Group,+P.A.,+3400+Croasdaile+Dr+STE+300,+Durham,+NC+27705\/@36.0265831,-78.9509855,18z\/data=!4m17!1m7!3m6!1s0x89ace6f650868921:0x8f68d512f8a0d623!2sKornbluth+Ginsberg+Law+Group,+P.A.!8m2!3d36.0266048!4d-78.9520691!16s%2Fg%2F11g815t3y5!4m8!1m0!1m5!1m1!1s0x89ace6f650868921:0x8f68d512f8a0d623!2m2!1d-78.9520691!2d36.0266048!3e0?hl=en&amp;entry=ttu&amp;g_ep=EgoyMDI2MDEyNy4wIKXMDSoASAFQAw%3D%3D\" target=\"_blank\" rel=\"noopener\"><b>Conozca c\u00f3mo llegar a nuestro bufete de abogados de compensaci\u00f3n laboral<\/b><\/a><\/p>\n<p>A continuaci\u00f3n, le explicamos los tipos de beneficios a los que puede tener derecho si su reclamaci\u00f3n es aprobada.<\/p>\n<h2>Tipos de Beneficios por Discapacidad<\/h2>\n<p>El sistema de compensaci\u00f3n laboral ofrece varios tipos de beneficios por discapacidad, dependiendo de la naturaleza y la gravedad de su lesi\u00f3n.<\/p>\n<h3>1. Incapacidad Total Temporal (TTD, por sus siglas en ingl\u00e9s)<\/h3>\n<p>Los beneficios por Incapacidad Total Temporal (TTD) aplican si no puede trabajar en absoluto mientras se recupera de su lesi\u00f3n. Estos beneficios cubren dos tercios (\u2154) de su salario semanal promedio (AWW), hasta un monto m\u00e1ximo establecido anualmente por el estado. Por ejemplo, si su AWW es de $900, podr\u00eda recibir $600 por semana en beneficios TTD. Estos pagos contin\u00faan hasta que su m\u00e9dico le autorice a regresar al trabajo o determine que ha alcanzado la mejor\u00eda m\u00e9dica m\u00e1xima (MMI, por sus siglas en ingl\u00e9s).<\/p>\n<h3>2. Incapacidad Parcial Temporal (TPD, por sus siglas en ingl\u00e9s)<\/h3>\n<p>Los beneficios por Incapacidad Parcial Temporal (TPD) est\u00e1n disponibles si puede regresar a trabajar, pero gana menos debido a su lesi\u00f3n. Estos beneficios ayudan a compensar la diferencia entre sus ingresos previos a la lesi\u00f3n y su salario reducido. El TPD se calcula como dos tercios (\u2154) de la diferencia entre su salario antes y despu\u00e9s de la lesi\u00f3n. Por ejemplo, si anteriormente ganaba $1,000 por semana y ahora gana $600, recibir\u00eda $266.67 en beneficios TPD.<\/p>\n<h3>3. Incapacidad Parcial Permanente (PPD, por sus siglas en ingl\u00e9s)<\/h3>\n<p>Si su lesi\u00f3n resulta en una discapacidad permanente, puede calificar para los beneficios por Incapacidad Parcial Permanente (PPD). El monto se basa en una calificaci\u00f3n de discapacidad (%) asignada por su m\u00e9dico a la parte del cuerpo afectada, multiplicada por la tasa de compensaci\u00f3n establecida por el estado durante un n\u00famero determinado de semanas. Por ejemplo, una calificaci\u00f3n de discapacidad del 10% en una mano lesionada podr\u00eda darle derecho a recibir una porci\u00f3n de su AWW por 20 semanas.<\/p>\n<h2>Compensaci\u00f3n M\u00e9dica<\/h2>\n<p>El sistema de compensaci\u00f3n laboral de Carolina del Norte tambi\u00e9n cubre los gastos m\u00e9dicos necesarios relacionados con su lesi\u00f3n, garantizando que reciba la atenci\u00f3n adecuada sin carga financiera.<\/p>\n<h3>1. Tratamiento y Terapia<\/h3>\n<h4>La compensaci\u00f3n m\u00e9dica aprobada incluye:<\/h4>\n<p>\u2705 Consultas m\u00e9dicas<br \/>\n\u2705 Hospitalizaci\u00f3n<br \/>\n\u2705 Cirug\u00edas<br \/>\n\u2705 Pruebas diagn\u00f3sticas<br \/>\n\u2705 Medicamentos recetados<\/p>\n<p>Adem\u00e1s, la terapia f\u00edsica y ocupacional est\u00e1 cubierta si es necesaria para restaurar la funcionalidad o mejorar la movilidad despu\u00e9s de una lesi\u00f3n.<\/p>\n<h3>2. Manejo del Dolor<\/h3>\n<h4>Para lesiones que causan dolor cr\u00f3nico, se pueden incluir tratamientos de manejo del dolor, como:<\/h4>\n<p>\ud83d\udd39 Inyecciones<br \/>\n\ud83d\udd39 Medicamentos<br \/>\n\ud83d\udd39 Otras terapias<\/p>\n<p>Estos tratamientos pueden mejorar su calidad de vida durante la recuperaci\u00f3n.<\/p>\n<h3>3. Rehabilitaci\u00f3n Vocacional<\/h3>\n<p>Si su lesi\u00f3n le impide regresar a su trabajo anterior, la compensaci\u00f3n laboral puede cubrir servicios de rehabilitaci\u00f3n vocacional.<\/p>\n<h4>Estos programas incluyen:<\/h4>\n<p>\u2714\ufe0f Capacitaci\u00f3n laboral<br \/>\n\u2714\ufe0f Desarrollo de nuevas habilidades<br \/>\n\u2714\ufe0f Asesoramiento profesional<\/p>\n<p>Todo esto con el objetivo de ayudarle a encontrar un empleo alternativo adecuado.<\/p>\n<h2>\u00bfPor qu\u00e9 Elegir Kornbluth Ginsberg Law Group?<\/h2>\n<p>Navegar por el sistema de compensaci\u00f3n laboral puede ser abrumador, especialmente cuando enfrenta una lesi\u00f3n grave. El equipo legal de <a href=\"https:\/\/www.kornbluthginsberg.com\/es\/acerca-de\/\">Kornbluth Ginsberg Law Group<\/a> tiene experiencia en ayudar a los trabajadores lesionados a obtener los beneficios a los que tiene derecho.<\/p>\n<p>Nuestros abogados especializados en compensaci\u00f3n laboral, <a href=\"https:\/\/www.kornbluthginsberg.com\/es\/abogados\/j-michael-mackay\/\">Lcdo. Mackay<\/a> y Lcdo. Shapiro, tienen m\u00e1s de 50 a\u00f1os de experiencia combinada en el manejo de estos casos en Carolina del Norte. Le guiaremos en cada paso del proceso, desde presentar su reclamaci\u00f3n hasta asegurarnos de que reciba todos los beneficios aplicables.<\/p>\n<p>Si ha sufrido una lesi\u00f3n en el trabajo, no deje su futuro financiero al azar.<\/p>\n<p>\ud83d\udcde <a href=\"https:\/\/www.kornbluthginsberg.com\/contact-us\/\">Cont\u00e1ctenos<\/a> hoy mismo o ll\u00e1menos 24\/7 al\u00a0<a href=\"tel: +19199809895\" data-ctm-watch-id=\"7\" data-ctm-tracked=\"1\" data-observe=\"1\" data-observer-id=\"3\">919-980-9895<\/a> para una consulta y perm\u00edtanos luchar por los beneficios que le corresponden.<\/p>\n<p>Al comprender sus derechos y los beneficios disponibles, podr\u00e1 concentrarse en lo que realmente importa: su recuperaci\u00f3n y su bienestar.<\/p>\n","protected":false},"excerpt":{"rendered":"<p>Si ha sufrido una lesi\u00f3n en el trabajo en Carolina del Norte, es posible que sea elegible para recibir beneficios de compensaci\u00f3n laboral. En Kornbluth Ginsberg Law Group, estamos comprometidos a ayudar a los trabajadores lesionados a navegar por las complejidades del sistema de compensaci\u00f3n laboral. Comun\u00edquese\u00a0con Kornbluth Ginsberg hoy o ll\u00e1menos 24\/7 al\u00a0919-980-9895\u00a0 para [&hellip;]<\/p>\n","protected":false},"author":17,"featured_media":22273,"parent":3346,"menu_order":0,"comment_status":"closed","ping_status":"closed","template":"","meta":{"_acf_changed":false,"footnotes":""},"class_list":["post-22259","page","type-page","status-publish","has-post-thumbnail","hentry"],"acf":[],"yoast_head":"<!-- This site is optimized with the Yoast SEO plugin v27.5 - https:\/\/yoast.com\/product\/yoast-seo-wordpress\/ -->\n<title>Beneficios de Compensaci\u00f3n Laboral en Carolina del Norte<\/title>\n<meta name=\"description\" content=\"Conozca los beneficios de compensaci\u00f3n laboral en NC, incluyendo atenci\u00f3n m\u00e9dica y pagos salariales. Kornbluth Ginsberg le orienta.\" \/>\n<meta name=\"robots\" content=\"index, follow, max-snippet:-1, max-image-preview:large, max-video-preview:-1\" \/>\n<link rel=\"canonical\" href=\"https:\/\/www.kornbluthginsberg.com\/es\/indemnizacion-por-accidente-laboral\/beneficios\/\" \/>\n<meta property=\"og:locale\" content=\"es_ES\" \/>\n<meta property=\"og:type\" content=\"article\" \/>\n<meta property=\"og:title\" content=\"Beneficios de Compensaci\u00f3n Laboral en Carolina del Norte\" \/>\n<meta property=\"og:description\" content=\"Conozca los beneficios de compensaci\u00f3n laboral en NC, incluyendo atenci\u00f3n m\u00e9dica y pagos salariales. Kornbluth Ginsberg le orienta.\" \/>\n<meta property=\"og:url\" content=\"https:\/\/www.kornbluthginsberg.com\/es\/indemnizacion-por-accidente-laboral\/beneficios\/\" \/>\n<meta property=\"og:site_name\" content=\"Kornbluth Ginsberg Law Group, P.A.\" \/>\n<meta property=\"article:publisher\" content=\"https:\/\/www.facebook.com\/p\/Kornbluth-Ginsberg-Law-Group-PA-100063533381851\/\" \/>\n<meta property=\"article:modified_time\" content=\"2026-04-23T16:09:33+00:00\" \/>\n<meta property=\"og:image\" content=\"https:\/\/www.kornbluthginsberg.com\/wp-content\/uploads\/2026\/01\/beneficios-de-compensacion-laboral-en-nc.png\" \/>\n\t<meta property=\"og:image:width\" content=\"930\" \/>\n\t<meta property=\"og:image:height\" content=\"360\" \/>\n\t<meta property=\"og:image:type\" content=\"image\/png\" \/>\n<meta name=\"twitter:card\" content=\"summary_large_image\" \/>\n<meta name=\"twitter:site\" content=\"@kornbluthginsb1\" \/>\n<meta name=\"twitter:label1\" content=\"Tiempo de lectura\" \/>\n\t<meta name=\"twitter:data1\" content=\"4 minutos\" \/>\n<!-- \/ Yoast SEO plugin. -->","yoast_head_json":{"title":"Beneficios de Compensaci\u00f3n Laboral en Carolina del Norte","description":"Conozca los beneficios de compensaci\u00f3n laboral en NC, incluyendo atenci\u00f3n m\u00e9dica y pagos salariales. Kornbluth Ginsberg le orienta.","robots":{"index":"index","follow":"follow","max-snippet":"max-snippet:-1","max-image-preview":"max-image-preview:large","max-video-preview":"max-video-preview:-1"},"canonical":"https:\/\/www.kornbluthginsberg.com\/es\/indemnizacion-por-accidente-laboral\/beneficios\/","og_locale":"es_ES","og_type":"article","og_title":"Beneficios de Compensaci\u00f3n Laboral en Carolina del Norte","og_description":"Conozca los beneficios de compensaci\u00f3n laboral en NC, incluyendo atenci\u00f3n m\u00e9dica y pagos salariales. Kornbluth Ginsberg le orienta.","og_url":"https:\/\/www.kornbluthginsberg.com\/es\/indemnizacion-por-accidente-laboral\/beneficios\/","og_site_name":"Kornbluth Ginsberg Law Group, P.A.","article_publisher":"https:\/\/www.facebook.com\/p\/Kornbluth-Ginsberg-Law-Group-PA-100063533381851\/","article_modified_time":"2026-04-23T16:09:33+00:00","og_image":[{"width":930,"height":360,"url":"https:\/\/www.kornbluthginsberg.com\/wp-content\/uploads\/2026\/01\/beneficios-de-compensacion-laboral-en-nc.png","type":"image\/png"}],"twitter_card":"summary_large_image","twitter_site":"@kornbluthginsb1","twitter_misc":{"Tiempo de lectura":"4 minutos"},"schema":{"@context":"https:\/\/schema.org","@graph":[{"@type":"WebPage","@id":"https:\/\/www.kornbluthginsberg.com\/es\/indemnizacion-por-accidente-laboral\/beneficios\/","url":"https:\/\/www.kornbluthginsberg.com\/es\/indemnizacion-por-accidente-laboral\/beneficios\/","name":"Beneficios de Compensaci\u00f3n Laboral en Carolina del Norte","isPartOf":{"@id":"https:\/\/www.kornbluthginsberg.com\/es\/#website"},"primaryImageOfPage":{"@id":"https:\/\/www.kornbluthginsberg.com\/es\/indemnizacion-por-accidente-laboral\/beneficios\/#primaryimage"},"image":{"@id":"https:\/\/www.kornbluthginsberg.com\/es\/indemnizacion-por-accidente-laboral\/beneficios\/#primaryimage"},"thumbnailUrl":"https:\/\/www.kornbluthginsberg.com\/wp-content\/uploads\/2026\/01\/beneficios-de-compensacion-laboral-en-nc.png","datePublished":"2026-01-27T20:06:53+00:00","dateModified":"2026-04-23T16:09:33+00:00","description":"Conozca los beneficios de compensaci\u00f3n laboral en NC, incluyendo atenci\u00f3n m\u00e9dica y pagos salariales. Kornbluth Ginsberg le orienta.","breadcrumb":{"@id":"https:\/\/www.kornbluthginsberg.com\/es\/indemnizacion-por-accidente-laboral\/beneficios\/#breadcrumb"},"inLanguage":"es","potentialAction":[{"@type":"ReadAction","target":["https:\/\/www.kornbluthginsberg.com\/es\/indemnizacion-por-accidente-laboral\/beneficios\/"]}]},{"@type":"ImageObject","inLanguage":"es","@id":"https:\/\/www.kornbluthginsberg.com\/es\/indemnizacion-por-accidente-laboral\/beneficios\/#primaryimage","url":"https:\/\/www.kornbluthginsberg.com\/wp-content\/uploads\/2026\/01\/beneficios-de-compensacion-laboral-en-nc.png","contentUrl":"https:\/\/www.kornbluthginsberg.com\/wp-content\/uploads\/2026\/01\/beneficios-de-compensacion-laboral-en-nc.png","width":930,"height":360,"caption":"Beneficios de Compensaci\u00f3n Laboral en NC"},{"@type":"BreadcrumbList","@id":"https:\/\/www.kornbluthginsberg.com\/es\/indemnizacion-por-accidente-laboral\/beneficios\/#breadcrumb","itemListElement":[{"@type":"ListItem","position":1,"name":"Inicio","item":"https:\/\/www.kornbluthginsberg.com\/es\/"},{"@type":"ListItem","position":2,"name":"Indemnizaci\u00f3n por Accidente Laboral","item":"https:\/\/www.kornbluthginsberg.com\/es\/indemnizacion-por-accidente-laboral\/"},{"@type":"ListItem","position":3,"name":"Beneficios"}]},{"@type":"WebSite","@id":"https:\/\/www.kornbluthginsberg.com\/es\/#website","url":"https:\/\/www.kornbluthginsberg.com\/es\/","name":"Kornbluth Ginsberg Law Group, P.A.","description":"","publisher":{"@id":"https:\/\/www.kornbluthginsberg.com\/es\/#organization"},"potentialAction":[{"@type":"SearchAction","target":{"@type":"EntryPoint","urlTemplate":"https:\/\/www.kornbluthginsberg.com\/es\/?s={search_term_string}"},"query-input":{"@type":"PropertyValueSpecification","valueRequired":true,"valueName":"search_term_string"}}],"inLanguage":"es"},{"@type":"Organization","@id":"https:\/\/www.kornbluthginsberg.com\/es\/#organization","name":"Kornbluth Ginsberg Law Group, P.A.","url":"https:\/\/www.kornbluthginsberg.com\/es\/","logo":{"@type":"ImageObject","inLanguage":"es","@id":"https:\/\/www.kornbluthginsberg.com\/es\/#\/schema\/logo\/image\/","url":"https:\/\/www.kornbluthginsberg.com\/wp-content\/uploads\/2024\/08\/logo-footer.svg","contentUrl":"https:\/\/www.kornbluthginsberg.com\/wp-content\/uploads\/2024\/08\/logo-footer.svg","width":1,"height":1,"caption":"Kornbluth Ginsberg Law Group, P.A."},"image":{"@id":"https:\/\/www.kornbluthginsberg.com\/es\/#\/schema\/logo\/image\/"},"sameAs":["https:\/\/www.facebook.com\/p\/Kornbluth-Ginsberg-Law-Group-PA-100063533381851\/","https:\/\/x.com\/kornbluthginsb1","https:\/\/www.linkedin.com\/company\/kornbluth-ginsberg-law-group-p-a\/about\/","https:\/\/www.yelp.com\/biz\/kornbluth-ginsberg-law-group-p-a-durham-3"]}]}},"_links":{"self":[{"href":"https:\/\/www.kornbluthginsberg.com\/es\/wp-json\/wp\/v2\/pages\/22259","targetHints":{"allow":["GET"]}}],"collection":[{"href":"https:\/\/www.kornbluthginsberg.com\/es\/wp-json\/wp\/v2\/pages"}],"about":[{"href":"https:\/\/www.kornbluthginsberg.com\/es\/wp-json\/wp\/v2\/types\/page"}],"author":[{"embeddable":true,"href":"https:\/\/www.kornbluthginsberg.com\/es\/wp-json\/wp\/v2\/users\/17"}],"replies":[{"embeddable":true,"href":"https:\/\/www.kornbluthginsberg.com\/es\/wp-json\/wp\/v2\/comments?post=22259"}],"version-history":[{"count":0,"href":"https:\/\/www.kornbluthginsberg.com\/es\/wp-json\/wp\/v2\/pages\/22259\/revisions"}],"up":[{"embeddable":true,"href":"https:\/\/www.kornbluthginsberg.com\/es\/wp-json\/wp\/v2\/pages\/3346"}],"wp:featuredmedia":[{"embeddable":true,"href":"https:\/\/www.kornbluthginsberg.com\/es\/wp-json\/wp\/v2\/media\/22273"}],"wp:attachment":[{"href":"https:\/\/www.kornbluthginsberg.com\/es\/wp-json\/wp\/v2\/media?parent=22259"}],"curies":[{"name":"wp","href":"https:\/\/api.w.org\/{rel}","templated":true}]}}