{"id":22225,"date":"2026-01-27T19:39:56","date_gmt":"2026-01-27T19:39:56","guid":{"rendered":"https:\/\/www.kornbluthginsberg.com\/?page_id=22225"},"modified":"2026-04-23T16:46:44","modified_gmt":"2026-04-23T16:46:44","slug":"reclamaciones-denegadas","status":"publish","type":"page","link":"https:\/\/www.kornbluthginsberg.com\/es\/indemnizacion-por-accidente-laboral\/reclamaciones-denegadas\/","title":{"rendered":"Reclamaciones Denegadas"},"content":{"rendered":"<p>Presentar una reclamaci\u00f3n de <a href=\"https:\/\/www.kornbluthginsberg.com\/es\/indemnizacion-por-accidente-laboral\/\">compensaci\u00f3n laboral en Carolina del Norte<\/a> deber\u00eda ser un proceso sencillo; sin embargo, lamentablemente, las reclamaciones a menudo son denegadas por diversas razones. Es importante saber que, aunque un patrono o una compa\u00f1\u00eda de seguros niegue su caso, eso no significa que todo haya terminado. Una denegaci\u00f3n puede ser solo un paso dentro del proceso, y es fundamental conocer sus derechos de aqu\u00ed en adelante.<\/p>\n<p>No enfrente esto solo.\u00a0<a href=\"https:\/\/www.kornbluthginsberg.com\/contact-us\/\">Comun\u00edquese<\/a>\u00a0con Kornbluth Ginsberg hoy o ll\u00e1menos 24\/7 al\u00a0<a href=\"tel: +19199809895\" data-ctm-watch-id=\"7\" data-ctm-tracked=\"1\" data-observe=\"1\" data-observer-id=\"3\">919-980-9895<\/a>\u00a0 para una consulta gratuita y sin compromiso, y perm\u00edtanos ayudarle a retomar su camino.<\/p>\n<p>Nuestra oficina est\u00e1 ubicada en\u00a0<strong data-start=\"49\" data-end=\"97\">3400 Croasdaile Drive, Suite 300, Durham.<\/strong>\u00a0Estamos aqu\u00ed para ayudarle a comprender sus opciones legales.<\/p>\n<p style=\"text-align: center;\"><a href=\"https:\/\/www.google.com\/maps\/dir\/\/Kornbluth+Ginsberg+Law+Group,+P.A.,+3400+Croasdaile+Dr+STE+300,+Durham,+NC+27705\/@36.0265831,-78.9509855,18z\/data=!4m17!1m7!3m6!1s0x89ace6f650868921:0x8f68d512f8a0d623!2sKornbluth+Ginsberg+Law+Group,+P.A.!8m2!3d36.0266048!4d-78.9520691!16s%2Fg%2F11g815t3y5!4m8!1m0!1m5!1m1!1s0x89ace6f650868921:0x8f68d512f8a0d623!2m2!1d-78.9520691!2d36.0266048!3e0?hl=en&amp;entry=ttu&amp;g_ep=EgoyMDI2MDEyNy4wIKXMDSoASAFQAw%3D%3D\" target=\"_blank\" rel=\"noopener\"><b>Conozca c\u00f3mo llegar a nuestro bufete de abogados de compensaci\u00f3n laboral<\/b><\/a><\/p>\n<p>A continuaci\u00f3n se presentan algunas de las razones m\u00e1s comunes por las que se deniegan las reclamaciones de compensaci\u00f3n laboral en Carolina del Norte, y qu\u00e9 puede hacer si se encuentra en esta situaci\u00f3n:<\/p>\n<h2>1. No Reportar la Lesi\u00f3n a Tiempo<\/h2>\n<p>La ley de Carolina del Norte exige que usted notifique a su patrono sobre una lesi\u00f3n laboral dentro de los 30 d\u00edas posteriores al incidente. Si se retrasa en reportarla, la compa\u00f1\u00eda de seguros puede argumentar que su lesi\u00f3n no est\u00e1 relacionada con el trabajo o que no es v\u00e1lida. Sabemos que la vida puede volverse ca\u00f3tica despu\u00e9s de una lesi\u00f3n, pero notificar a su patrono lo antes posible es fundamental. Si no cumpli\u00f3 con este plazo, no entre en p\u00e1nico. Podemos ayudarle a evaluar sus circunstancias y determinar si existen excepciones o maneras de apelar la denegaci\u00f3n.<\/p>\n<h2>2. Disputa sobre la Relaci\u00f3n entre su Lesi\u00f3n y el Trabajo<\/h2>\n<p>La aseguradora de compensaci\u00f3n laboral puede argumentar que su lesi\u00f3n no ocurri\u00f3 en el curso de su empleo. Por ejemplo, podr\u00edan alegar que sucedi\u00f3 fuera del trabajo o que no estaba relacionada con sus funciones laborales. Entendemos lo frustrantes que pueden ser estas disputas, especialmente cuando usted conoce la verdad. Nuestro equipo <a href=\"https:\/\/www.kornbluthginsberg.com\/es\/indemnizacion-por-accidente-laboral\/investigacion-de-reclamos\/\">reunir\u00e1 las pruebas necesarias<\/a> para demostrar que su lesi\u00f3n est\u00e1 relacionada con el trabajo, incluyendo registros m\u00e9dicos, declaraciones de testigos y opiniones de expertos.<\/p>\n<h2>3. No Buscar Tratamiento M\u00e9dico de Manera Oportuna<\/h2>\n<p>Si usted no busc\u00f3 atenci\u00f3n m\u00e9dica inmediatamente despu\u00e9s de la lesi\u00f3n, la compa\u00f1\u00eda de seguros puede cuestionar la gravedad o legitimidad de su reclamaci\u00f3n. Entendemos que, en ocasiones, los retrasos ocurren debido a confusi\u00f3n, preocupaciones financieras o falta de acceso a atenci\u00f3n inmediata. Nuestros abogados trabajar\u00e1n para establecer una l\u00ednea de tiempo clara de los hechos y demostrar la validez de su lesi\u00f3n.<\/p>\n<h2>4. Condiciones Preexistentes<\/h2>\n<p>Las compa\u00f1\u00edas de seguros a menudo utilizan condiciones preexistentes como motivo para negar reclamaciones, argumentando que la lesi\u00f3n no fue causada por su trabajo.<\/p>\n<p>Si bien es cierto que las condiciones preexistentes pueden complicar los casos, la ley de Carolina del Norte permite que los trabajadores reciban beneficios si su empleo agrav\u00f3 o empeor\u00f3 una condici\u00f3n pre-existente. Contamos con la experiencia necesaria para manejar estos casos complejos y asegurar que usted sea tratado de manera justa.<\/p>\n<h2>5. Errores Administrativos o Falta de Documentaci\u00f3n<\/h2>\n<p>Las reclamaciones de compensaci\u00f3n laboral implican una gran cantidad de papeleo, y cometer <a href=\"https:\/\/www.kornbluthginsberg.com\/es\/indemnizacion-por-accidente-laboral\/errores-comunes\/\">algunos errores<\/a> como no cumplir con un plazo o no presentar la documentaci\u00f3n requerida puede resultar en una denegaci\u00f3n. Entendemos lo f\u00e1cil que es sentirse abrumado por el proceso. Nuestro equipo puede encargarse de la carga administrativa, asegur\u00e1ndose de que su reclamaci\u00f3n se presente de manera correcta y a tiempo.<\/p>\n<h2>C\u00f3mo Podemos Ayudar<\/h2>\n<p>En <a href=\"https:\/\/www.kornbluthginsberg.com\/es\/acerca-de\/\">Kornbluth Ginsberg Law Group<\/a>, abordamos a cada cliente con empat\u00eda y determinaci\u00f3n. Sabemos que una reclamaci\u00f3n denegada puede hacerle sentir desesperanzado, pero es importante recordar que una denegaci\u00f3n no es el final del camino. Nuestro equipo de compensaci\u00f3n laboral tiene amplia experiencia apelando reclamaciones denegadas y ayudando a trabajadores lesionados a obtener los <a href=\"https:\/\/www.kornbluthginsberg.com\/es\/indemnizacion-por-accidente-laboral\/beneficios\/\">beneficios<\/a> que necesitan para sanar y seguir adelante.<\/p>\n<p>No tiene que enfrentar este desaf\u00edo solo. Si su reclamaci\u00f3n de compensaci\u00f3n laboral ha sido denegada, <a href=\"https:\/\/www.kornbluthginsberg.com\/contact-us\/\">cont\u00e1ctenos hoy<\/a> para una consulta gratuita. Estamos aqu\u00ed para escucharle, luchar por sus derechos y brindarle el apoyo que usted merece.<\/p>\n","protected":false},"excerpt":{"rendered":"<p>Presentar una reclamaci\u00f3n de compensaci\u00f3n laboral en Carolina del Norte deber\u00eda ser un proceso sencillo; sin embargo, lamentablemente, las reclamaciones a menudo son denegadas por diversas razones. Es importante saber que, aunque un patrono o una compa\u00f1\u00eda de seguros niegue su caso, eso no significa que todo haya terminado. Una denegaci\u00f3n puede ser solo un [&hellip;]<\/p>\n","protected":false},"author":17,"featured_media":22241,"parent":3346,"menu_order":0,"comment_status":"closed","ping_status":"closed","template":"","meta":{"_acf_changed":false,"footnotes":""},"class_list":["post-22225","page","type-page","status-publish","has-post-thumbnail","hentry"],"acf":[],"yoast_head":"<!-- This site is optimized with the Yoast SEO plugin v27.5 - https:\/\/yoast.com\/product\/yoast-seo-wordpress\/ -->\n<title>Reclamaciones de Compensaci\u00f3n Laboral Denegadas en NC<\/title>\n<meta name=\"description\" content=\"\u00bfLe negaron su reclamaci\u00f3n de compensaci\u00f3n laboral en NC? Conozca las razones comunes y c\u00f3mo Kornbluth Ginsberg puede ayudarle a apelar.\" \/>\n<meta name=\"robots\" content=\"index, follow, max-snippet:-1, max-image-preview:large, max-video-preview:-1\" \/>\n<link rel=\"canonical\" href=\"https:\/\/www.kornbluthginsberg.com\/es\/indemnizacion-por-accidente-laboral\/reclamaciones-denegadas\/\" \/>\n<meta property=\"og:locale\" content=\"es_ES\" \/>\n<meta property=\"og:type\" content=\"article\" \/>\n<meta property=\"og:title\" content=\"Reclamaciones de Compensaci\u00f3n Laboral Denegadas en NC\" \/>\n<meta property=\"og:description\" content=\"\u00bfLe negaron su reclamaci\u00f3n de compensaci\u00f3n laboral en NC? Conozca las razones comunes y c\u00f3mo Kornbluth Ginsberg puede ayudarle a apelar.\" \/>\n<meta property=\"og:url\" content=\"https:\/\/www.kornbluthginsberg.com\/es\/indemnizacion-por-accidente-laboral\/reclamaciones-denegadas\/\" \/>\n<meta property=\"og:site_name\" content=\"Kornbluth Ginsberg Law Group, P.A.\" \/>\n<meta property=\"article:publisher\" content=\"https:\/\/www.facebook.com\/p\/Kornbluth-Ginsberg-Law-Group-PA-100063533381851\/\" \/>\n<meta property=\"article:modified_time\" content=\"2026-04-23T16:46:44+00:00\" \/>\n<meta property=\"og:image\" content=\"https:\/\/www.kornbluthginsberg.com\/wp-content\/uploads\/2026\/01\/reclamaciones-denegadas.png\" \/>\n\t<meta property=\"og:image:width\" content=\"930\" \/>\n\t<meta property=\"og:image:height\" content=\"360\" \/>\n\t<meta property=\"og:image:type\" content=\"image\/png\" \/>\n<meta name=\"twitter:card\" content=\"summary_large_image\" \/>\n<meta name=\"twitter:site\" content=\"@kornbluthginsb1\" \/>\n<meta name=\"twitter:label1\" content=\"Tiempo de lectura\" \/>\n\t<meta name=\"twitter:data1\" content=\"4 minutos\" \/>\n<!-- \/ Yoast SEO plugin. -->","yoast_head_json":{"title":"Reclamaciones de Compensaci\u00f3n Laboral Denegadas en NC","description":"\u00bfLe negaron su reclamaci\u00f3n de compensaci\u00f3n laboral en NC? Conozca las razones comunes y c\u00f3mo Kornbluth Ginsberg puede ayudarle a apelar.","robots":{"index":"index","follow":"follow","max-snippet":"max-snippet:-1","max-image-preview":"max-image-preview:large","max-video-preview":"max-video-preview:-1"},"canonical":"https:\/\/www.kornbluthginsberg.com\/es\/indemnizacion-por-accidente-laboral\/reclamaciones-denegadas\/","og_locale":"es_ES","og_type":"article","og_title":"Reclamaciones de Compensaci\u00f3n Laboral Denegadas en NC","og_description":"\u00bfLe negaron su reclamaci\u00f3n de compensaci\u00f3n laboral en NC? Conozca las razones comunes y c\u00f3mo Kornbluth Ginsberg puede ayudarle a apelar.","og_url":"https:\/\/www.kornbluthginsberg.com\/es\/indemnizacion-por-accidente-laboral\/reclamaciones-denegadas\/","og_site_name":"Kornbluth Ginsberg Law Group, P.A.","article_publisher":"https:\/\/www.facebook.com\/p\/Kornbluth-Ginsberg-Law-Group-PA-100063533381851\/","article_modified_time":"2026-04-23T16:46:44+00:00","og_image":[{"width":930,"height":360,"url":"https:\/\/www.kornbluthginsberg.com\/wp-content\/uploads\/2026\/01\/reclamaciones-denegadas.png","type":"image\/png"}],"twitter_card":"summary_large_image","twitter_site":"@kornbluthginsb1","twitter_misc":{"Tiempo de lectura":"4 minutos"},"schema":{"@context":"https:\/\/schema.org","@graph":[{"@type":"WebPage","@id":"https:\/\/www.kornbluthginsberg.com\/es\/indemnizacion-por-accidente-laboral\/reclamaciones-denegadas\/","url":"https:\/\/www.kornbluthginsberg.com\/es\/indemnizacion-por-accidente-laboral\/reclamaciones-denegadas\/","name":"Reclamaciones de Compensaci\u00f3n Laboral Denegadas en NC","isPartOf":{"@id":"https:\/\/www.kornbluthginsberg.com\/es\/#website"},"primaryImageOfPage":{"@id":"https:\/\/www.kornbluthginsberg.com\/es\/indemnizacion-por-accidente-laboral\/reclamaciones-denegadas\/#primaryimage"},"image":{"@id":"https:\/\/www.kornbluthginsberg.com\/es\/indemnizacion-por-accidente-laboral\/reclamaciones-denegadas\/#primaryimage"},"thumbnailUrl":"https:\/\/www.kornbluthginsberg.com\/wp-content\/uploads\/2026\/01\/reclamaciones-denegadas.png","datePublished":"2026-01-27T19:39:56+00:00","dateModified":"2026-04-23T16:46:44+00:00","description":"\u00bfLe negaron su reclamaci\u00f3n de compensaci\u00f3n laboral en NC? Conozca las razones comunes y c\u00f3mo Kornbluth Ginsberg puede ayudarle a apelar.","breadcrumb":{"@id":"https:\/\/www.kornbluthginsberg.com\/es\/indemnizacion-por-accidente-laboral\/reclamaciones-denegadas\/#breadcrumb"},"inLanguage":"es","potentialAction":[{"@type":"ReadAction","target":["https:\/\/www.kornbluthginsberg.com\/es\/indemnizacion-por-accidente-laboral\/reclamaciones-denegadas\/"]}]},{"@type":"ImageObject","inLanguage":"es","@id":"https:\/\/www.kornbluthginsberg.com\/es\/indemnizacion-por-accidente-laboral\/reclamaciones-denegadas\/#primaryimage","url":"https:\/\/www.kornbluthginsberg.com\/wp-content\/uploads\/2026\/01\/reclamaciones-denegadas.png","contentUrl":"https:\/\/www.kornbluthginsberg.com\/wp-content\/uploads\/2026\/01\/reclamaciones-denegadas.png","width":930,"height":360,"caption":"Reclamaciones Denegadas"},{"@type":"BreadcrumbList","@id":"https:\/\/www.kornbluthginsberg.com\/es\/indemnizacion-por-accidente-laboral\/reclamaciones-denegadas\/#breadcrumb","itemListElement":[{"@type":"ListItem","position":1,"name":"Inicio","item":"https:\/\/www.kornbluthginsberg.com\/es\/"},{"@type":"ListItem","position":2,"name":"Indemnizaci\u00f3n por Accidente Laboral","item":"https:\/\/www.kornbluthginsberg.com\/es\/indemnizacion-por-accidente-laboral\/"},{"@type":"ListItem","position":3,"name":"Reclamaciones Denegadas"}]},{"@type":"WebSite","@id":"https:\/\/www.kornbluthginsberg.com\/es\/#website","url":"https:\/\/www.kornbluthginsberg.com\/es\/","name":"Kornbluth Ginsberg Law Group, P.A.","description":"","publisher":{"@id":"https:\/\/www.kornbluthginsberg.com\/es\/#organization"},"potentialAction":[{"@type":"SearchAction","target":{"@type":"EntryPoint","urlTemplate":"https:\/\/www.kornbluthginsberg.com\/es\/?s={search_term_string}"},"query-input":{"@type":"PropertyValueSpecification","valueRequired":true,"valueName":"search_term_string"}}],"inLanguage":"es"},{"@type":"Organization","@id":"https:\/\/www.kornbluthginsberg.com\/es\/#organization","name":"Kornbluth Ginsberg Law Group, P.A.","url":"https:\/\/www.kornbluthginsberg.com\/es\/","logo":{"@type":"ImageObject","inLanguage":"es","@id":"https:\/\/www.kornbluthginsberg.com\/es\/#\/schema\/logo\/image\/","url":"https:\/\/www.kornbluthginsberg.com\/wp-content\/uploads\/2024\/08\/logo-footer.svg","contentUrl":"https:\/\/www.kornbluthginsberg.com\/wp-content\/uploads\/2024\/08\/logo-footer.svg","width":1,"height":1,"caption":"Kornbluth Ginsberg Law Group, P.A."},"image":{"@id":"https:\/\/www.kornbluthginsberg.com\/es\/#\/schema\/logo\/image\/"},"sameAs":["https:\/\/www.facebook.com\/p\/Kornbluth-Ginsberg-Law-Group-PA-100063533381851\/","https:\/\/x.com\/kornbluthginsb1","https:\/\/www.linkedin.com\/company\/kornbluth-ginsberg-law-group-p-a\/about\/","https:\/\/www.yelp.com\/biz\/kornbluth-ginsberg-law-group-p-a-durham-3"]}]}},"_links":{"self":[{"href":"https:\/\/www.kornbluthginsberg.com\/es\/wp-json\/wp\/v2\/pages\/22225","targetHints":{"allow":["GET"]}}],"collection":[{"href":"https:\/\/www.kornbluthginsberg.com\/es\/wp-json\/wp\/v2\/pages"}],"about":[{"href":"https:\/\/www.kornbluthginsberg.com\/es\/wp-json\/wp\/v2\/types\/page"}],"author":[{"embeddable":true,"href":"https:\/\/www.kornbluthginsberg.com\/es\/wp-json\/wp\/v2\/users\/17"}],"replies":[{"embeddable":true,"href":"https:\/\/www.kornbluthginsberg.com\/es\/wp-json\/wp\/v2\/comments?post=22225"}],"version-history":[{"count":0,"href":"https:\/\/www.kornbluthginsberg.com\/es\/wp-json\/wp\/v2\/pages\/22225\/revisions"}],"up":[{"embeddable":true,"href":"https:\/\/www.kornbluthginsberg.com\/es\/wp-json\/wp\/v2\/pages\/3346"}],"wp:featuredmedia":[{"embeddable":true,"href":"https:\/\/www.kornbluthginsberg.com\/es\/wp-json\/wp\/v2\/media\/22241"}],"wp:attachment":[{"href":"https:\/\/www.kornbluthginsberg.com\/es\/wp-json\/wp\/v2\/media?parent=22225"}],"curies":[{"name":"wp","href":"https:\/\/api.w.org\/{rel}","templated":true}]}}