{"id":20497,"date":"2026-01-15T20:53:49","date_gmt":"2026-01-15T20:53:49","guid":{"rendered":"https:\/\/www.kornbluthginsberg.com\/?page_id=20497"},"modified":"2026-04-23T16:34:33","modified_gmt":"2026-04-23T16:34:33","slug":"investigacion-de-reclamos","status":"publish","type":"page","link":"https:\/\/www.kornbluthginsberg.com\/es\/indemnizacion-por-accidente-laboral\/investigacion-de-reclamos\/","title":{"rendered":"Investigaci\u00f3n de Reclamos"},"content":{"rendered":"<p>Cuando usted presenta una reclamaci\u00f3n de compensaci\u00f3n laboral, puede asumir que se trata de un proceso sencillo. Despu\u00e9s de todo, usted sufri\u00f3 una lesi\u00f3n en el trabajo y el seguro de su patrono se supone que debe cubrir sus gastos m\u00e9dicos y su p\u00e9rdida de ingresos. Sin embargo, las compa\u00f1\u00edas de seguros suelen investigar las reclamaciones de manera rigurosa para minimizar los pagos. Comprender las t\u00e1cticas que utilizan puede ayudarle a proteger sus derechos y a manejar el proceso de manera eficaz.<\/p>\n<p>No enfrente esto solo.\u00a0<a href=\"https:\/\/www.kornbluthginsberg.com\/contact-us\/\">Comun\u00edquese<\/a>\u00a0con Kornbluth Ginsberg hoy o ll\u00e1menos 24\/7 al\u00a0<a href=\"tel: +19199809895\" data-ctm-watch-id=\"7\" data-ctm-tracked=\"1\" data-observe=\"1\" data-observer-id=\"3\">919-980-9895<\/a>\u00a0 para una consulta gratuita y sin compromiso, y perm\u00edtanos ayudarle a retomar su camino.<\/p>\n<p>Nuestra oficina est\u00e1 ubicada en\u00a0<strong data-start=\"49\" data-end=\"97\">3400 Croasdaile Drive, Suite 300, Durham.<\/strong>\u00a0Estamos aqu\u00ed para ayudarle a comprender sus opciones legales.<\/p>\n<p style=\"text-align: center;\"><a href=\"https:\/\/www.google.com\/maps\/dir\/\/Kornbluth+Ginsberg+Law+Group,+P.A.,+3400+Croasdaile+Dr+STE+300,+Durham,+NC+27705\/@36.0265831,-78.9509855,18z\/data=!4m17!1m7!3m6!1s0x89ace6f650868921:0x8f68d512f8a0d623!2sKornbluth+Ginsberg+Law+Group,+P.A.!8m2!3d36.0266048!4d-78.9520691!16s%2Fg%2F11g815t3y5!4m8!1m0!1m5!1m1!1s0x89ace6f650868921:0x8f68d512f8a0d623!2m2!1d-78.9520691!2d36.0266048!3e0?hl=en&amp;entry=ttu&amp;g_ep=EgoyMDI2MDEyNy4wIKXMDSoASAFQAw%3D%3D\" target=\"_blank\" rel=\"noopener\"><b>Conozca c\u00f3mo llegar a nuestro bufete de abogados de compensaci\u00f3n laboral<\/b><\/a><\/p>\n<p>A continuaci\u00f3n, se presenta un resumen de las estrategias que las compa\u00f1\u00edas de seguros utilizan com\u00fanmente para examinar e investigar las reclamaciones de <a href=\"https:\/\/www.kornbluthginsberg.com\/es\/indemnizacion-por-accidente-laboral\/\">compensaci\u00f3n laboral<\/a>:<\/p>\n<h2>1. Monitoreo de la Actividad en Redes Sociales<\/h2>\n<p>Las redes sociales se han convertido en una herramienta poderosa para las compa\u00f1\u00edas de seguros. Los ajustadores pueden revisar sus cuentas de Facebook, Instagram, Twitter u otras plataformas en busca de pruebas para disputar su reclamaci\u00f3n. Por ejemplo, si usted publica fotos o videos realizando actividades que contradicen las lesiones que ha declarado, incluso si parecen inofensivas, la aseguradora podr\u00eda utilizarlas como evidencia en su contra.<\/p>\n<p>Por ejemplo, si usted alega una lesi\u00f3n en la espalda pero publica una foto trabajando en el jard\u00edn o jugando con sus hijos, la compa\u00f1\u00eda de seguros podr\u00eda argumentar que no est\u00e1 tan lesionado como afirma. Incluso publicaciones de amigos o familiares que lo etiqueten en actividades pueden generar sospechas. Es fundamental ajustar sus configuraciones de privacidad y ser cuidadoso con lo que usted u otras personas compartan mientras su reclamaci\u00f3n est\u00e9 activa.<\/p>\n<h2>2. Uso de Investigadores Privados<\/h2>\n<p>En algunos casos, las compa\u00f1\u00edas de seguros contratan investigadores privados para observar a los reclamantes en persona. Estos investigadores pueden seguirle, tomar fotograf\u00edas o grabar videos para recopilar pruebas sobre sus actividades diarias.<\/p>\n<p>Esta vigilancia suele ocurrir cuando usted sale de su hogar, por ejemplo, al hacer diligencias o asistir a citas m\u00e9dicas. Si lo observan levantando objetos pesados, haciendo ejercicio o participando en actividades f\u00edsicas que parezcan inconsistentes con sus lesiones, esto podr\u00eda utilizarse para cuestionar su reclamaci\u00f3n.<\/p>\n<p>Los investigadores privados tambi\u00e9n pueden entrevistar a vecinos o compa\u00f1eros de trabajo para obtener m\u00e1s informaci\u00f3n sobre su estilo de vida y sus actividades antes y despu\u00e9s de la lesi\u00f3n.<\/p>\n<h2>3. Toma de Declaraciones Grabadas<\/h2>\n<p>Poco despu\u00e9s de que usted presenta su reclamaci\u00f3n, la compa\u00f1\u00eda de seguros puede solicitarle una declaraci\u00f3n grabada. Aunque esto pueda parecer una parte rutinaria del proceso, estas declaraciones suelen utilizarse para encontrar inconsistencias en su versi\u00f3n de los hechos.<\/p>\n<p>Los ajustadores de seguros est\u00e1n capacitados para hacer preguntas sugestivas o enga\u00f1osas que pueden llevarle a decir algo que perjudique su reclamaci\u00f3n. Por ejemplo, pueden pedirle que describa su lesi\u00f3n en detalle varias veces para identificar contradicciones en su relato.<\/p>\n<p>Usted no est\u00e1 legalmente obligado a proporcionar una declaraci\u00f3n grabada sin antes consultar con un abogado. Contar con un abogado con experiencia en compensaci\u00f3n laboral puede ayudarle a evitar que da\u00f1e su caso de manera involuntaria.<\/p>\n<h2>Protegiendo Sus Derechos<\/h2>\n<p>En <a href=\"https:\/\/www.kornbluthginsberg.com\/es\/acerca-de\/\">Kornbluth Ginsberg Law Group<\/a>, sabemos lo intimidantes que pueden ser estas investigaciones, especialmente cuando usted est\u00e1 tratando de recuperarse de una lesi\u00f3n. Por eso, nuestro equipo de compensaci\u00f3n laboral est\u00e1 dedicado a proteger sus derechos y a asegurarse de que <a href=\"https:\/\/www.kornbluthginsberg.com\/es\/indemnizacion-por-accidente-laboral\/beneficios\/\">reciba los beneficios<\/a> que merece.<\/p>\n<p>Si est\u00e1 enfrentando una reclamaci\u00f3n de compensaci\u00f3n laboral, recuerde que las compa\u00f1\u00edas de seguros no est\u00e1n de su lado. Utilizar\u00e1n todas las herramientas a su disposici\u00f3n para <a href=\"https:\/\/www.kornbluthginsberg.com\/es\/indemnizacion-por-accidente-laboral\/reclamaciones-denegadas\/\">reducir o negar<\/a> sus beneficios.<\/p>\n<p><a href=\"https:\/\/www.kornbluthginsberg.com\/contact-us\/\">Cont\u00e1ctenos hoy<\/a> o llame a nuestra oficina en Durham 24\/7 al <a href=\"tel: +19199809895\" data-ctm-watch-id=\"7\" data-ctm-tracked=\"1\" data-observe=\"1\" data-observer-id=\"3\">919-980-9895<\/a> para una consulta gratuita y perm\u00edtanos ayudarle a navegar el proceso de reclamaci\u00f3n con confianza.<\/p>\n","protected":false},"excerpt":{"rendered":"<p>Cuando usted presenta una reclamaci\u00f3n de compensaci\u00f3n laboral, puede asumir que se trata de un proceso sencillo. Despu\u00e9s de todo, usted sufri\u00f3 una lesi\u00f3n en el trabajo y el seguro de su patrono se supone que debe cubrir sus gastos m\u00e9dicos y su p\u00e9rdida de ingresos. Sin embargo, las compa\u00f1\u00edas de seguros suelen investigar las [&hellip;]<\/p>\n","protected":false},"author":17,"featured_media":20512,"parent":3346,"menu_order":0,"comment_status":"closed","ping_status":"closed","template":"","meta":{"_acf_changed":false,"footnotes":""},"class_list":["post-20497","page","type-page","status-publish","has-post-thumbnail","hentry"],"acf":[],"yoast_head":"<!-- This site is optimized with the Yoast SEO plugin v27.5 - https:\/\/yoast.com\/product\/yoast-seo-wordpress\/ -->\n<title>Investigaci\u00f3n de Reclamos de Compensaci\u00f3n Laboral<\/title>\n<meta name=\"description\" content=\"Conozca c\u00f3mo las aseguradoras investigan las reclamaciones de compensaci\u00f3n laboral y c\u00f3mo proteger sus derechos con Kornbluth Ginsberg.\" \/>\n<meta name=\"robots\" content=\"index, follow, max-snippet:-1, max-image-preview:large, max-video-preview:-1\" \/>\n<link rel=\"canonical\" href=\"https:\/\/www.kornbluthginsberg.com\/es\/indemnizacion-por-accidente-laboral\/investigacion-de-reclamos\/\" \/>\n<meta property=\"og:locale\" content=\"es_ES\" \/>\n<meta property=\"og:type\" content=\"article\" \/>\n<meta property=\"og:title\" content=\"Investigaci\u00f3n de Reclamos de Compensaci\u00f3n Laboral\" \/>\n<meta property=\"og:description\" content=\"Conozca c\u00f3mo las aseguradoras investigan las reclamaciones de compensaci\u00f3n laboral y c\u00f3mo proteger sus derechos con Kornbluth Ginsberg.\" \/>\n<meta property=\"og:url\" content=\"https:\/\/www.kornbluthginsberg.com\/es\/indemnizacion-por-accidente-laboral\/investigacion-de-reclamos\/\" \/>\n<meta property=\"og:site_name\" content=\"Kornbluth Ginsberg Law Group, P.A.\" \/>\n<meta property=\"article:publisher\" content=\"https:\/\/www.facebook.com\/p\/Kornbluth-Ginsberg-Law-Group-PA-100063533381851\/\" \/>\n<meta property=\"article:modified_time\" content=\"2026-04-23T16:34:33+00:00\" \/>\n<meta property=\"og:image\" content=\"https:\/\/www.kornbluthginsberg.com\/wp-content\/uploads\/2026\/01\/iInvestigacion-de-reclamos-de-compensacion-laboral.png\" \/>\n\t<meta property=\"og:image:width\" content=\"930\" \/>\n\t<meta property=\"og:image:height\" content=\"360\" \/>\n\t<meta property=\"og:image:type\" content=\"image\/png\" \/>\n<meta name=\"twitter:card\" content=\"summary_large_image\" \/>\n<meta name=\"twitter:site\" content=\"@kornbluthginsb1\" \/>\n<meta name=\"twitter:label1\" content=\"Tiempo de lectura\" \/>\n\t<meta name=\"twitter:data1\" content=\"4 minutos\" \/>\n<!-- \/ Yoast SEO plugin. -->","yoast_head_json":{"title":"Investigaci\u00f3n de Reclamos de Compensaci\u00f3n Laboral","description":"Conozca c\u00f3mo las aseguradoras investigan las reclamaciones de compensaci\u00f3n laboral y c\u00f3mo proteger sus derechos con Kornbluth Ginsberg.","robots":{"index":"index","follow":"follow","max-snippet":"max-snippet:-1","max-image-preview":"max-image-preview:large","max-video-preview":"max-video-preview:-1"},"canonical":"https:\/\/www.kornbluthginsberg.com\/es\/indemnizacion-por-accidente-laboral\/investigacion-de-reclamos\/","og_locale":"es_ES","og_type":"article","og_title":"Investigaci\u00f3n de Reclamos de Compensaci\u00f3n Laboral","og_description":"Conozca c\u00f3mo las aseguradoras investigan las reclamaciones de compensaci\u00f3n laboral y c\u00f3mo proteger sus derechos con Kornbluth Ginsberg.","og_url":"https:\/\/www.kornbluthginsberg.com\/es\/indemnizacion-por-accidente-laboral\/investigacion-de-reclamos\/","og_site_name":"Kornbluth Ginsberg Law Group, P.A.","article_publisher":"https:\/\/www.facebook.com\/p\/Kornbluth-Ginsberg-Law-Group-PA-100063533381851\/","article_modified_time":"2026-04-23T16:34:33+00:00","og_image":[{"width":930,"height":360,"url":"https:\/\/www.kornbluthginsberg.com\/wp-content\/uploads\/2026\/01\/iInvestigacion-de-reclamos-de-compensacion-laboral.png","type":"image\/png"}],"twitter_card":"summary_large_image","twitter_site":"@kornbluthginsb1","twitter_misc":{"Tiempo de lectura":"4 minutos"},"schema":{"@context":"https:\/\/schema.org","@graph":[{"@type":"WebPage","@id":"https:\/\/www.kornbluthginsberg.com\/es\/indemnizacion-por-accidente-laboral\/investigacion-de-reclamos\/","url":"https:\/\/www.kornbluthginsberg.com\/es\/indemnizacion-por-accidente-laboral\/investigacion-de-reclamos\/","name":"Investigaci\u00f3n de Reclamos de Compensaci\u00f3n Laboral","isPartOf":{"@id":"https:\/\/www.kornbluthginsberg.com\/es\/#website"},"primaryImageOfPage":{"@id":"https:\/\/www.kornbluthginsberg.com\/es\/indemnizacion-por-accidente-laboral\/investigacion-de-reclamos\/#primaryimage"},"image":{"@id":"https:\/\/www.kornbluthginsberg.com\/es\/indemnizacion-por-accidente-laboral\/investigacion-de-reclamos\/#primaryimage"},"thumbnailUrl":"https:\/\/www.kornbluthginsberg.com\/wp-content\/uploads\/2026\/01\/iInvestigacion-de-reclamos-de-compensacion-laboral.png","datePublished":"2026-01-15T20:53:49+00:00","dateModified":"2026-04-23T16:34:33+00:00","description":"Conozca c\u00f3mo las aseguradoras investigan las reclamaciones de compensaci\u00f3n laboral y c\u00f3mo proteger sus derechos con Kornbluth Ginsberg.","breadcrumb":{"@id":"https:\/\/www.kornbluthginsberg.com\/es\/indemnizacion-por-accidente-laboral\/investigacion-de-reclamos\/#breadcrumb"},"inLanguage":"es","potentialAction":[{"@type":"ReadAction","target":["https:\/\/www.kornbluthginsberg.com\/es\/indemnizacion-por-accidente-laboral\/investigacion-de-reclamos\/"]}]},{"@type":"ImageObject","inLanguage":"es","@id":"https:\/\/www.kornbluthginsberg.com\/es\/indemnizacion-por-accidente-laboral\/investigacion-de-reclamos\/#primaryimage","url":"https:\/\/www.kornbluthginsberg.com\/wp-content\/uploads\/2026\/01\/iInvestigacion-de-reclamos-de-compensacion-laboral.png","contentUrl":"https:\/\/www.kornbluthginsberg.com\/wp-content\/uploads\/2026\/01\/iInvestigacion-de-reclamos-de-compensacion-laboral.png","width":930,"height":360,"caption":"Investigaci\u00f3n de Reclamos de Compensaci\u00f3n Laboral"},{"@type":"BreadcrumbList","@id":"https:\/\/www.kornbluthginsberg.com\/es\/indemnizacion-por-accidente-laboral\/investigacion-de-reclamos\/#breadcrumb","itemListElement":[{"@type":"ListItem","position":1,"name":"Inicio","item":"https:\/\/www.kornbluthginsberg.com\/es\/"},{"@type":"ListItem","position":2,"name":"Indemnizaci\u00f3n por Accidente Laboral","item":"https:\/\/www.kornbluthginsberg.com\/es\/indemnizacion-por-accidente-laboral\/"},{"@type":"ListItem","position":3,"name":"Investigaci\u00f3n de Reclamos"}]},{"@type":"WebSite","@id":"https:\/\/www.kornbluthginsberg.com\/es\/#website","url":"https:\/\/www.kornbluthginsberg.com\/es\/","name":"Kornbluth Ginsberg Law Group, P.A.","description":"","publisher":{"@id":"https:\/\/www.kornbluthginsberg.com\/es\/#organization"},"potentialAction":[{"@type":"SearchAction","target":{"@type":"EntryPoint","urlTemplate":"https:\/\/www.kornbluthginsberg.com\/es\/?s={search_term_string}"},"query-input":{"@type":"PropertyValueSpecification","valueRequired":true,"valueName":"search_term_string"}}],"inLanguage":"es"},{"@type":"Organization","@id":"https:\/\/www.kornbluthginsberg.com\/es\/#organization","name":"Kornbluth Ginsberg Law Group, P.A.","url":"https:\/\/www.kornbluthginsberg.com\/es\/","logo":{"@type":"ImageObject","inLanguage":"es","@id":"https:\/\/www.kornbluthginsberg.com\/es\/#\/schema\/logo\/image\/","url":"https:\/\/www.kornbluthginsberg.com\/wp-content\/uploads\/2024\/08\/logo-footer.svg","contentUrl":"https:\/\/www.kornbluthginsberg.com\/wp-content\/uploads\/2024\/08\/logo-footer.svg","width":1,"height":1,"caption":"Kornbluth Ginsberg Law Group, P.A."},"image":{"@id":"https:\/\/www.kornbluthginsberg.com\/es\/#\/schema\/logo\/image\/"},"sameAs":["https:\/\/www.facebook.com\/p\/Kornbluth-Ginsberg-Law-Group-PA-100063533381851\/","https:\/\/x.com\/kornbluthginsb1","https:\/\/www.linkedin.com\/company\/kornbluth-ginsberg-law-group-p-a\/about\/","https:\/\/www.yelp.com\/biz\/kornbluth-ginsberg-law-group-p-a-durham-3"]}]}},"_links":{"self":[{"href":"https:\/\/www.kornbluthginsberg.com\/es\/wp-json\/wp\/v2\/pages\/20497","targetHints":{"allow":["GET"]}}],"collection":[{"href":"https:\/\/www.kornbluthginsberg.com\/es\/wp-json\/wp\/v2\/pages"}],"about":[{"href":"https:\/\/www.kornbluthginsberg.com\/es\/wp-json\/wp\/v2\/types\/page"}],"author":[{"embeddable":true,"href":"https:\/\/www.kornbluthginsberg.com\/es\/wp-json\/wp\/v2\/users\/17"}],"replies":[{"embeddable":true,"href":"https:\/\/www.kornbluthginsberg.com\/es\/wp-json\/wp\/v2\/comments?post=20497"}],"version-history":[{"count":0,"href":"https:\/\/www.kornbluthginsberg.com\/es\/wp-json\/wp\/v2\/pages\/20497\/revisions"}],"up":[{"embeddable":true,"href":"https:\/\/www.kornbluthginsberg.com\/es\/wp-json\/wp\/v2\/pages\/3346"}],"wp:featuredmedia":[{"embeddable":true,"href":"https:\/\/www.kornbluthginsberg.com\/es\/wp-json\/wp\/v2\/media\/20512"}],"wp:attachment":[{"href":"https:\/\/www.kornbluthginsberg.com\/es\/wp-json\/wp\/v2\/media?parent=20497"}],"curies":[{"name":"wp","href":"https:\/\/api.w.org\/{rel}","templated":true}]}}